{"id":3531,"date":"2025-05-20T11:34:13","date_gmt":"2025-05-20T15:34:13","guid":{"rendered":"https:\/\/accessibility.ecampusontario.ca\/anonymous-staff-at-college\/"},"modified":"2025-05-26T14:25:54","modified_gmt":"2025-05-26T18:25:54","slug":"anonymous-staff","status":"publish","type":"page","link":"https:\/\/accessibility.ecampusontario.ca\/fr\/accessibilite\/bases\/lived-experience-repository\/anonymous-staff\/","title":{"rendered":"Anonyme Sp\u00e9cialiste en technologies d\u2019assistance"},"content":{"rendered":"<p>[et_pb_section fb_built=\u00a0\u00bb1&Prime; fullwidth=\u00a0\u00bbon\u00a0\u00bb _builder_version=\u00a0\u00bb4.23.4&Prime; _module_preset=\u00a0\u00bbdefault\u00a0\u00bb global_colors_info=\u00a0\u00bb{}\u00a0\u00bb][et_pb_fullwidth_code _builder_version=\u00a0\u00bb4.23.4&Prime; _module_preset=\u00a0\u00bbdefault\u00a0\u00bb hover_enabled=\u00a0\u00bb0&Prime; global_colors_info=\u00a0\u00bb{}\u00a0\u00bb sticky_enabled=\u00a0\u00bb0&Prime;]<\/p>\n<div class=\"ec-banner-main\"><!-- [et_pb_line_break_holder] -->  <\/p>\n<div class=\"ec-banner-content\"><!-- [et_pb_line_break_holder] -->    <\/p>\n<h1>R\u00e9pertoire des exp\u00e9riences v\u00e9cues<\/h1>\n<p><!-- [et_pb_line_break_holder] --><!-- [et_pb_line_break_holder] -->  <\/div>\n<p><!-- [et_pb_line_break_holder] -->  <\/p>\n<div class=\"ec-banner-img\"><!-- [et_pb_line_break_holder] -->    <img decoding=\"async\" alt=\"\" src=\"\/wp-content\/uploads\/2025\/05\/Landing-header-image.jpg\"><!-- [et_pb_line_break_holder] -->  <\/div>\n<p><!-- [et_pb_line_break_holder] --><\/div>\n<p><!-- [et_pb_line_break_holder] --><\/p>\n<div class=\"ec-breadcrumbs\"><\/div>\n<p><!-- [et_pb_line_break_holder] --><\/p>\n<section class=\"alternating-read-more-blocks\"><!-- [et_pb_line_break_holder] -->  <\/p>\n<div class=\"ec-heading-row\"><!-- [et_pb_line_break_holder] -->    <\/p>\n<h2>Histoires<\/h2>\n<p><!-- [et_pb_line_break_holder] -->  <\/div>\n<p><!-- [et_pb_line_break_holder] --><\/section>\n<p><!-- [et_pb_line_break_holder] --><!-- [et_pb_line_break_holder] --><!-- [et_pb_line_break_holder] --><\/p>\n<div class=\"ec-row pb-0\"><!-- [et_pb_line_break_holder] -->  <!-- [et_pb_line_break_holder] -->  <\/p>\n<div  class=\"ec-col ec-col-8w pb-0\"><!-- [et_pb_line_break_holder] -->    <\/p>\n<h3><!-- [et_pb_line_break_holder] -->      Anonyme, Sp\u00e9cialiste en technologies d\u2019assistance <\/h3>\n<p><!-- [et_pb_line_break_holder] -->      <!-- [et_pb_line_break_holder] -->      <pee> Coll\u00e8ge <!-- [et_pb_line_break_holder] -->    <\/pee><!-- [et_pb_line_break_holder] -->  <\/div>\n<p><!-- [et_pb_line_break_holder] --><\/div>\n<p><!-- [et_pb_line_break_holder] --><\/p>\n<div class=\"ec-row\"><!-- [et_pb_line_break_holder] -->  <\/p>\n<div class=\"ec-col ec-col-4w\"><!-- [et_pb_line_break_holder] -->    <img decoding=\"async\"  alt=\"\" src=\"\/wp-content\/uploads\/2025\/05\/staff-icon.png\"><!-- [et_pb_line_break_holder] -->  <\/div>\n<p><!-- [et_pb_line_break_holder] -->  <\/p>\n<div class=\"ec-col ec-col-8w\"><!-- [et_pb_line_break_holder] -->     <\/p>\n<div class=\"ec-accordion\"><!-- [et_pb_line_break_holder] -->      <\/p>\n<div class=\"ec-accordion-item\"><!-- [et_pb_line_break_holder] -->        <\/p>\n<h3>Les d\u00e9fis du parcours scolaire<\/h3>\n<p><!-- [et_pb_line_break_holder] -->        <pee>J\u2019ai d\u00fb affronter d\u2019importantes difficult\u00e9s scolaires qui \u00e9taient probablement dues \u00e0 un trouble d\u2019apprentissage non diagnostiqu\u00e9 pour lequel je n\u2019ai jamais eu d\u2019aide. Malgr\u00e9 mes capacit\u00e9s, j\u2019ai d\u00fb me d\u00e9brouiller sans assistance appropri\u00e9e. J\u2019ai eu l\u2019impression de passer entre les mailles du filet. Ce n\u2019est qu\u2019\u00e0 l\u2019universit\u00e9 que j\u2019ai d\u00e9couvert mon potentiel et appris des strat\u00e9gies d\u2019\u00e9tude efficaces malgr\u00e9 le manque de technologie et de ressources disponibles. De retour sur les bancs d\u2019\u00e9cole \u00e0 l\u2019\u00e2ge adulte, j\u2019ai enfin r\u00e9ussi \u00e0 exceller parce que j\u2019avais acc\u00e8s aux ressources, strat\u00e9gies et technologies appropri\u00e9es. Aujourd\u2019hui, en tant qu\u2019adulte d\u2019un certain \u00e2ge \u00e9prouvant une perte auditive, je comprends personnellement les difficult\u00e9s th\u00e9oriques et pratiques li\u00e9es aux handicaps, et je milite pour l\u2019accessibilit\u00e9 dans mon travail. <!-- [et_pb_line_break_holder] -->En r\u00e9fl\u00e9chissant \u00e0 mon parcours, je reconnais l\u2019importance de soutenir les personnes handicap\u00e9es en raison de mon exp\u00e9rience personnelle et de ce que j\u2019ai observ\u00e9 chez mes \u00e9tudiantes et \u00e9tudiants pendant plus de vingt ans. Gr\u00e2ce \u00e0 mes exp\u00e9riences personnelles et professionnelles, je comprends le besoin de soutien et d\u2019accessibilit\u00e9 dans le domaine de l\u2019\u00e9ducation. Je fais ce travail en raison de mon profil particulier combinant difficult\u00e9s personnelles et soutien professionnel engag\u00e9, un parcours que bien des gens dans le domaine de l\u2019accessibilit\u00e9 partagent, motiv\u00e9s par une compr\u00e9hension commune des d\u00e9fis auxquels font face les personnes handicap\u00e9es. <\/pee><!-- [et_pb_line_break_holder] -->   <\/div>\n<p><!-- [et_pb_line_break_holder] -->    <\/p>\n<div class=\"ec-accordion-item\"><!-- [et_pb_line_break_holder] -->        <\/p>\n<h3>Acc\u00e8s aux ressources p\u00e9dagogiques num\u00e9riques<\/h3>\n<p><!-- [et_pb_line_break_holder] -->        <pee>Je travaille dans le domaine des technologies d\u2019accessibilit\u00e9, en particulier avec les technologies num\u00e9riques. Dans ma carri\u00e8re, j\u2019ai observ\u00e9 une progression constante de l\u2019inclusion et de l\u2019acc\u00e8s aux technologies d\u2019accessibilit\u00e9.  Lorsque j\u2019ai commenc\u00e9 \u00e0 travailler dans ce domaine, pour les formats accessibles, il fallait envoyer une demande pour que quelqu\u2019un lise le manuel en s\u2019enregistrant sur une cassette, laquelle \u00e9tait ensuite envoy\u00e9e \u00e0 l\u2019\u00e9tudiante ou l\u2019\u00e9tudiant. Le processus \u00e9tait relativement long.  J\u2019ai \u00e9t\u00e9 t\u00e9moin de toute une \u00e9volution depuis. Il est devenu possible de num\u00e9riser les livres et de les transformer en fichiers PDF pouvant \u00eatre lus par synth\u00e8se vocale.  <!-- [et_pb_line_break_holder] -->Les lois, comme la Loi de 2005 sur l\u2019accessibilit\u00e9 pour les personnes handicap\u00e9es de l\u2019Ontario\u202f(LAPHO), ont \u00e9galement permis de r\u00e9aliser des progr\u00e8s en exigeant que les \u00e9tablissements mettent en place des politiques de soutien aux personnes handicap\u00e9es. J\u2019ai aussi observ\u00e9 une volont\u00e9 marqu\u00e9e de recourir aux ressources \u00e9ducatives libres\u202f(REL), qui offrent accessibilit\u00e9 et flexibilit\u00e9 num\u00e9rique tout en \u00e9tant \u00e9conomiques. Il est essentiel que les ambassadrices et ambassadeurs comme moi fassent la promotion du recours aux REL et s\u2019\u00e9loignent des plateformes co\u00fbteuses et inaccessibles offertes par les \u00e9diteurs traditionnels. <\/pee><!-- [et_pb_line_break_holder] -->   <\/div>\n<p><!-- [et_pb_line_break_holder] -->     <\/p>\n<div class=\"ec-accordion-item\"><!-- [et_pb_line_break_holder] -->        <\/p>\n<h3>Attitudes et perceptions sociales\u00a0<\/h3>\n<p><!-- [et_pb_line_break_holder] -->        <pee>Je priorise la d\u00e9fense des droits et de l\u2019acc\u00e8s des personnes handicap\u00e9es, en m\u2019effor\u00e7ant de faire \u00e9voluer les perceptions sociales vers la positivit\u00e9 au lieu de m\u2019attarder aux attitudes n\u00e9gatives. En promouvant l\u2019efficacit\u00e9 des mesures d\u2019adaptation, j\u2019ai vu leur impact transformateur sur les environnements \u00e9ducatifs et je me rallie avec ceux et celles qui partagent ma vision de l\u2019inclusion. Bien que bon nombre de charg\u00e9\u00b7e\u00b7s de cours comprennent et facilitent d\u00e9sormais les mesures d\u2019adaptation pour la population \u00e9tudiante, il en reste qui doutent ou remettent en question les besoins des apprenant\u00b7e\u00b7s. Ce probl\u00e8me, quoique peu pr\u00e9valent, exige qu\u2019on doive encore s\u2019y attarder en 2024 pour cr\u00e9er des environnements \u00e9ducatifs inclusifs pour tous et toutes.\u202f <!-- [et_pb_line_break_holder] -->La communication avec ceux et celles qui s\u2019opposent \u00e0 la cr\u00e9ation de classes inclusives est un aspect important de mes efforts d\u2019action militante. Il est essentiel de s\u2019attarder \u00e0 leur point de vue et de comprendre le pourquoi de cet attachement \u00e0 des opinions d\u00e9pass\u00e9es, malgr\u00e9 l\u2019\u00e9volution sociale vers l\u2019inclusivit\u00e9. Alors que la soci\u00e9t\u00e9 rejette souvent les points de vue divergents, je crois qu\u2019il y a une valeur inh\u00e9rente \u00e0 apprendre de ceux qui ne sont pas d\u2019accord avec notre position sur l\u2019accessibilit\u00e9. En reconnaissant et en prenant en compte les diff\u00e9rentes mentalit\u00e9s, on peut concevoir un message qui favorise l\u2019inclusion et fait la promotion de l\u2019accessibilit\u00e9 comme quelque chose de b\u00e9n\u00e9fique pour tout le monde, pas seulement pour les personnes handicap\u00e9es. <!-- [et_pb_line_break_holder] -->  <\/pee><!-- [et_pb_line_break_holder] -->   <\/div>\n<p><!-- [et_pb_line_break_holder] -->     <\/p>\n<div class=\"ec-accordion-item\"><!-- [et_pb_line_break_holder] -->        <\/p>\n<h3>Efficacit\u00e9 des syst\u00e8mes de soutien<\/h3>\n<p><!-- [et_pb_line_break_holder] -->        <pee>Dans ma vie personnelle et professionnelle, je compte beaucoup sur les technologies d\u2019assistance\u202f(TA) pour am\u00e9liorer l\u2019accessibilit\u00e9 et r\u00e9pondre \u00e0 mes besoins. Pour mes propres projets et mes t\u00e2ches quotidiennes, j\u2019utilise divers outils tels que des logiciels de cartographie conceptuelle et de remue-m\u00e9ninges en plus de la synth\u00e8se vocale pour la dict\u00e9e. En raison de changements dans ma vision, j\u2019ai r\u00e9cemment eu besoin d\u2019ajuster mes param\u00e8tres d\u2019agrandissement afin de pouvoir lire et voir plus clairement \u00e0 l\u2019\u00e9cran. En tant que personne malentendante, je compte sur des dispositifs d\u2019amplification du son, \u00e0 savoir des proth\u00e8ses auditives, qui jouent un r\u00f4le crucial en facilitant ma participation et mon engagement. <!-- [et_pb_line_break_holder] -->Sur le plan professionnel, je m\u2019implique beaucoup aupr\u00e8s des \u00e9tudiant\u00b7e\u00b7s de diverses cat\u00e9gories de handicaps en les formant sur l\u2019utilisation des technologies d\u2019assistance. Je leur parle de ces technologies, qui regroupent de l\u2019\u00e9quipement et des applications, mais aussi des services visant \u00e0 r\u00e9pondre \u00e0 leurs besoins d\u2019adaptation. Mon exp\u00e9rience m\u2019a permis de r\u00e9aliser combien il est essentiel de planifier et de mettre en \u0153uvre consciencieusement des strat\u00e9gies qui r\u00e9pondent aux besoins d\u2019accessibilit\u00e9, tant pour moi que pour mes \u00e9tudiantes et \u00e9tudiants. Avec l\u2019\u00e2ge et mon exp\u00e9rience dans le domaine de l\u2019\u00e9ducation, j\u2019ai appris que tout doit \u00eatre intentionnel et bien r\u00e9fl\u00e9chi. Je m\u2019efforce de leur inculquer cet \u00e9tat d\u2019esprit en soulignant l\u2019importance de planifier et mettre au point d\u00e9lib\u00e9r\u00e9ment leurs strat\u00e9gies par la m\u00e9tacognition. Lorsque je travaille avec un \u00e9tudiant ou une \u00e9tudiante, je m\u2019efforce de comprendre ses forces et faiblesses. Ainsi je suis capable d\u2019adapter mon approche en tirant parti de ses forces tout en tenant compte de ses difficult\u00e9s. J\u2019utilise des outils, des technologies et des strat\u00e9gies pour fournir les mesures d\u2019adaptation et le soutien n\u00e9cessaires. Dans les \u00e9tablissements, les syst\u00e8mes sont souvent d\u00e9faillants en raison des obstacles, par exemple l\u2019adoption tardive de technologies accessibles et l\u2019inaccessibilit\u00e9 des manuels scolaires, qui r\u00e9sultent de certaines attitudes.  <\/pee><!-- [et_pb_line_break_holder] -->   <\/div>\n<p><!-- [et_pb_line_break_holder] -->       <\/p>\n<div class=\"ec-accordion-item\"><!-- [et_pb_line_break_holder] -->        <\/p>\n<h3>Suggestions pour le soutien des \u00e9tablissements  <\/h3>\n<p><!-- [et_pb_line_break_holder] -->        <pee>Je pense que la mise en \u0153uvre de formats d\u2019apprentissage hybrides ou flexibles pourrait grandement contribuer \u00e0 r\u00e9pondre aux besoins d\u2019accessibilit\u00e9.  Auparavant, je pensais que travailler avec des \u00e9tudiant\u00b7e\u00b7s handicap\u00e9\u00b7e\u00b7s n\u00e9cessitait une interaction en face \u00e0 face, mais la pand\u00e9mie m\u2019a prouv\u00e9 le contraire. Aujourd\u2019hui, presque toutes mes r\u00e9unions sont virtuelles, ce qui facilite l\u2019accessibilit\u00e9 gr\u00e2ce aux fonctionnalit\u00e9s comme les sous-titres et le partage de fichiers. Les plateformes virtuelles permettent de multiplier les moyens de communication, m\u00eame si elles ne remplacent pas parfaitement l\u2019interaction en personne. La cr\u00e9ation d\u2019environnements d\u2019apprentissage multimodaux est cruciale, car elle permet d\u2019aller au-del\u00e0 des cours magistraux traditionnels et de recourir \u00e0 des m\u00e9thodes plus engageantes. Fournir le contenu \u00e0 l\u2019avance et enregistrer les cours est b\u00e9n\u00e9fique pour la conception universelle de l\u2019apprentissage\u202f(UDL) et l\u2019accessibilit\u00e9. Je pr\u00e9conise d\u2019utiliser des ressources \u00e9ducatives libres\u202f(REL) et de proposer des \u00e9valuations authentiques au lieu de s\u2019appuyer uniquement sur des formats \u00e0 choix multiples.  <\/pee><!-- [et_pb_line_break_holder] -->   <\/div>\n<p><!-- [et_pb_line_break_holder] --><\/div>\n<p><!-- [et_pb_line_break_holder] -->  <\/div>\n<p><!-- [et_pb_line_break_holder] --><\/div>\n<p>[\/et_pb_fullwidth_code][\/et_pb_section]<\/p>\n","protected":false},"excerpt":{"rendered":"","protected":false},"author":2,"featured_media":0,"parent":3513,"menu_order":0,"comment_status":"closed","ping_status":"closed","template":"","meta":{"_et_pb_use_builder":"on","_et_pb_old_content":"","_et_gb_content_width":"","footnotes":""},"class_list":["post-3531","page","type-page","status-publish","hentry"],"_links":{"self":[{"href":"https:\/\/accessibility.ecampusontario.ca\/fr\/wp-json\/wp\/v2\/pages\/3531","targetHints":{"allow":["GET"]}}],"collection":[{"href":"https:\/\/accessibility.ecampusontario.ca\/fr\/wp-json\/wp\/v2\/pages"}],"about":[{"href":"https:\/\/accessibility.ecampusontario.ca\/fr\/wp-json\/wp\/v2\/types\/page"}],"author":[{"embeddable":true,"href":"https:\/\/accessibility.ecampusontario.ca\/fr\/wp-json\/wp\/v2\/users\/2"}],"replies":[{"embeddable":true,"href":"https:\/\/accessibility.ecampusontario.ca\/fr\/wp-json\/wp\/v2\/comments?post=3531"}],"version-history":[{"count":9,"href":"https:\/\/accessibility.ecampusontario.ca\/fr\/wp-json\/wp\/v2\/pages\/3531\/revisions"}],"predecessor-version":[{"id":3615,"href":"https:\/\/accessibility.ecampusontario.ca\/fr\/wp-json\/wp\/v2\/pages\/3531\/revisions\/3615"}],"up":[{"embeddable":true,"href":"https:\/\/accessibility.ecampusontario.ca\/fr\/wp-json\/wp\/v2\/pages\/3513"}],"wp:attachment":[{"href":"https:\/\/accessibility.ecampusontario.ca\/fr\/wp-json\/wp\/v2\/media?parent=3531"}],"curies":[{"name":"wp","href":"https:\/\/api.w.org\/{rel}","templated":true}]}}