{"id":3527,"date":"2025-05-20T11:23:21","date_gmt":"2025-05-20T15:23:21","guid":{"rendered":"https:\/\/accessibility.ecampusontario.ca\/anonymous-phd-student-at-university\/"},"modified":"2025-05-26T14:26:14","modified_gmt":"2025-05-26T18:26:14","slug":"anonymous-phd-student","status":"publish","type":"page","link":"https:\/\/accessibility.ecampusontario.ca\/fr\/accessibilite\/bases\/lived-experience-repository\/anonymous-phd-student\/","title":{"rendered":"Anonyme Personne \u00e9tudiante au doctorat"},"content":{"rendered":"<p>[et_pb_section fb_built=\u00a0\u00bb1&Prime; fullwidth=\u00a0\u00bbon\u00a0\u00bb _builder_version=\u00a0\u00bb4.23.4&Prime; _module_preset=\u00a0\u00bbdefault\u00a0\u00bb global_colors_info=\u00a0\u00bb{}\u00a0\u00bb][et_pb_fullwidth_code _builder_version=\u00a0\u00bb4.23.4&Prime; _module_preset=\u00a0\u00bbdefault\u00a0\u00bb hover_enabled=\u00a0\u00bb0&Prime; global_colors_info=\u00a0\u00bb{}\u00a0\u00bb sticky_enabled=\u00a0\u00bb0&Prime;]<\/p>\n<div class=\"ec-banner-main\"><!-- [et_pb_line_break_holder] -->  <\/p>\n<div class=\"ec-banner-content\"><!-- [et_pb_line_break_holder] -->    <\/p>\n<h1>R\u00e9pertoire des exp\u00e9riences v\u00e9cues<\/h1>\n<p><!-- [et_pb_line_break_holder] --><!-- [et_pb_line_break_holder] -->  <\/div>\n<p><!-- [et_pb_line_break_holder] -->  <\/p>\n<div class=\"ec-banner-img\"><!-- [et_pb_line_break_holder] -->    <img decoding=\"async\" alt=\"\" src=\"\/wp-content\/uploads\/2025\/05\/Landing-header-image.jpg\"><!-- [et_pb_line_break_holder] -->  <\/div>\n<p><!-- [et_pb_line_break_holder] --><\/div>\n<p><!-- [et_pb_line_break_holder] --><\/p>\n<div class=\"ec-breadcrumbs\"><\/div>\n<p><!-- [et_pb_line_break_holder] --><\/p>\n<section class=\"alternating-read-more-blocks\"><!-- [et_pb_line_break_holder] -->  <\/p>\n<div class=\"ec-heading-row\"><!-- [et_pb_line_break_holder] -->    <\/p>\n<h2>Histoires<\/h2>\n<p><!-- [et_pb_line_break_holder] -->  <\/div>\n<p><!-- [et_pb_line_break_holder] --><\/section>\n<p><!-- [et_pb_line_break_holder] --><!-- [et_pb_line_break_holder] --><!-- [et_pb_line_break_holder] --><\/p>\n<div class=\"ec-row pb-0\"><!-- [et_pb_line_break_holder] -->  <!-- [et_pb_line_break_holder] -->  <\/p>\n<div  class=\"ec-col ec-col-8w pb-0\"><!-- [et_pb_line_break_holder] -->    <\/p>\n<h3><!-- [et_pb_line_break_holder] -->      Anonyme, Personne \u00e9tudiante au doctorat <\/h3>\n<p><!-- [et_pb_line_break_holder] -->      <!-- [et_pb_line_break_holder] -->      <pee> Universit\u00e9<!-- [et_pb_line_break_holder] -->    <\/pee><!-- [et_pb_line_break_holder] -->  <\/div>\n<p><!-- [et_pb_line_break_holder] --><\/div>\n<p><!-- [et_pb_line_break_holder] --><\/p>\n<div class=\"ec-row\"><!-- [et_pb_line_break_holder] -->  <\/p>\n<div class=\"ec-col ec-col-4w\"><!-- [et_pb_line_break_holder] -->    <img decoding=\"async\"  alt=\"\" src=\"\/wp-content\/uploads\/2025\/05\/student-icon-e1748030743845.png\"><!-- [et_pb_line_break_holder] -->  <\/div>\n<p><!-- [et_pb_line_break_holder] -->  <\/p>\n<div class=\"ec-col ec-col-8w\"><!-- [et_pb_line_break_holder] -->     <\/p>\n<div class=\"ec-accordion\"><!-- [et_pb_line_break_holder] -->      <\/p>\n<div class=\"ec-accordion-item\"><!-- [et_pb_line_break_holder] -->        <\/p>\n<h3>Les d\u00e9fis du parcours scolaire<\/h3>\n<p><!-- [et_pb_line_break_holder] -->        <pee>Pendant ma ma\u00eetrise, j\u2019ai acquis un handicap qui a boulevers\u00e9 ma vie et qui a n\u00e9cessit\u00e9 un cong\u00e9 de maladie de quatre ans. Les sympt\u00f4mes de ce traumatisme persistent encore aujourd\u2019hui. J\u2019\u00e9prouve notamment de la douleur chronique, de la fatigue chronique et une d\u00e9ficience auditive, en plus de vivre avec une maladie chronique. Je compte sur les technologies d\u2019assistance pour m\u2019adonner \u00e0 mes activit\u00e9s quotidiennes. En fonction de la t\u00e2che \u00e0 accomplir, mon niveau d\u2019\u00e9nergie peut fluctuer, c\u2019est pourquoi je dois allouer du temps \u00e0 certaines activit\u00e9s. L\u2019obtention de mesures d\u2019adaptation n\u00e9cessaires pour l\u2019accessibilit\u00e9 s\u2019est av\u00e9r\u00e9e \u00eatre une t\u00e2che exigeante en soi. Les \u00e9tablissements exigent des documents m\u00e9dicaux d\u00e9taill\u00e9s pour que je puisse b\u00e9n\u00e9ficier de mesures d\u2019adaptation de base, telles que des prolongations. Ce processus m\u2019a sembl\u00e9 inutilement rigide. Les \u00e9tablissements citaient des pr\u00e9occupations relatives \u00e0 l\u2019int\u00e9grit\u00e9 scolaire pour justifier leur h\u00e9sitation \u00e0 fournir un soutien. Les obstacles que j\u2019ai v\u00e9cus pour obtenir les mesures d\u2019adaptation n\u00e9cessaires ont r\u00e9v\u00e9l\u00e9 la stigmatisation syst\u00e9mique g\u00e9n\u00e9rale associ\u00e9e au handicap dans le monde universitaire. <!-- [et_pb_line_break_holder] -->La repr\u00e9sentation des personnes handicap\u00e9es devrait \u00eatre abord\u00e9e dans une optique progressiste qui c\u00e9l\u00e8bre la diversit\u00e9, mais elle est souvent abord\u00e9e avec m\u00e9pris en nous r\u00e9duisant \u00e0 de simples cases \u00e0 cocher sur une liste de contr\u00f4le d\u2019acceptation de la diversit\u00e9. Cette r\u00e9alit\u00e9 \u00e9tait particuli\u00e8rement \u00e9vidente dans le processus de demande de subvention, o\u00f9 l\u2019on m\u2019a demand\u00e9 d\u2019\u00e9crire sur ma vie en tant que personne handicap\u00e9e. Au lieu de me sentir capable de raconter mon exp\u00e9rience, j\u2019ai eu l\u2019impression de jouer \u00e0 un jeu o\u00f9 la gravit\u00e9 de mes difficult\u00e9s d\u00e9terminait mes chances de recevoir un financement pour les ressources n\u00e9cessaires. Malheureusement, cette marchandisation des exp\u00e9riences est une r\u00e9alit\u00e9 courante pour bien des personnes handicap\u00e9es, ce qui perp\u00e9tue des st\u00e9r\u00e9otypes n\u00e9fastes et nous marginalise encore plus.     <\/pee><!-- [et_pb_line_break_holder] -->   <\/div>\n<p><!-- [et_pb_line_break_holder] -->    <\/p>\n<div class=\"ec-accordion-item\"><!-- [et_pb_line_break_holder] -->        <\/p>\n<h3>Acc\u00e8s aux ressources p\u00e9dagogiques num\u00e9riques<\/h3>\n<p><!-- [et_pb_line_break_holder] -->        <pee>L\u2019acc\u00e8s aux ressources d\u2019apprentissage num\u00e9riques est devenu n\u00e9cessaire pour ma scolarisation, en particulier pendant la pand\u00e9mie et en raison de mes probl\u00e8mes de sant\u00e9. Le passage \u00e0 l\u2019apprentissage en ligne est devenu ma bou\u00e9e de sauvetage. Il m\u2019a permis de poursuivre mes \u00e9tudes malgr\u00e9 les limitations. Les technologies, comme les dispositifs de transcription en direct et les plateformes de communication virtuelle, sont devenues des outils essentiels pour acc\u00e9der au contenu d\u2019apprentissage. La navigation sur les plateformes num\u00e9riques a pr\u00e9sent\u00e9 son lot de d\u00e9fis, ce qui met en \u00e9vidence le fait que les normes d\u2019accessibilit\u00e9 ont toujours besoin d\u2019\u00eatre am\u00e9lior\u00e9es. <!-- [et_pb_line_break_holder] -->Malgr\u00e9 ces progr\u00e8s, la fracture num\u00e9rique persiste pour bien des personnes handicap\u00e9es, ce qui accentue encore les in\u00e9galit\u00e9s en mati\u00e8re de scolarisation. Le fait de d\u00e9pendre des ressources num\u00e9riques souligne l\u2019importance de veiller \u00e0 ce que ces ressources soient inclusives et accessibles \u00e0 toute la population \u00e9tudiante, quelles que soient les capacit\u00e9s de chaque personne. Les \u00e9tablissements d\u2019enseignement doivent prioriser la formation du personnel enseignant et du personnel de sorte \u00e0 utiliser efficacement ces outils et r\u00e9pondre aux divers besoins d\u2019apprentissage.   <\/pee><!-- [et_pb_line_break_holder] -->   <\/div>\n<p><!-- [et_pb_line_break_holder] -->     <\/p>\n<div class=\"ec-accordion-item\"><!-- [et_pb_line_break_holder] -->        <\/p>\n<h3>Attitudes et perceptions sociales\u00a0<\/h3>\n<p><!-- [et_pb_line_break_holder] -->        <pee>Il semble y avoir un seuil ou une perception de ce qui fait qu\u2019une personne est handicap\u00e9e. D\u2019apr\u00e8s mon exp\u00e9rience, si j\u2019apparais \u00ab\u202ftrop valide\u202f\u00bb, j\u2019ai moins de chances de recevoir un soutien, ce qui m\u2019oblige \u00e0 d\u00e9fendre mes int\u00e9r\u00eats. Ce que les gens ne r\u00e9alisent pas, c\u2019est que mon handicap n\u2019est pas toujours visible. Certains jours, j\u2019ai l\u2019impression de \u00ab\u202ffonctionner\u202f\u00bb comme une personne \u00ab\u202fvalide\u202f\u00bb. Ces jours-l\u00e0, ce n\u2019est pas que mon handicap est disparu, mais plut\u00f4t que je masque mes sympt\u00f4mes. La notion sociale omnipr\u00e9sente de \u00ab\u202fpasser\u202f\u00bb pour une personne valide ajoute une autre couche de complexit\u00e9 \u00e0 mes exp\u00e9riences. Il m\u2019arrive parfois d\u2019avoir l\u2019impression de cacher mon handicap pour \u00e9viter de me faire juger ou discriminer. Ce constant jeu d\u2019\u00e9quilibre entre divulguer ou dissimuler mes handicaps, en fonction de la situation, peut \u00eatre \u00e9motionnellement drainant et contribuer \u00e0 un sentiment d\u2019isolement.  <!-- [et_pb_line_break_holder] -->En passant par la complexit\u00e9 des perceptions sociales du handicap au sentiment d\u2019affirmation que provoque la possibilit\u00e9 de raconter mon histoire de mani\u00e8re anonyme, je trouve du r\u00e9confort dans la libert\u00e9 de m\u2019exprimer de mani\u00e8re authentique sans avoir peur d\u2019\u00eatre identifiable. Cela donne un sentiment d\u2019\u00e9mancipation et d\u2019autonomisation dans le discours sur la sensibilisation au handicap. Bien que mon histoire soit racont\u00e9e de mani\u00e8re anonyme aujourd\u2019hui, j\u2019encourage les autres personnes handicap\u00e9es \u00e0 le faire de la mani\u00e8re qui leur convient le mieux. Parfois, cela se traduit par des images et des repr\u00e9sentations physiques. Qu\u2019on d\u00e9fende des causes et qu\u2019on milite publiquement, rien n\u2019emp\u00eache de participer en priv\u00e9. Le sentiment d\u2019identit\u00e9 et le bien-\u00eatre sont les facteurs les plus importants lorsqu\u2019il s\u2019agit de raconter son histoire. Qu\u2019on se raconte dans un r\u00e9cit anonyme ou comme \u00ab\u202ft\u00eate d\u2019affiche\u202f\u00bb, chaque personne a sa propre histoire et c\u2019est tout \u00e0 fait correct de faire preuve de prudence. <\/pee><!-- [et_pb_line_break_holder] -->   <\/div>\n<p><!-- [et_pb_line_break_holder] -->     <\/p>\n<div class=\"ec-accordion-item\"><!-- [et_pb_line_break_holder] -->        <\/p>\n<h3>Efficacit\u00e9 des syst\u00e8mes de soutien<\/h3>\n<p><!-- [et_pb_line_break_holder] -->        <pee>L\u2019efficacit\u00e9 des syst\u00e8mes de soutien dans mon parcours universitaire a \u00e9t\u00e9 tr\u00e8s variable. Si certains conseillers, professeurs et \u00e9tablissements se sont montr\u00e9s compr\u00e9hensifs et conciliants, d\u2019autres n\u2019ont pas su m\u2019apporter le soutien n\u00e9cessaire. J\u2019ai eu des moments o\u00f9 j\u2019ai d\u00fb me battre sans rel\u00e2che pour que mes besoins soient reconnus et satisfaits tout en me heurtant \u00e0 de la r\u00e9sistance et du scepticisme \u00e0 chaque \u00e9tape. Ce manque de coh\u00e9rence dans le soutien souligne la n\u00e9cessit\u00e9 de mettre en place des syst\u00e8mes de soutien plus normalis\u00e9s et complets au sein des \u00e9tablissements d\u2019enseignement. <!-- [et_pb_line_break_holder] -->D\u2019un autre c\u00f4t\u00e9, lorsque j\u2019ai b\u00e9n\u00e9fici\u00e9 d\u2019un soutien ad\u00e9quat, j\u2019ai pu constater de visu l\u2019impact transformateur qu\u2019il peut avoir sur mon exp\u00e9rience universitaire. L\u2019un de mes professeurs, qui s\u2019identifie comme une personne aveugle, en a donn\u00e9 l\u2019exemple en cr\u00e9ant un environnement d\u2019apprentissage inclusif o\u00f9 les d\u00e9ficiences visuelles et auditives \u00e9taient prises en compte. Son enthousiasme et sa volont\u00e9 d\u2019accorder des mesures d\u2019adaptation sans devoir lui fournir de documents m\u00e9dicaux d\u00e9taill\u00e9s (c\u2019est-\u00e0-dire une \u00ab\u202fpreuve\u202f\u00bb de handicap) et sans obstacle administratif contrastaient fortement avec les difficult\u00e9s que j\u2019avais rencontr\u00e9es ailleurs.   <\/pee><!-- [et_pb_line_break_holder] -->   <\/div>\n<p><!-- [et_pb_line_break_holder] -->       <\/p>\n<div class=\"ec-accordion-item\"><!-- [et_pb_line_break_holder] -->        <\/p>\n<h3>Suggestions pour le soutien des \u00e9tablissements  <\/h3>\n<p><!-- [et_pb_line_break_holder] -->        <pee>Je pense que les \u00e9tablissements d\u2019enseignement doivent prioriser l\u2019accessibilit\u00e9 et l\u2019inclusion afin de garantir \u00e0 chaque \u00e9tudiante et \u00e9tudiant des chances \u00e9gales de r\u00e9ussite. Cela signifie qu\u2019il faut \u00e9liminer les obstacles aux mesures d\u2019adaptation et aux services de soutien, notamment en simplifiant le processus d\u2019acc\u00e8s et en fournissant les ressources n\u00e9cessaires aux personnes handicap\u00e9es pour qu\u2019elles puissent s\u2019\u00e9panouir sur le plan universitaire. <!-- [et_pb_line_break_holder] -->Il reste important de sensibiliser le corps enseignant et le personnel aux handicaps par l\u2019\u00e9ducation et la formation continue. En favorisant un environnement d\u2019acceptation et de compr\u00e9hension, les \u00e9tablissements peuvent cr\u00e9er une communaut\u00e9 de soutien o\u00f9 les \u00e9tudiant\u00b7e\u00b7s handicap\u00e9\u00b7e\u00b7s se sentent valoris\u00e9\u00b7e\u00b7s et respect\u00e9\u00b7e\u00b7s. Il est important de reconna\u00eetre que les besoins de chaque personne sont uniques et que des syst\u00e8mes de soutien personnalis\u00e9s doivent \u00eatre mis en place pour r\u00e9pondre \u00e0 ces besoins individuels de mani\u00e8re efficace et en toute confiance.  <\/pee><!-- [et_pb_line_break_holder] -->   <\/div>\n<p><!-- [et_pb_line_break_holder] --><\/div>\n<p><!-- [et_pb_line_break_holder] -->  <\/div>\n<p><!-- [et_pb_line_break_holder] --><\/div>\n<p>[\/et_pb_fullwidth_code][\/et_pb_section]<\/p>\n","protected":false},"excerpt":{"rendered":"","protected":false},"author":2,"featured_media":0,"parent":3513,"menu_order":0,"comment_status":"closed","ping_status":"closed","template":"","meta":{"_et_pb_use_builder":"on","_et_pb_old_content":"","_et_gb_content_width":"","footnotes":""},"class_list":["post-3527","page","type-page","status-publish","hentry"],"_links":{"self":[{"href":"https:\/\/accessibility.ecampusontario.ca\/fr\/wp-json\/wp\/v2\/pages\/3527","targetHints":{"allow":["GET"]}}],"collection":[{"href":"https:\/\/accessibility.ecampusontario.ca\/fr\/wp-json\/wp\/v2\/pages"}],"about":[{"href":"https:\/\/accessibility.ecampusontario.ca\/fr\/wp-json\/wp\/v2\/types\/page"}],"author":[{"embeddable":true,"href":"https:\/\/accessibility.ecampusontario.ca\/fr\/wp-json\/wp\/v2\/users\/2"}],"replies":[{"embeddable":true,"href":"https:\/\/accessibility.ecampusontario.ca\/fr\/wp-json\/wp\/v2\/comments?post=3527"}],"version-history":[{"count":11,"href":"https:\/\/accessibility.ecampusontario.ca\/fr\/wp-json\/wp\/v2\/pages\/3527\/revisions"}],"predecessor-version":[{"id":3616,"href":"https:\/\/accessibility.ecampusontario.ca\/fr\/wp-json\/wp\/v2\/pages\/3527\/revisions\/3616"}],"up":[{"embeddable":true,"href":"https:\/\/accessibility.ecampusontario.ca\/fr\/wp-json\/wp\/v2\/pages\/3513"}],"wp:attachment":[{"href":"https:\/\/accessibility.ecampusontario.ca\/fr\/wp-json\/wp\/v2\/media?parent=3527"}],"curies":[{"name":"wp","href":"https:\/\/api.w.org\/{rel}","templated":true}]}}