{"id":3523,"date":"2025-05-20T11:12:13","date_gmt":"2025-05-20T15:12:13","guid":{"rendered":"https:\/\/accessibility.ecampusontario.ca\/jessica-staff-at-mcmaster-university-2024\/"},"modified":"2025-05-26T14:26:32","modified_gmt":"2025-05-26T18:26:32","slug":"jessica-staff","status":"publish","type":"page","link":"https:\/\/accessibility.ecampusontario.ca\/fr\/accessibilite\/bases\/lived-experience-repository\/jessica-staff\/","title":{"rendered":"Jessica Membre du personnel"},"content":{"rendered":"<p>[et_pb_section fb_built=\u00a0\u00bb1&Prime; fullwidth=\u00a0\u00bbon\u00a0\u00bb _builder_version=\u00a0\u00bb4.23.4&Prime; _module_preset=\u00a0\u00bbdefault\u00a0\u00bb global_colors_info=\u00a0\u00bb{}\u00a0\u00bb][et_pb_fullwidth_code _builder_version=\u00a0\u00bb4.23.4&Prime; _module_preset=\u00a0\u00bbdefault\u00a0\u00bb hover_enabled=\u00a0\u00bb0&Prime; global_colors_info=\u00a0\u00bb{}\u00a0\u00bb sticky_enabled=\u00a0\u00bb0&Prime;]<\/p>\n<div class=\"ec-banner-main\"><!-- [et_pb_line_break_holder] -->  <\/p>\n<div class=\"ec-banner-content\"><!-- [et_pb_line_break_holder] -->    <\/p>\n<h1>R\u00e9pertoire des exp\u00e9riences v\u00e9cues<\/h1>\n<p><!-- [et_pb_line_break_holder] --><!-- [et_pb_line_break_holder] -->  <\/div>\n<p><!-- [et_pb_line_break_holder] -->  <\/p>\n<div class=\"ec-banner-img\"><!-- [et_pb_line_break_holder] -->    <img decoding=\"async\" alt=\"\" src=\"\/wp-content\/uploads\/2025\/05\/Landing-header-image.jpg\"><!-- [et_pb_line_break_holder] -->  <\/div>\n<p><!-- [et_pb_line_break_holder] --><\/div>\n<p><!-- [et_pb_line_break_holder] --><\/p>\n<div class=\"ec-breadcrumbs\"><\/div>\n<p><!-- [et_pb_line_break_holder] --><\/p>\n<section class=\"alternating-read-more-blocks\"><!-- [et_pb_line_break_holder] -->  <\/p>\n<div class=\"ec-heading-row\"><!-- [et_pb_line_break_holder] -->    <\/p>\n<h2>Histoires<\/h2>\n<p><!-- [et_pb_line_break_holder] -->  <\/div>\n<p><!-- [et_pb_line_break_holder] --><\/section>\n<p><!-- [et_pb_line_break_holder] --><!-- [et_pb_line_break_holder] --><!-- [et_pb_line_break_holder] --><\/p>\n<div class=\"ec-row pb-0\"><!-- [et_pb_line_break_holder] -->  <!-- [et_pb_line_break_holder] -->  <\/p>\n<div  class=\"ec-col ec-col-8w pb-0\"><!-- [et_pb_line_break_holder] -->    <\/p>\n<h3><!-- [et_pb_line_break_holder] -->      Jessica, Membre du personnel <\/h3>\n<p><!-- [et_pb_line_break_holder] -->      <!-- [et_pb_line_break_holder] -->      <pee> Universit\u00e9 McMaster<!-- [et_pb_line_break_holder] -->    <\/pee><!-- [et_pb_line_break_holder] -->  <\/div>\n<p><!-- [et_pb_line_break_holder] --><\/div>\n<p><!-- [et_pb_line_break_holder] --><\/p>\n<div class=\"ec-row\"><!-- [et_pb_line_break_holder] -->  <\/p>\n<div class=\"ec-col ec-col-4w\"><!-- [et_pb_line_break_holder] -->    <img decoding=\"async\"  alt=\"Jessica Blackwood re\u00e7oit le prix communautaire\u202f2022 du CUCCIO pour son travail dans le domaine de l\u2019accessibilit\u00e9 num\u00e9rique \u00e0 l\u2019Universit\u00e9 McMaster.\" src=\"\/wp-content\/uploads\/2025\/05\/Jessica.jpg\"><!-- [et_pb_line_break_holder] -->  <\/div>\n<p><!-- [et_pb_line_break_holder] -->  <\/p>\n<div class=\"ec-col ec-col-8w\"><!-- [et_pb_line_break_holder] -->     <\/p>\n<div class=\"ec-accordion\"><!-- [et_pb_line_break_holder] -->      <\/p>\n<div class=\"ec-accordion-item\"><!-- [et_pb_line_break_holder] -->        <\/p>\n<h3>Les d\u00e9fis du parcours scolaire<\/h3>\n<p><!-- [et_pb_line_break_holder] -->        <pee>Les d\u00e9fis ont \u00e9t\u00e9 omnipr\u00e9sents tout au long de mon parcours scolaire, en particulier pendant mes \u00e9tudes. La pression de terminer en trois ans mon programme sp\u00e9cialis\u00e9 en sciences de la sant\u00e9 s\u2019est heurt\u00e9e au tabou entourant la prise d\u2019un cong\u00e9 de maladie, ce qui a exacerb\u00e9 la difficult\u00e9 de chercher des mesures d\u2019adaptation. En raison de la nature comp\u00e9titive du programme, j\u2019ai eu tr\u00e8s peu de soutien de mes pairs, ce qui m\u2019a isol\u00e9e encore plus dans les moments difficiles. La transition vers les \u00e9tudes sup\u00e9rieures \u00e0 McMaster a pos\u00e9 des d\u00e9fis particuli\u00e8rement importants. Les processus de demande d\u2019adaptation distincts pour les cours et pour les th\u00e8ses et m\u00e9moires, alourdis par la r\u00e9ticence aux mesures d\u2019adaptation, m\u2019ont contrainte \u00e0 changer de programme pour r\u00e9duire le stress. Les questions culturelles au sein des programmes de sciences de la sant\u00e9 \u00e0 l\u2019\u00e9poque, comme le mod\u00e8le m\u00e9dical du handicap, ont exacerb\u00e9 ces d\u00e9fis, malgr\u00e9 le soutien de certaines personnes chez les charg\u00e9\u00b7e\u00b7s de cours. <!-- [et_pb_line_break_holder] -->Dans le domaine de l\u2019emploi, les difficult\u00e9s peuvent persister en fonction des sup\u00e9rieur\u00b7e\u00b7s et des pressions des \u00e9tablissements, comme la politique de retour sur le campus qui a ajout\u00e9 un stress \u00e0 la recherche d\u2019adaptations. Dans l\u2019ensemble, l\u2019accessibilit\u00e9 et l\u2019inclusion sur le campus doivent \u00eatre am\u00e9lior\u00e9es, en particulier dans l\u2019\u00e8re \u00ab\u202fpost-COVID\u202f\u00bb, o\u00f9 la r\u00e9gression des attitudes culturelles \u00e0 l\u2019\u00e9gard du handicap intensifie les d\u00e9fis existants, surtout lorsque la pand\u00e9mie n\u2019est pas termin\u00e9e pour bien des membres de notre communaut\u00e9.   <\/pee><!-- [et_pb_line_break_holder] -->   <\/div>\n<p><!-- [et_pb_line_break_holder] -->    <\/p>\n<div class=\"ec-accordion-item\"><!-- [et_pb_line_break_holder] -->        <\/p>\n<h3>Acc\u00e8s aux ressources p\u00e9dagogiques num\u00e9riques<\/h3>\n<p><!-- [et_pb_line_break_holder] -->        <pee>D\u2019apr\u00e8s mon exp\u00e9rience des ressources p\u00e9dagogiques num\u00e9riques, des outils comme Dragon NaturallySpeaking pour la dict\u00e9e se sont r\u00e9v\u00e9l\u00e9s utiles, tandis que les cours utilisant la plateforme Avenue to Learn se sont distingu\u00e9s par leurs fonctions d\u2019accessibilit\u00e9 et leur syst\u00e8me de commentaires r\u00e9actif. Des probl\u00e8mes se sont r\u00e9v\u00e9l\u00e9s avec le format des manuels, en particulier les versions Kindle, ce qui a suscit\u00e9 une certaine frustration face \u00e0 la lenteur des solutions l\u00e9gales propos\u00e9es par les services de biblioth\u00e8que et a pouss\u00e9 certaines personnes \u00e0 recourir \u00e0 des t\u00e9l\u00e9chargements ill\u00e9gaux pour suivre le rythme des cours de ma\u00eetrise. Bien que je puisse g\u00e9n\u00e9ralement tol\u00e9rer de naviguer sur le Web, j\u2019ai parfois eu recours \u00e0 des filtres d\u2019\u00e9cran ou au mode sombre pour r\u00e9duire la fatigue visuelle. J\u2019ai aussi mis \u00e0 profit mes connaissances technologiques pour acc\u00e9der \u00e0 des ressources suppl\u00e9mentaires, par exemple des tutoriels sur YouTube, lorsque n\u00e9cessaire. <!-- [et_pb_line_break_holder] -->J\u2019avais express\u00e9ment besoin d\u2019instructions claires, en particulier dans les cours subjectifs avec r\u00e9daction d\u2019essais, o\u00f9 l\u2019ambigu\u00eft\u00e9 des attentes \u00e9tait fr\u00e9quente. L\u2019\u00e9parpillement des grandes lignes d\u2019un cours dans plusieurs documents m\u2019a pos\u00e9 des probl\u00e8mes de navigation, ce qui a influenc\u00e9 mon plaidoyer en faveur d\u2019un langage clair dans la documentation pour assurer l\u2019accessibilit\u00e9. Si un certain niveau de rigidit\u00e9 \u00e9tait perceptible pour certains cours, d\u2019autres offraient une accessibilit\u00e9 remarquable, contribuant ainsi \u00e0 une exp\u00e9rience d\u2019apprentissage enrichissante dans l\u2019ensemble.    <\/pee><!-- [et_pb_line_break_holder] -->   <\/div>\n<p><!-- [et_pb_line_break_holder] -->     <\/p>\n<div class=\"ec-accordion-item\"><!-- [et_pb_line_break_holder] -->        <\/p>\n<h3>Attitudes et perceptions sociales\u00a0<\/h3>\n<p><!-- [et_pb_line_break_holder] -->        <pee>D\u2019apr\u00e8s mon exp\u00e9rience, les attitudes et les perceptions sociales \u00e0 l\u2019\u00e9gard des handicaps influencent grandement l\u2019environnement scolaire. La structure d\u00e9centralis\u00e9e de l\u2019Universit\u00e9 McMaster signifie que les exp\u00e9riences de la population \u00e9tudiante varient consid\u00e9rablement en fonction de l\u2019attitude des charg\u00e9\u00b7e\u00b7s de cours. Un certain nombre de charg\u00e9\u00b7e\u00b7s de cours h\u00e9sitent \u00e0 proposer des mesures d\u2019adaptation, mais ces derni\u00e8res ann\u00e9es, gr\u00e2ce \u00e0 une meilleure sensibilisation, on assiste \u00e0 une normalisation des handicaps. Le soutien de la communaut\u00e9 des personnes handicap\u00e9es peut \u00eatre transformateur pour les \u00e9tudiantes et \u00e9tudiants de premier cycle, mais il fait souvent d\u00e9faut aux cycles sup\u00e9rieurs.  <!-- [et_pb_line_break_holder] -->Mon exp\u00e9rience avec un r\u00e9seau d\u2019accessibilit\u00e9 pour les employ\u00e9\u00b7e\u00b7s a profond\u00e9ment chang\u00e9 mon point de vue en r\u00e9v\u00e9lant l\u2019importance des groupes de ressources pour les employ\u00e9\u00b7e\u00b7s. Le soutien peut varier en fonction des superviseur\u00b7e\u00b7s et des processus d\u2019int\u00e9gration, ce qui souligne la n\u00e9cessit\u00e9 d\u2019am\u00e9liorer la coh\u00e9rence des pratiques de RH. Un leadership inclusif, comme celui de ma direction actuelle, favorise un environnement favorable o\u00f9 l\u2019accessibilit\u00e9 est une priorit\u00e9. Lorsque l\u2019accessibilit\u00e9 devient une attente, les gens sont g\u00e9n\u00e9ralement r\u00e9ceptifs, ce qui produit un environnement globalement plus inclusif.   <\/pee><!-- [et_pb_line_break_holder] -->   <\/div>\n<p><!-- [et_pb_line_break_holder] -->     <\/p>\n<div class=\"ec-accordion-item\"><!-- [et_pb_line_break_holder] -->        <\/p>\n<h3>Efficacit\u00e9 des syst\u00e8mes de soutien<\/h3>\n<p><!-- [et_pb_line_break_holder] -->        <pee>Apr\u00e8s mon premier cong\u00e9 au premier cycle, j\u2019ai h\u00e9sit\u00e9 pendant environ un an avant de demander des mesures d\u2019adaptation en raison de la nature comp\u00e9titive de mon programme en sciences de la sant\u00e9. L\u2019Universit\u00e9 McMaster a fait des efforts pour lutter contre ce ph\u00e9nom\u00e8ne, mais l\u2019acc\u00e8s aux services a \u00e9t\u00e9 rendu possible par un praticien du Student Wellness Center, qui a permis d\u2019\u00e9tablir le bon diagnostic pour les mesures d\u2019adaptation. La nature m\u00e9dicalis\u00e9e du processus, qui n\u00e9cessite un diagnostic par un sp\u00e9cialiste, constitue un obstacle important et cause un retard d\u2019acc\u00e8s \u00e0 ces mesures. La r\u00e9alit\u00e9 frustrante est que, m\u00eame si des efforts sont faits pour soutenir les \u00e9tudiantes et \u00e9tudiants par des bourses et des mesures d\u2019adaptation, il reste des barri\u00e8res syst\u00e9miques. <!-- [et_pb_line_break_holder] -->Il y a aussi une perception d\u2019inad\u00e9quation des capacit\u00e9s dans la gestion des questions d\u2019accessibilit\u00e9. Bien des sp\u00e9cialistes de l\u2019accessibilit\u00e9 sont \u00e0 bout de souffle et doivent concilier les projets d\u2019accessibilit\u00e9 avec d\u2019autres t\u00e2ches. Id\u00e9alement, l\u2019accessibilit\u00e9 devrait \u00eatre int\u00e9gr\u00e9e dans les syst\u00e8mes d\u2019enseignement, ce qui r\u00e9duirait la n\u00e9cessit\u00e9 de mettre en place des services intensifs d\u2019accessibilit\u00e9 pour la population \u00e9tudiante. Les syst\u00e8mes de soutien actuels des \u00e9tablissements postsecondaires r\u00e9agissent souvent aux besoins d\u2019accessibilit\u00e9 au lieu d\u2019y r\u00e9pondre de mani\u00e8re proactive. Je m\u2019efforce de donner au corps professoral et au personnel des outils accessibles et de la formation leur permettant de relever de mani\u00e8re autonome les d\u00e9fis li\u00e9s \u00e0 l\u2019accessibilit\u00e9, ce qui profite en fin de compte \u00e0 la population \u00e9tudiante et favorise un environnement d\u2019enseignement plus inclusif.  <\/pee><!-- [et_pb_line_break_holder] -->   <\/div>\n<p><!-- [et_pb_line_break_holder] -->       <\/p>\n<div class=\"ec-accordion-item\"><!-- [et_pb_line_break_holder] -->        <\/p>\n<h3>Suggestions pour le soutien des \u00e9tablissements  <\/h3>\n<p><!-- [et_pb_line_break_holder] -->        <pee>Pour am\u00e9liorer le soutien aux besoins d\u2019accessibilit\u00e9, il est essentiel de clarifier le processus de mesures d\u2019adaptation. Il serait utile d\u2019avoir une base de donn\u00e9es transparente des mesures d\u2019adaptation offertes, y compris des options informelles, telles que les horaires flexibles. Une communication claire sur les pr\u00e9f\u00e9rences, comme le style de communication et les d\u00e9lais, et le fait d\u2019encourager les \u00e9tudiantes et \u00e9tudiants \u00e0 exprimer leurs pr\u00e9occupations sans crainte de r\u00e9percussions favorisent un environnement positif. Il est important de leur enseigner comment communiquer leurs besoins efficacement sans devoir divulguer leurs renseignements de sant\u00e9 personnels. Il est essentiel de continuer d\u2019\u00e9lever les efforts d\u2019accessibilit\u00e9, y compris le transfert de connaissances et la collaboration, afin d\u2019\u00e9viter la redondance et de faire des progr\u00e8s significatifs. Quoique les plans strat\u00e9giques puissent prioriser l\u2019accessibilit\u00e9, des actions restent n\u00e9cessaires pour concr\u00e9tiser les intentions. <\/pee><!-- [et_pb_line_break_holder] -->   <\/div>\n<p><!-- [et_pb_line_break_holder] --><\/div>\n<p><!-- [et_pb_line_break_holder] -->  <\/div>\n<p><!-- [et_pb_line_break_holder] --><\/div>\n<p>[\/et_pb_fullwidth_code][\/et_pb_section]<\/p>\n","protected":false},"excerpt":{"rendered":"","protected":false},"author":2,"featured_media":0,"parent":3513,"menu_order":0,"comment_status":"closed","ping_status":"closed","template":"","meta":{"_et_pb_use_builder":"on","_et_pb_old_content":"","_et_gb_content_width":"","footnotes":""},"class_list":["post-3523","page","type-page","status-publish","hentry"],"_links":{"self":[{"href":"https:\/\/accessibility.ecampusontario.ca\/fr\/wp-json\/wp\/v2\/pages\/3523","targetHints":{"allow":["GET"]}}],"collection":[{"href":"https:\/\/accessibility.ecampusontario.ca\/fr\/wp-json\/wp\/v2\/pages"}],"about":[{"href":"https:\/\/accessibility.ecampusontario.ca\/fr\/wp-json\/wp\/v2\/types\/page"}],"author":[{"embeddable":true,"href":"https:\/\/accessibility.ecampusontario.ca\/fr\/wp-json\/wp\/v2\/users\/2"}],"replies":[{"embeddable":true,"href":"https:\/\/accessibility.ecampusontario.ca\/fr\/wp-json\/wp\/v2\/comments?post=3523"}],"version-history":[{"count":10,"href":"https:\/\/accessibility.ecampusontario.ca\/fr\/wp-json\/wp\/v2\/pages\/3523\/revisions"}],"predecessor-version":[{"id":3617,"href":"https:\/\/accessibility.ecampusontario.ca\/fr\/wp-json\/wp\/v2\/pages\/3523\/revisions\/3617"}],"up":[{"embeddable":true,"href":"https:\/\/accessibility.ecampusontario.ca\/fr\/wp-json\/wp\/v2\/pages\/3513"}],"wp:attachment":[{"href":"https:\/\/accessibility.ecampusontario.ca\/fr\/wp-json\/wp\/v2\/media?parent=3523"}],"curies":[{"name":"wp","href":"https:\/\/api.w.org\/{rel}","templated":true}]}}