{"id":3513,"date":"2025-05-14T13:56:42","date_gmt":"2025-05-14T17:56:42","guid":{"rendered":"https:\/\/accessibility.ecampusontario.ca\/lived-experience-repository\/"},"modified":"2025-05-26T14:36:50","modified_gmt":"2025-05-26T18:36:50","slug":"lived-experience-repository","status":"publish","type":"page","link":"https:\/\/accessibility.ecampusontario.ca\/fr\/accessibilite\/bases\/lived-experience-repository\/","title":{"rendered":"Lived Experience Repository"},"content":{"rendered":"<p>[et_pb_section fb_built=\u00a0\u00bb1&Prime; fullwidth=\u00a0\u00bbon\u00a0\u00bb _builder_version=\u00a0\u00bb4.23.4&Prime; _module_preset=\u00a0\u00bbdefault\u00a0\u00bb global_colors_info=\u00a0\u00bb{}\u00a0\u00bb][et_pb_fullwidth_code _builder_version=\u00a0\u00bb4.23.4&Prime; _module_preset=\u00a0\u00bbdefault\u00a0\u00bb hover_enabled=\u00a0\u00bb0&Prime; global_colors_info=\u00a0\u00bb{}\u00a0\u00bb sticky_enabled=\u00a0\u00bb0&Prime;]<\/p>\n<div class=\"ec-banner-main\"><!-- [et_pb_line_break_holder] -->  <\/p>\n<div class=\"ec-banner-content\"><!-- [et_pb_line_break_holder] -->    <\/p>\n<h1>R\u00e9pertoire des exp\u00e9riences v\u00e9cues<\/h1>\n<p><!-- [et_pb_line_break_holder] --><!-- [et_pb_line_break_holder] -->  <\/div>\n<p><!-- [et_pb_line_break_holder] -->  <\/p>\n<div class=\"ec-banner-img\"><!-- [et_pb_line_break_holder] -->    <img decoding=\"async\" alt=\"\" src=\"\/wp-content\/uploads\/2025\/05\/Landing-header-image.jpg\"><!-- [et_pb_line_break_holder] -->  <\/div>\n<p><!-- [et_pb_line_break_holder] --><\/div>\n<p><!-- [et_pb_line_break_holder] --><\/p>\n<div class=\"ec-breadcrumbs\"><\/div>\n<p><!-- [et_pb_line_break_holder] --><\/p>\n<div class=\"ec-heading-row\"><!-- [et_pb_line_break_holder] -->  <\/p>\n<h2>Introduction<\/h2>\n<p><!-- [et_pb_line_break_holder] --><\/div>\n<p><!-- [et_pb_line_break_holder] --><\/p>\n<div class=\"ec-row\"><!-- [et_pb_line_break_holder] -->  <\/p>\n<div class=\"ec-col ec-col-1w\"><!-- [et_pb_line_break_holder] -->    <pee>Le paysage de l\u2019enseignement postsecondaire en Ontario pr\u00e9sente une s\u00e9rie de d\u00e9fis et de possibilit\u00e9s pour les personnes handicap\u00e9es. Ce recueil rassemble des t\u00e9moignages d\u2019\u00e9tudiant\u00b7e\u00b7s, d\u2019enseignant\u00b7e\u00b7s et de membres du personnel, qui explorent leur parcours unique dans les diff\u00e9rents \u00e9tablissements d\u2019enseignement sup\u00e9rieur et les diff\u00e9rentes aides qui leur sont offertes. Fruit d\u2019une s\u00e9rie d\u2019entretiens approfondis, ces r\u00e9cits mettent en \u00e9vidence les aides les plus utiles, tout en r\u00e9v\u00e9lant les obstacles d\u2019ordre pratique et les adaptations n\u00e9cessaires pour acc\u00e9der et participer aux milieux universitaires et s\u2019y retrouver. eCampusOntario a \u00e9labor\u00e9 ce recueil de t\u00e9moignages pour \u00e9largir les horizons, \u00e9duquer et mettre en \u00e9vidence les sph\u00e8res de l\u2019enseignement postsecondaire o\u00f9 l\u2019inclusivit\u00e9 peut \u00eatre am\u00e9lior\u00e9e en Ontario. <\/pee><!-- [et_pb_line_break_holder] -->  <\/div>\n<p><!-- [et_pb_line_break_holder] --><\/div>\n<p><!-- [et_pb_line_break_holder] --><\/p>\n<section class=\"alternating-read-more-blocks\"><!-- [et_pb_line_break_holder] -->  <\/p>\n<div class=\"ec-heading-row\"><!-- [et_pb_line_break_holder] -->    <\/p>\n<h2>Histoires<\/h2>\n<p><!-- [et_pb_line_break_holder] -->  <\/div>\n<p><!-- [et_pb_line_break_holder] --><\/section>\n<p><!-- [et_pb_line_break_holder] --><\/p>\n<div class=\"ec-row\"><!-- [et_pb_line_break_holder] -->  <!-- [et_pb_line_break_holder] -->  <!-- [et_pb_line_break_holder] -->   <\/p>\n<div class=\"ec-col ec-col-4w\" style=\"display: flex ; justify-content: center; text-align: center;\"><!-- [et_pb_line_break_holder] -->   <a href=\"https:\/\/accessibility.ecampusontario.ca\/fr\/lived-experience-repository\/emma-undergraduate-student\/\"><!-- [et_pb_line_break_holder] -->  <!-- [et_pb_line_break_holder] -->       <img decoding=\"async\"  alt=\"\" src=\"\/wp-content\/uploads\/2025\/05\/Emma-e1747763900104.png\"><!-- [et_pb_line_break_holder] -->    <pee><!-- [et_pb_line_break_holder] -->       <Strong> Emma, \u00c9tudiante <\/Strong><!-- [et_pb_line_break_holder] -->    <\/pee><!-- [et_pb_line_break_holder] -->    <\/a><!-- [et_pb_line_break_holder] -->  <\/div>\n<p><!-- [et_pb_line_break_holder] -->  <\/p>\n<div class=\"ec-col ec-col-4w\" style=\"display: flex ; justify-content: center; text-align: center;\"><!-- [et_pb_line_break_holder] -->    <!-- [et_pb_line_break_holder] -->      <a href=\"https:\/\/accessibility.ecampusontario.ca\/fr\/lived-experience-repository\/jessica-staff\/\"><!-- [et_pb_line_break_holder] -->     <img decoding=\"async\"  alt=\"Jessica Blackwood holding the 2022 CUCCIO Community award for their work in digital accessibility at McMaster.\" src=\"\/wp-content\/uploads\/2025\/05\/Jessica-e1747763928197.jpg\"><!-- [et_pb_line_break_holder] -->    <pee><!-- [et_pb_line_break_holder] -->       <Strong>Jessica, Membre du personnel <\/Strong><!-- [et_pb_line_break_holder] -->    <\/pee><!-- [et_pb_line_break_holder] -->    <\/a><!-- [et_pb_line_break_holder] -->  <\/div>\n<p><!-- [et_pb_line_break_holder] -->  <\/p>\n<div class=\"ec-col ec-col-4w\" style=\"display: flex ; justify-content: center; text-align: center;\"><!-- [et_pb_line_break_holder] -->    <a href=\"https:\/\/accessibility.ecampusontario.ca\/fr\/lived-experience-repository\/anonymous-phd-student\/\"><!-- [et_pb_line_break_holder] -->    <img decoding=\"async\"  alt=\"\" src=\"\/wp-content\/uploads\/2025\/05\/student-icon-e1748030743845.png\"><!-- [et_pb_line_break_holder] -->    <pee><!-- [et_pb_line_break_holder] -->       <strong>Anonyme, Personne \u00e9tudiante au doctorat<\/strong><!-- [et_pb_line_break_holder] -->    <\/pee><!-- [et_pb_line_break_holder] -->    <\/a><!-- [et_pb_line_break_holder] -->  <\/div>\n<p><!-- [et_pb_line_break_holder] -->   <\/p>\n<div class=\"ec-col ec-col-4w pr-2\" style=\"display: flex ; justify-content: center; text-align: center;\"><!-- [et_pb_line_break_holder] -->    <a href=\"https:\/\/accessibility.ecampusontario.ca\/fr\/lived-experience-repository\/anonymous-staff\/\"><!-- [et_pb_line_break_holder] -->    <img decoding=\"async\"  alt=\"\" src=\"\/wp-content\/uploads\/2025\/05\/staff-icon-e1748017545535.png\"><!-- [et_pb_line_break_holder] -->    <pee><!-- [et_pb_line_break_holder] -->     <strong>Anonyme, Sp\u00e9cialiste en technologies d\u2019assistance  <\/strong> <!-- [et_pb_line_break_holder] -->    <\/pee><!-- [et_pb_line_break_holder] -->    <\/a><!-- [et_pb_line_break_holder] -->  <\/div>\n<p><!-- [et_pb_line_break_holder] -->  <\/div>\n<p><!-- [et_pb_line_break_holder] --><\/p>\n<div class=\"ec-row\"><!-- [et_pb_line_break_holder] -->  <!-- [et_pb_line_break_holder] -->  <!-- [et_pb_line_break_holder] -->   <\/p>\n<div class=\"ec-col ec-col-4w\" style=\"display: flex ; justify-content: center; text-align: center;\"><!-- [et_pb_line_break_holder] -->    <a href=\"https:\/\/accessibility.ecampusontario.ca\/fr\/lived-experience-repository\/anonymous-student\/\"><!-- [et_pb_line_break_holder] -->    <img decoding=\"async\"  alt=\"\" src=\"\/wp-content\/uploads\/2025\/05\/student-icon-e1748030743845.png\"><!-- [et_pb_line_break_holder] -->    <pee><!-- [et_pb_line_break_holder] -->    <strong>  Anonyme, \u00e9tudiante <\/strong><!-- [et_pb_line_break_holder] -->    <\/pee><!-- [et_pb_line_break_holder] -->    <\/a><!-- [et_pb_line_break_holder] -->  <\/div>\n<p><!-- [et_pb_line_break_holder] --><\/div>\n<p><!-- [et_pb_line_break_holder] -->[\/et_pb_fullwidth_code][\/et_pb_section]<\/p>\n","protected":false},"excerpt":{"rendered":"","protected":false},"author":2,"featured_media":0,"parent":2754,"menu_order":0,"comment_status":"closed","ping_status":"closed","template":"","meta":{"_et_pb_use_builder":"on","_et_pb_old_content":"","_et_gb_content_width":"","footnotes":""},"class_list":["post-3513","page","type-page","status-publish","hentry"],"_links":{"self":[{"href":"https:\/\/accessibility.ecampusontario.ca\/fr\/wp-json\/wp\/v2\/pages\/3513","targetHints":{"allow":["GET"]}}],"collection":[{"href":"https:\/\/accessibility.ecampusontario.ca\/fr\/wp-json\/wp\/v2\/pages"}],"about":[{"href":"https:\/\/accessibility.ecampusontario.ca\/fr\/wp-json\/wp\/v2\/types\/page"}],"author":[{"embeddable":true,"href":"https:\/\/accessibility.ecampusontario.ca\/fr\/wp-json\/wp\/v2\/users\/2"}],"replies":[{"embeddable":true,"href":"https:\/\/accessibility.ecampusontario.ca\/fr\/wp-json\/wp\/v2\/comments?post=3513"}],"version-history":[{"count":10,"href":"https:\/\/accessibility.ecampusontario.ca\/fr\/wp-json\/wp\/v2\/pages\/3513\/revisions"}],"predecessor-version":[{"id":3621,"href":"https:\/\/accessibility.ecampusontario.ca\/fr\/wp-json\/wp\/v2\/pages\/3513\/revisions\/3621"}],"up":[{"embeddable":true,"href":"https:\/\/accessibility.ecampusontario.ca\/fr\/wp-json\/wp\/v2\/pages\/2754"}],"wp:attachment":[{"href":"https:\/\/accessibility.ecampusontario.ca\/fr\/wp-json\/wp\/v2\/media?parent=3513"}],"curies":[{"name":"wp","href":"https:\/\/api.w.org\/{rel}","templated":true}]}}