{"id":2830,"date":"2024-03-07T10:58:09","date_gmt":"2024-03-07T15:58:09","guid":{"rendered":"https:\/\/accessibility.ecampusontario.ca\/accessibilite\/modeles-et-directives\/microsoft-word\/"},"modified":"2024-03-21T11:05:57","modified_gmt":"2024-03-21T15:05:57","slug":"microsoft-word","status":"publish","type":"page","link":"https:\/\/accessibility.ecampusontario.ca\/fr\/accessibilite\/modeles-et-directives\/microsoft-word\/","title":{"rendered":"Microsoft Word"},"content":{"rendered":"<p>[et_pb_section fb_built=\u00a0\u00bb1&Prime; fullwidth=\u00a0\u00bbon\u00a0\u00bb module_class=\u00a0\u00bbec-content\u00a0\u00bb _builder_version=\u00a0\u00bb4.23.4&Prime; _module_preset=\u00a0\u00bbdefault\u00a0\u00bb background_color=\u00a0\u00bbRGBA(255,255,255,0)\u00a0\u00bb global_colors_info=\u00a0\u00bb{}\u00a0\u00bb][et_pb_fullwidth_code _builder_version=\u00a0\u00bb4.23.4&Prime; _module_preset=\u00a0\u00bbdefault\u00a0\u00bb hover_enabled=\u00a0\u00bb0&Prime; global_colors_info=\u00a0\u00bb{}\u00a0\u00bb sticky_enabled=\u00a0\u00bb0&Prime;]<\/p>\n<div class=\"ec-banner-main\"><!-- [et_pb_line_break_holder] -->  <\/p>\n<div class=\"ec-banner-content\"><!-- [et_pb_line_break_holder] -->    <\/p>\n<h1 lang=\"en\">Microsoft Word<\/h1>\n<p><!-- [et_pb_line_break_holder] -->    <pee>Exemple de mod\u00e8les et lignes directrices pour la cr\u00e9ation de documents accessibles<\/pee><!-- [et_pb_line_break_holder] -->  <\/div>\n<p><!-- [et_pb_line_break_holder] -->  <\/p>\n<div class=\"ec-banner-img\"><!-- [et_pb_line_break_holder] -->    <img decoding=\"async\" alt=\"\" src=\"\/wp-content\/uploads\/2024\/02\/templates-guidelines-word-docs.jpg\"><!-- [et_pb_line_break_holder] -->  <\/div>\n<p><!-- [et_pb_line_break_holder] --><\/div>\n<p><!-- [et_pb_line_break_holder] --><\/p>\n<div class=\"ec-breadcrumbs\"><\/div>\n<p><!-- [et_pb_line_break_holder] --><\/p>\n<div class=\"ec-heading-row\"><!-- [et_pb_line_break_holder] -->  <\/p>\n<h2>Mod\u00e8le <span lang=\"en\">Microsoft Word<\/span><\/h2>\n<p><!-- [et_pb_line_break_holder] --><\/div>\n<p><!-- [et_pb_line_break_holder] --><\/p>\n<div class=\"ec-row ec-tangerine-lt\"><!-- [et_pb_line_break_holder] -->  <\/p>\n<div class=\"ec-col ec-col-2w\"><!-- [et_pb_line_break_holder] -->    <pee class=\"text-center\"><!-- [et_pb_line_break_holder] -->      <img decoding=\"async\" alt=\"\" src=\"\/wp-content\/uploads\/2024\/02\/word-document-wht.png\"><!-- [et_pb_line_break_holder] -->    <\/pee><!-- [et_pb_line_break_holder] -->  <\/div>\n<p><!-- [et_pb_line_break_holder] -->  <\/p>\n<div class=\"ec-col ec-col-2w\"><!-- [et_pb_line_break_holder] -->    <pee>Utiliser l\u2019exemple de document suivant comme point de d\u00e9part pour cr\u00e9er des documents accessibles dans <span lang=\"en\">Microsoft Word<\/span>. Il est important de noter que vous devez suivre les directives ci-dessous pour vous assurer de prendre des mesures d\u2019accessibilit\u00e9 avec le contenu que vous ajoutez au mod\u00e8le. Veuillez-vous r\u00e9f\u00e9rer aux directives qui suivent pour plus d\u2019instructions.<\/pee><!-- [et_pb_line_break_holder] -->    <pee><a href=\"\/wp-content\/uploads\/2024\/03\/Accessible_MSWord_Template_FR.docx\">T\u00e9l\u00e9chargez un mod\u00e8le <span lang=\"en\">Microsoft Word<\/span> de base avec des lignes directrices<\/a><\/pee><!-- [et_pb_line_break_holder] -->    <pee>Si vous recherchez quelque chose de plus sp\u00e9cifique, parcourez les mod\u00e8les accessibles gratuits fournis par <span lang=\"en\">Microsoft<\/span>. Assurez-vous de suivre les directives ci-dessous lorsque vous travaillez dans un mod\u00e8le, car ce sont des \u00e9tapes que vous devez suivre pour maintenir l\u2019accessibilit\u00e9 lors de l\u2019ajout de contenu dans le mod\u00e8le.<\/pee><!-- [et_pb_line_break_holder] -->    <pee><a class=\"ec-external-link\" href=\"https:\/\/support.microsoft.com\/fr-fr\/office\/acc%C3%A9der-%C3%A0-des-mod%C3%A8les-accessibles-pour-office-ca086caa-2bd2-4ac8-8c12-4cd495bd4d76\">Parcourez les mod\u00e8les accessibles de <span lang=\"en\">Microsoft<\/span> pour <span lang=\"en\">Word<\/span><\/a><\/pee><!-- [et_pb_line_break_holder] -->  <\/div>\n<p><!-- [et_pb_line_break_holder] --><\/div>\n<p><!-- [et_pb_line_break_holder] --><\/p>\n<div class=\"ec-heading-row\"><!-- [et_pb_line_break_holder] -->  <\/p>\n<h2>Lignes directrices pour <span lang=\"en\">Microsoft Word<\/span><\/h2>\n<p><!-- [et_pb_line_break_holder] --><\/div>\n<p><!-- [et_pb_line_break_holder] --><\/p>\n<div class=\"ec-row\"><!-- [et_pb_line_break_holder] -->  <\/p>\n<div class=\"ec-col ec-col-1w\"><!-- [et_pb_line_break_holder] -->    <pee>Utiliser les conseils suivants pour cr\u00e9er un document accessible aux lecteurs souffrant de divers handicaps.<\/pee><!-- [et_pb_line_break_holder] -->    <\/p>\n<h3>Utilisez le v\u00e9rificateur d\u2019accessibilit\u00e9 int\u00e9gr\u00e9<\/h3>\n<p><!-- [et_pb_line_break_holder] -->    <pee>Avant de commencer, vous devez activer le v\u00e9rificateur d\u2019accessibilit\u00e9 int\u00e9gr\u00e9 \u00e0 <span lang=\"en\">Microsoft Word<\/span>. Cela signalera tous les probl\u00e8mes qui surviennent pendant votre travail afin que vous puissiez les r\u00e9soudre imm\u00e9diatement sans commettre la m\u00eame erreur plus d\u2019une fois.<\/pee><!-- [et_pb_line_break_holder] -->    <\/p>\n<ul><!-- [et_pb_line_break_holder] -->     <\/p>\n<li>Pour lancer manuellement le v\u00e9rificateur d\u2019accessibilit\u00e9, s\u00e9lectionnez <strong>R\u00e9vision > V\u00e9rifier l\u2019accessibilit\u00e9<\/strong>. Le volet Accessibilit\u00e9 s\u2019ouvre et vous pouvez d\u00e9sormais examiner et r\u00e9soudre les probl\u00e8mes d\u2019accessibilit\u00e9.<\/li>\n<p><!-- [et_pb_line_break_holder] -->     <\/p>\n<li>Au bas du volet Accessibilit\u00e9, vous trouverez un lien vers le contenu d\u2019aide sur la mani\u00e8re de rendre les documents accessibles. Examinez les informations et utilisez-les comme guide pour vous assurer que le contenu que vous ajoutez \u00e0 ce mod\u00e8le respecte les meilleures pratiques en mati\u00e8re d\u2019accessibilit\u00e9.<\/li>\n<p><!-- [et_pb_line_break_holder] -->     <\/p>\n<li><a class=\"ec-external-link\" href=\"https:\/\/support.microsoft.com\/fr-fr\/office\/am%C3%A9liorer-l-accessibilit%C3%A9-%C3%A0-l-aide-du-v%C3%A9rificateur-d-accessibilit%C3%A9-a16f6de0-2f39-4a2b-8bd8-5ad801426c7f\">Am\u00e9liorer l\u2019accessibilit\u00e9 \u00e0 l\u2019aide du V\u00e9rificateur d\u2019accessibilit\u00e9<\/a><\/li>\n<p><!-- [et_pb_line_break_holder] -->    <\/ul>\n<p> <!-- [et_pb_line_break_holder] -->    <\/p>\n<h3>Structure avec titres<\/h3>\n<p><!-- [et_pb_line_break_holder] -->    <pee>Les niveaux de titre (par exemple Titre 1, Titre 2, Titre 3, etc.) servent de guide structurel et de navigation pour le contenu d\u2019un document, transmettant la hi\u00e9rarchie des informations et les connexions entre les diff\u00e9rentes sections.<\/pee><!-- [et_pb_line_break_holder] -->    <\/p>\n<ul><!-- [et_pb_line_break_holder] -->     <\/p>\n<li>Utiliser les styles de titre trouv\u00e9s dans la <strong>galerie de styles<\/strong> de l\u2019onglet <strong>Accueil<\/strong>.<\/li>\n<p><!-- [et_pb_line_break_holder] -->     <\/p>\n<li>Ne cr\u00e9ez pas de titres en modifiant simplement la taille de la police et ne sautez pas de niveaux.<\/li>\n<p><!-- [et_pb_line_break_holder] -->     <\/p>\n<li>Voir <a href=\"\/fr\/accessibilite\/bonnes-pratiques\/titres-et-listes\/\">Bonnes pratiques&nbsp;: Structure avec titres et listes<\/a> pour plus de d\u00e9tails.<\/li>\n<p><!-- [et_pb_line_break_holder] -->     <\/p>\n<li><a class=\"ec-external-link\" href=\"https:\/\/support.microsoft.com\/fr-fr\/office\/ajouter-un-titre-3eb8b917-56dc-4a17-891a-a026b2c790f2?ns=WINWORD&#038;version=90\">Ajouter un niveau de titre dans <span lang=\"en\">Word<\/span><\/a>.<\/li>\n<p><!-- [et_pb_line_break_holder] -->    <\/ul>\n<p> <!-- [et_pb_line_break_holder] -->    <\/p>\n<h3>Utiliser des listes num\u00e9rot\u00e9es et \u00e0 puces<\/h3>\n<p><!-- [et_pb_line_break_holder] -->    <pee>Les listes num\u00e9rot\u00e9es et \u00e0 puces sont faciles \u00e0 suivre et \u00e0 lire par les lecteurs d\u2019\u00e9cran. Il existe deux types de listes&nbsp;: ordonn\u00e9es et non ordonn\u00e9es. Si l\u2019ordre du contenu de votre liste est s\u00e9quentiel, il est important d\u2019utiliser une liste ordonn\u00e9e.<\/pee><!-- [et_pb_line_break_holder] -->    <\/p>\n<ul><!-- [et_pb_line_break_holder] -->     <\/p>\n<li><a class=\"ec-external-link\" href=\"https:\/\/support.microsoft.com\/fr-fr\/office\/cr%C3%A9er-une-liste-%C3%A0-puces-ou-une-liste-num%C3%A9rot%C3%A9e-9ff81241-58a8-4d88-8d8c-acab3006a23e?ns=WINWORD&#038;version=90\">Cr\u00e9er une liste num\u00e9rot\u00e9e ou une liste \u00e0 puces<\/a><\/li>\n<p><!-- [et_pb_line_break_holder] -->    <\/ul>\n<p> <!-- [et_pb_line_break_holder] -->    <\/p>\n<h3>Ajoutez un texte de remplacement pour les images<\/h3>\n<p><!-- [et_pb_line_break_holder] -->    <pee>Le texte de remplacement vous permet d\u2019ajouter des descriptions \u00e9crite aux images afin que les personnes utilisant des technologies d\u2019assistance telles que lecteurs d\u2019\u00e9cran puissent entendre une description audio de ce qui est repr\u00e9sent\u00e9.<\/pee><!-- [et_pb_line_break_holder] -->    <\/p>\n<ul><!-- [et_pb_line_break_holder] -->     <\/p>\n<li>Apr\u00e8s avoir ins\u00e9r\u00e9 une image, s\u00e9lectionnez l\u2019image et cliquez avec le bouton droit pour choisir <strong>Afficher le texte de remplacement<\/strong>. Dans la bo\u00eete de dialogue qui appara\u00eet, ajoutez ou modifiez une description.<\/li>\n<p><!-- [et_pb_line_break_holder] -->     <\/p>\n<li>Si une image est d\u00e9corative et n\u2019est pas importante pour la compr\u00e9hension du contenu, cochez la case \u00e0 c\u00f4t\u00e9 de \u00ab&nbsp;Marquer comme d\u00e9coratif&nbsp;\u00bb dans les options Afficher le texte de remplacement.<\/li>\n<p><!-- [et_pb_line_break_holder] -->     <\/p>\n<li>Voir <a href=\"\/fr\/accessibilite\/bonnes-pratiques\/texte-de-remplacement\/\">Bonnes pratiques&nbsp;: D\u00e9crire des images \u00e0 l\u2019aide de texte<\/a> pour plus de d\u00e9tails.<\/li>\n<p><!-- [et_pb_line_break_holder] -->     <\/p>\n<li><a class=\"ec-external-link\" href=\"https:\/\/support.microsoft.com\/fr-fr\/office\/ajouter-du-texte-de-remplacement-%C3%A0-une-forme-une-image-un-graphique-un-graphique-smartart-ou-un-autre-objet-44989b2a-903c-4d9a-b742-6a75b451c669\">Ajouter du texte de remplacement \u00e0 une forme, une image, un graphique, un graphique SmartArt ou un autre objet<\/a>.<\/li>\n<p><!-- [et_pb_line_break_holder] -->    <\/ul>\n<p> <!-- [et_pb_line_break_holder] -->    <\/p>\n<h3>R\u00e9diger des descriptions pour les liens<\/h3>\n<p><!-- [et_pb_line_break_holder] -->    <pee>Les hyperliens vers des sites Web ou des ressources en ligne doivent inclure une description compl\u00e8te de la destination.<\/pee><!-- [et_pb_line_break_holder] -->    <\/p>\n<ul><!-- [et_pb_line_break_holder] -->     <\/p>\n<li>L\u2019utilisation de l\u2019adresse URL compl\u00e8te comme texte de l\u2019hyperlien (par exemple <a class=\"ec-external-link\" href=\"https:\/\/www.google.ca\">https:\/\/www.google.ca<\/a>) peut pr\u00eater \u00e0 confusion lorsqu\u2019elle est lue par un lecteur d\u2019\u00e9cran, surtout si elle est longue.<\/li>\n<p><!-- [et_pb_line_break_holder] -->     <\/p>\n<li>Une erreur courante consiste \u00e0 utiliser des expressions telles que \u00ab&nbsp;Cliquez ici&nbsp;\u00bb comme textes d\u2019affichage pour les hyperliens, qui n\u2019incluent pas de description de la destination du lien ou de sa fonction.<\/li>\n<p><!-- [et_pb_line_break_holder] -->     <\/p>\n<li>Si le titre sur la page de destination de l\u2019hyperlien donne un r\u00e9sum\u00e9 pr\u00e9cis du contenu de la page, utilisez-le pour le texte de l\u2019hyperlien.<\/li>\n<p><!-- [et_pb_line_break_holder] -->     <\/p>\n<li><a class=\"ec-external-link\" href=\"https:\/\/support.microsoft.com\/fr-fr\/office\/vid%C3%A9o-cr%C3%A9er-des-liens-accessibles-dans-word-28305cc8-3be2-417c-a313-dc22082d1ee0\">Cr\u00e9er des liens accessibles dans <span lang=\"en\">Word<\/span><\/a>.<\/li>\n<p><!-- [et_pb_line_break_holder] -->    <\/ul>\n<p> <!-- [et_pb_line_break_holder] -->    <\/p>\n<h3>Choisissez les couleurs et le contraste avec soin<\/h3>\n<p><!-- [et_pb_line_break_holder] -->    <pee>V\u00e9rifiez le contraste des couleurs et utilisez des arri\u00e8re-plans simples. L\u2019augmentation du contraste des couleurs facilite la visualisation pour les personnes malvoyantes.<\/pee><!-- [et_pb_line_break_holder] -->    <\/p>\n<ul><!-- [et_pb_line_break_holder] -->     <\/p>\n<li>Les directives pour l\u2019accessibilit\u00e9 du contenu Web (WCAG) 2.0 recommandent un rapport minimum de 4,5&nbsp;:&nbsp;1 pour les textes volumineux et de 7&nbsp;:&nbsp;1 pour les autres textes et images. Par exemple, \u00e9vitez le texte gris clair sur fond blanc ou le texte sur un fond photographique multicolore.<\/li>\n<p><!-- [et_pb_line_break_holder] -->     <\/p>\n<li>Voir <a href=\"\/fr\/accessibilite\/bonnes-pratiques\/couleurs\/\">Voir Bonnes pratiques&nbsp;: Choisissez les couleurs et le contraste avec soin<\/a> pour plus de d\u00e9tails.<\/li>\n<p><!-- [et_pb_line_break_holder] -->     <\/p>\n<li>Pour v\u00e9rifier le contraste, utilisez l\u2019outil suivant&nbsp;: <a class=\"ec-external-link\" href=\"http:\/\/webaim.org\/resources\/contrastchecker\/\">WebAIM contrast checker<span class=\"visually-hidden\"> (Offert en anglais seulement)<\/span><\/a> Un site Web qui vous permet de saisir des valeurs pour obtenir une note de r\u00e9ussite\/\u00e9chec bas\u00e9e sur la conformit\u00e9 WCAG. <span aria-hidden=\"true\">(Offert en anglais seulement)<\/span>.<\/li>\n<p><!-- [et_pb_line_break_holder] -->    <\/ul>\n<p> <!-- [et_pb_line_break_holder] -->    <\/p>\n<h3>V\u00e9rifier la taille et l\u2019alignement du texte<\/h3>\n<p><!-- [et_pb_line_break_holder] -->    <pee>Pour am\u00e9liorer la lisibilit\u00e9 de votre document, tenez compte du type de police, de sa taille, de son espacement et de son alignement. Les polices trop petites ou trop d\u00e9coratives risquent de ne pas \u00eatre lisibles par certains utilisateurs.<\/pee><!-- [et_pb_line_break_holder] -->    <\/p>\n<ul><!-- [et_pb_line_break_holder] -->     <\/p>\n<li>Dans la mesure du possible, alignez le texte \u00e0 gauche. Le texte justifi\u00e9 est plus difficile \u00e0 lire en raison de l\u2019espace suppl\u00e9mentaire entre les mots.<\/li>\n<p><!-- [et_pb_line_break_holder] -->     <\/p>\n<li>Utiliser des polices sans empattement avec un espacement suffisant entre les lettres (par exemple Arial, Verdana, Helvetica, Century Gothic).<\/li>\n<p><!-- [et_pb_line_break_holder] -->     <\/p>\n<li>Utilisez des polices de 11 \u00e0 14 points pour le corps du texte.<\/li>\n<p><!-- [et_pb_line_break_holder] -->     <\/p>\n<li>\u00c9viter d\u2019utiliser l\u2019italique car cela peut rendre le texte plus difficile \u00e0 lire.<\/li>\n<p><!-- [et_pb_line_break_holder] -->     <\/p>\n<li>\u00c9vitez ou limitez l\u2019utilisation des majuscules pour les mots entiers et les titres. Les lecteurs dyslexiques peuvent trouver les lettres minuscules plus faciles \u00e0 lire, et l\u2019utilisation excessive des lettres majuscules peut provoquer une surcharge et donner l\u2019impression que le texte est trop long.<\/li>\n<p><!-- [et_pb_line_break_holder] -->     <\/p>\n<li>Utiliser le soulignement uniquement pour le texte d\u2019un hyperlien afin d\u2019aider les utilisateurs \u00e0 \u00eatre certains que le texte est un lien.<\/li>\n<p><!-- [et_pb_line_break_holder] -->     <\/p>\n<li>Augmenter l\u00e9g\u00e8rement l\u2019interligne permet d\u2019\u00e9viter d\u2019encombrer le texte, ce qui permet aux personnes dyslexiques de suivre plus facilement les lignes<\/li>\n<p><!-- [et_pb_line_break_holder] -->     <\/p>\n<li><a class=\"ec-external-link\" href=\"https:\/\/support.microsoft.com\/fr-fr\/office\/utiliser-des-styles-dans-word-pour-le-web-ec9b0f9e-a4ae-43a1-b861-dd50747410bb\">Modifier l\u2019apparence des paragraphes et des polices dans <span lang=\"en\">Microsoft Word<\/span><\/a><\/li>\n<p><!-- [et_pb_line_break_holder] -->    <\/ul>\n<p> <!-- [et_pb_line_break_holder] -->    <\/p>\n<h3>Assurez-vous que les en-t\u00eates et les pieds de page sont correctement format\u00e9s<\/h3>\n<p><!-- [et_pb_line_break_holder] -->    <pee>Lorsque les en-t\u00eates et les pieds de page sont saisis sous forme de texte sur chaque page, les utilisateurs de technologies adaptatives peuvent les confondre avec le contenu de la page. Par cons\u00e9quent, ne cr\u00e9ez pas d\u2019en-t\u00eates et de pieds de page accessibles dans la zone modifiable du document, mais s\u00e9lectionnez plut\u00f4t <strong>Ins\u00e9rer > En-t\u00eate ou pied de page<\/strong>.<\/pee><!-- [et_pb_line_break_holder] -->    <\/p>\n<ul><!-- [et_pb_line_break_holder] -->     <\/p>\n<li><a class=\"ec-external-link\" href=\"https:\/\/support.microsoft.com\/fr-fr\/office\/ins%C3%A9rer-un-en-t%C3%AAte-ou-un-pied-de-page-b87ee4df-abc1-41f8-995b-b39f6d99c7ed\">Ins\u00e9rer un en-t\u00eate ou un pied de page<\/a><\/li>\n<p><!-- [et_pb_line_break_holder] -->    <\/ul>\n<p> <!-- [et_pb_line_break_holder] -->    <\/p>\n<h3>Utilisez des tableaux simples pour les donn\u00e9es, pas pour la mise en page<\/h3>\n<p><!-- [et_pb_line_break_holder] -->    <pee>Un tableau doit \u00eatre lu dans un ordre logique afin de pouvoir \u00eatre lu \u00e0 haute voix par les technologies d\u2019assistance. La cl\u00e9 pour cr\u00e9er un tableau accessible est de cr\u00e9er des titres concis et descriptifs et d\u2019ajouter un texte de remplacement qui r\u00e9sume le tableau.<\/pee><!-- [et_pb_line_break_holder] -->    <\/p>\n<ul><!-- [et_pb_line_break_holder] -->     <\/p>\n<li>\u00c9vitez les cellules vides, les cellules fusionn\u00e9es et les tableaux entrem\u00eal\u00e9, car ces approches rendent le tableau difficile \u00e0 parcourir au clavier et illogique lorsqu\u2019il est lu avec un lecteur d\u2019\u00e9cran.<\/li>\n<p><!-- [et_pb_line_break_holder] -->     <\/p>\n<li>La premi\u00e8re rang\u00e9e du tableau doit \u00eatre d\u00e9sign\u00e9e comme rang\u00e9e d\u2019en-t\u00eate.<\/li>\n<p><!-- [et_pb_line_break_holder] -->     <\/p>\n<li>Dans les produits <span lang=\"en\">Microsoft<\/span>, vous pouvez \u00e9galement ajouter du texte de remplacement qui aidera les utilisateurs \u00e0 comprendre la structure. Pour acc\u00e9der au texte de remplacement, s\u00e9lectionnez le tableau, faites un clic droit et choisissez <strong>Propri\u00e9t\u00e9s du tableau > Texte de remplacement<\/strong>.<\/li>\n<p><!-- [et_pb_line_break_holder] -->     <\/p>\n<li><a class=\"ec-external-link\" href=\"https:\/\/support.microsoft.com\/fr-fr\/office\/vid%C3%A9o-cr%C3%A9er-des-tableaux-accessibles-dans-word-cb464015-59dc-46a0-ac01-6217c62210e5\">Comment Cr\u00e9er des tableaux accessibles dans <span lang=\"en\">Word<\/span><\/a><\/li>\n<p><!-- [et_pb_line_break_holder] -->    <\/ul>\n<p> <!-- [et_pb_line_break_holder] -->    <\/p>\n<h3>Utiliser des \u00e9tiquettes de texte pour les graphiques et les diagrammes<\/h3>\n<p><!-- [et_pb_line_break_holder] -->    <pee>Assurez-vous que le style de graphique que vous choisissez comprend des \u00e9tiquettes de texte, ne d\u00e9pend pas uniquement de la couleur \u00e0 comprendre et que le contraste des couleurs est appropri\u00e9.<\/pee><!-- [et_pb_line_break_holder] -->    <\/p>\n<ul><!-- [et_pb_line_break_holder] -->     <\/p>\n<li>S\u00e9lectionnez le graphique, cliquez avec le bouton droit et choisissez Afficher le texte de remplacement pour ajouter ou modifier une description textuelle qui aidera les utilisateurs de lecteurs d\u2019\u00e9cran \u00e0 comprendre le contenu du graphique.<\/li>\n<p><!-- [et_pb_line_break_holder] -->     <\/p>\n<li>Selon la complexit\u00e9 de votre graphique, il peut \u00eatre avantageux de le construire dans <span lang=\"en\">Excel<\/span> \u00e0 l\u2019aide du tutoriel suivant puis de l\u2019importer dans <span lang=\"en\">Word<\/span>&nbsp;:<!-- [et_pb_line_break_holder] -->\n<ul><!-- [et_pb_line_break_holder] -->       <\/p>\n<li><a class=\"ec-external-link\" href=\"https:\/\/support.microsoft.com\/fr-fr\/office\/vid%C3%A9o-cr%C3%A9er-des-graphiques-plus-accessibles-dans-excel-19e81ce7-88af-4a3f-a4ef-a26c344527b3\">Comment Cr\u00e9er des graphiques plus accessibles dans <span lang=\"en\">Excel<\/span><\/a><\/li>\n<p><!-- [et_pb_line_break_holder] -->      <\/ul>\n<p><!-- [et_pb_line_break_holder] -->     <\/li>\n<p><!-- [et_pb_line_break_holder] -->    <\/ul>\n<p><!-- [et_pb_line_break_holder] -->  <\/div>\n<p><!-- [et_pb_line_break_holder] --><\/div>\n<p>[\/et_pb_fullwidth_code][\/et_pb_section]<\/p>\n","protected":false},"excerpt":{"rendered":"","protected":false},"author":1058,"featured_media":0,"parent":2771,"menu_order":0,"comment_status":"closed","ping_status":"closed","template":"","meta":{"_et_pb_use_builder":"on","_et_pb_old_content":"","_et_gb_content_width":"","footnotes":""},"class_list":["post-2830","page","type-page","status-publish","hentry"],"_links":{"self":[{"href":"https:\/\/accessibility.ecampusontario.ca\/fr\/wp-json\/wp\/v2\/pages\/2830","targetHints":{"allow":["GET"]}}],"collection":[{"href":"https:\/\/accessibility.ecampusontario.ca\/fr\/wp-json\/wp\/v2\/pages"}],"about":[{"href":"https:\/\/accessibility.ecampusontario.ca\/fr\/wp-json\/wp\/v2\/types\/page"}],"author":[{"embeddable":true,"href":"https:\/\/accessibility.ecampusontario.ca\/fr\/wp-json\/wp\/v2\/users\/1058"}],"replies":[{"embeddable":true,"href":"https:\/\/accessibility.ecampusontario.ca\/fr\/wp-json\/wp\/v2\/comments?post=2830"}],"version-history":[{"count":11,"href":"https:\/\/accessibility.ecampusontario.ca\/fr\/wp-json\/wp\/v2\/pages\/2830\/revisions"}],"predecessor-version":[{"id":3309,"href":"https:\/\/accessibility.ecampusontario.ca\/fr\/wp-json\/wp\/v2\/pages\/2830\/revisions\/3309"}],"up":[{"embeddable":true,"href":"https:\/\/accessibility.ecampusontario.ca\/fr\/wp-json\/wp\/v2\/pages\/2771"}],"wp:attachment":[{"href":"https:\/\/accessibility.ecampusontario.ca\/fr\/wp-json\/wp\/v2\/media?parent=2830"}],"curies":[{"name":"wp","href":"https:\/\/api.w.org\/{rel}","templated":true}]}}