{"id":2827,"date":"2024-03-07T10:57:56","date_gmt":"2024-03-07T15:57:56","guid":{"rendered":"https:\/\/accessibility.ecampusontario.ca\/accessibilite\/modeles-et-directives\/microsoft-powerpoint\/"},"modified":"2024-09-05T14:59:16","modified_gmt":"2024-09-05T18:59:16","slug":"microsoft-powerpoint","status":"publish","type":"page","link":"https:\/\/accessibility.ecampusontario.ca\/fr\/accessibilite\/modeles-et-directives\/microsoft-powerpoint\/","title":{"rendered":"Microsoft PowerPoint"},"content":{"rendered":"<p>[et_pb_section fb_built=\u00a0\u00bb1&Prime; fullwidth=\u00a0\u00bbon\u00a0\u00bb module_class=\u00a0\u00bbec-content\u00a0\u00bb _builder_version=\u00a0\u00bb4.23.4&Prime; _module_preset=\u00a0\u00bbdefault\u00a0\u00bb background_color=\u00a0\u00bbRGBA(255,255,255,0)\u00a0\u00bb global_colors_info=\u00a0\u00bb{}\u00a0\u00bb][et_pb_fullwidth_code _builder_version=\u00a0\u00bb4.23.4&Prime; _module_preset=\u00a0\u00bbdefault\u00a0\u00bb global_colors_info=\u00a0\u00bb{}\u00a0\u00bb]<\/p>\n<div class=\"ec-banner-main\"><!-- [et_pb_line_break_holder] -->  <\/p>\n<div class=\"ec-banner-content\"><!-- [et_pb_line_break_holder] -->    <\/p>\n<h1 lang=\"en\">Microsoft PowerPoint<\/h1>\n<p><!-- [et_pb_line_break_holder] -->    <pee>Exemple de mod\u00e8les et lignes directrices pour la cr\u00e9ation de documents accessibles<\/pee><!-- [et_pb_line_break_holder] -->  <\/div>\n<p><!-- [et_pb_line_break_holder] -->  <\/p>\n<div class=\"ec-banner-img\"><!-- [et_pb_line_break_holder] -->    <img decoding=\"async\" alt=\"\" src=\"\/wp-content\/uploads\/2024\/02\/templates-guidelines-ppt.jpg\"><!-- [et_pb_line_break_holder] -->  <\/div>\n<p><!-- [et_pb_line_break_holder] --><\/div>\n<p><!-- [et_pb_line_break_holder] --><\/p>\n<div class=\"ec-breadcrumbs\"><\/div>\n<p><!-- [et_pb_line_break_holder] --><\/p>\n<div class=\"ec-heading-row\"><!-- [et_pb_line_break_holder] -->  <\/p>\n<h2>Mod\u00e8le <span lang=\"en\">Microsoft PowerPoint<\/span><\/h2>\n<p><!-- [et_pb_line_break_holder] --><\/div>\n<p><!-- [et_pb_line_break_holder] --><\/p>\n<div class=\"ec-row ec-tangerine-lt\"><!-- [et_pb_line_break_holder] -->  <\/p>\n<div class=\"ec-col ec-col-2w\"><!-- [et_pb_line_break_holder] -->    <pee class=\"text-center\"><!-- [et_pb_line_break_holder] -->      <img decoding=\"async\" alt=\"\" src=\"\/wp-content\/uploads\/2024\/02\/PPT-document-wht.png\"><!-- [et_pb_line_break_holder] -->    <\/pee><!-- [et_pb_line_break_holder] -->  <\/div>\n<p><!-- [et_pb_line_break_holder] -->  <\/p>\n<div class=\"ec-col ec-col-2w\"><!-- [et_pb_line_break_holder] -->    <pee>Utilisez le document d\u2019exemple suivant comme point de d\u00e9part pour cr\u00e9er des pr\u00e9sentations accessibles dans <span lang=\"en\">Microsoft PowerPoint<\/span>. Il est important de noter que vous devez suivre les directives ci-dessous pour vous assurer de prendre des mesures d\u2019accessibilit\u00e9 avec le contenu que vous ajoutez au mod\u00e8le. Veuillez-vous r\u00e9f\u00e9rer aux directives suivantes pour plus d\u2019instructions.<\/pee><!-- [et_pb_line_break_holder] -->    <pee><a href=\"\/wp-content\/uploads\/2024\/03\/Accessible_PPT_Template_FR.pptx\">T\u00e9l\u00e9chargez un mod\u00e8le <span lang=\"en\">PowerPoint<\/span> de base avec des directives<\/a><\/pee><!-- [et_pb_line_break_holder] -->    <pee>Si vous recherchez quelque chose de plus sp\u00e9cifique, parcourez les mod\u00e8les accessibles gratuits fournis par <span lang=\"en\">Microsoft<\/span>. Assurez-vous de suivre les directives ci-dessous lorsque vous travaillez dans un mod\u00e8le, car ce sont des \u00e9tapes que vous devez suivre pour maintenir l\u2019accessibilit\u00e9 lors de l\u2019ajout de contenu dans le mod\u00e8le.<\/pee><!-- [et_pb_line_break_holder] -->    <pee><a class=\"ec-external-link\" href=\"https:\/\/create.microsoft.com\/fr-fr\/search?query=mod%C3%A8les%20accessible&#038;filters=powerpoint\">Parcourez les mod\u00e8les accessibles de <span lang=\"en\">Microsoft<\/span> pour <span lang=\"en\">PowerPoint<\/span><\/a><\/pee><!-- [et_pb_line_break_holder] -->  <\/div>\n<p><!-- [et_pb_line_break_holder] --><\/div>\n<p><!-- [et_pb_line_break_holder] --><\/p>\n<div class=\"ec-heading-row\"><!-- [et_pb_line_break_holder] -->  <\/p>\n<h2>Lignes directrices pour <span lang=\"en\">Microsoft PowerPoint<\/span><\/h2>\n<p><!-- [et_pb_line_break_holder] --><\/div>\n<p><!-- [et_pb_line_break_holder] --><\/p>\n<div class=\"ec-row\"><!-- [et_pb_line_break_holder] -->  <\/p>\n<div class=\"ec-col ec-col-1w\"><!-- [et_pb_line_break_holder] -->    <pee>Utilisez les conseils suivants pour cr\u00e9er un document accessible aux lecteurs souffrant de divers handicaps.<\/pee><!-- [et_pb_line_break_holder] -->    <\/p>\n<h3>Utilisez le v\u00e9rificateur d\u2019accessibilit\u00e9 int\u00e9gr\u00e9<\/h3>\n<p><!-- [et_pb_line_break_holder] -->    <pee>Avant de commencer, vous devez activer le v\u00e9rificateur d\u2019accessibilit\u00e9 int\u00e9gr\u00e9 \u00e0 <span lang=\"en\">Microsoft Word<\/span>. Cela signalera tous les probl\u00e8mes qui surviennent pendant votre travail afin que vous puissiez les r\u00e9soudre imm\u00e9diatement sans commettre la m\u00eame erreur plus d\u2019une fois.<\/pee><!-- [et_pb_line_break_holder] -->    <\/p>\n<ul><!-- [et_pb_line_break_holder] -->      <\/p>\n<li>Pour lancer manuellement le v\u00e9rificateur d\u2019accessibilit\u00e9, s\u00e9lectionnez <strong>R\u00e9vision > V\u00e9rifier l\u2019accessibilit\u00e9<\/strong>. Le volet Accessibilit\u00e9 s\u2019ouvre et vous pouvez d\u00e9sormais examiner et r\u00e9soudre les probl\u00e8mes d\u2019accessibilit\u00e9.<\/li>\n<p> <!-- [et_pb_line_break_holder] -->      <\/p>\n<li>Au bas du volet Accessibilit\u00e9, vous trouverez un lien vers le contenu d\u2019aide sur la mani\u00e8re de rendre les documents accessibles. Examinez les informations et utilisez-les comme guide pour vous assurer que le contenu que vous ajoutez \u00e0 ce mod\u00e8le respecte les meilleures pratiques en mati\u00e8re d\u2019accessibilit\u00e9.<\/li>\n<p><!-- [et_pb_line_break_holder] -->      <\/p>\n<li><a class=\"ec-external-link\" href=\"https:\/\/support.microsoft.com\/fr-fr\/office\/am%C3%A9liorer-l-accessibilit%C3%A9-%C3%A0-l-aide-du-v%C3%A9rificateur-d-accessibilit%C3%A9-a16f6de0-2f39-4a2b-8bd8-5ad801426c7f\">Am\u00e9liorer l\u2019accessibilit\u00e9 \u00e0 l\u2019aide du V\u00e9rificateur d\u2019accessibilit\u00e9 <\/a><\/li>\n<p><!-- [et_pb_line_break_holder] -->    <\/ul>\n<p><!-- [et_pb_line_break_holder] -->    <\/p>\n<h3>Donnez un titre \u00e0 chaque diapositive<\/h3>\n<p><!-- [et_pb_line_break_holder] -->    <pee>Une personne ayant une d\u00e9ficience visuelle qui utilise un lecteur d\u2019\u00e9cran s\u2019appuie sur les titres des diapositives pour savoir quelle diapositive correspond \u00e0 quelle diapositive.<\/pee><!-- [et_pb_line_break_holder] -->    <\/p>\n<ul><!-- [et_pb_line_break_holder] -->      <\/p>\n<li>S\u00e9lectionnez <strong>V\u00e9rifier > V\u00e9rifier l\u2019accessibilit\u00e9<\/strong>. Dans l\u2019onglet Accessibilit\u00e9, d\u00e9veloppez le menu Titre de la diapositive en s\u00e9lectionnant la liste d\u00e9roulante.<\/li>\n<p><!-- [et_pb_line_break_holder] -->      <\/p>\n<li>Les options qui apparaissent d\u00e9pendent de l\u2019existence ou non d\u2019un espace r\u00e9serv\u00e9 de titre et de l\u2019\u00e9l\u00e9ment s\u00e9lectionn\u00e9 sur votre diapositive. Si vous ne souhaitez pas qu\u2019un titre apparaisse dans votre pr\u00e9sentation, supprimez l\u2019espace r\u00e9serv\u00e9 au titre, d\u00e9veloppez le menu Titre de la diapositive et choisissez Ajouter un titre de diapositive masqu\u00e9. Il sera positionn\u00e9 hors diapositive, sera lu par un lecteur d\u2019\u00e9cran, mais n\u2019appara\u00eetra pas dans votre pr\u00e9sentation.<\/li>\n<p><!-- [et_pb_line_break_holder] -->      <\/p>\n<li><a class=\"ec-external-link\" href=\"https:\/\/support.microsoft.com\/fr-fr\/office\/titre-d-une-diapositive-c5286802-495a-4b47-a8ae-212fb8a7dc74?ns=POWERPNT&#038;version=90\">Comment ajouter Titre d\u2019une diapositive<\/a><\/li>\n<p><!-- [et_pb_line_break_holder] -->    <\/ul>\n<p><!-- [et_pb_line_break_holder] -->    <\/p>\n<h3>D\u00e9finissez l\u2019ordre de lecture du contenu des diapositives<\/h3>\n<p><!-- [et_pb_line_break_holder] -->    <pee>Lorsque vous cr\u00e9ez des diapositives, il est essentiel de placer les objets dans un ordre de lecture logique pour que les utilisateurs de lecteurs d\u2019\u00e9cran puissent comprendre la diapositive.<\/pee><!-- [et_pb_line_break_holder] -->    <\/p>\n<ul><!-- [et_pb_line_break_holder] -->      <\/p>\n<li>S\u00e9lectionnez <strong>V\u00e9rifier > V\u00e9rifier l\u2019accessibilit\u00e9 > volet Ordre de lecture<\/strong>. Lorsque le lecteur d\u2019\u00e9cran lit la diapositive, il lit les objets dans l\u2019ordre dans lequel ils sont r\u00e9pertori\u00e9s dans le volet Ordre de lecture.<\/li>\n<p><!-- [et_pb_line_break_holder] -->      <\/p>\n<li>Dans le volet Ordre de lecture, vous pouvez modifier l\u2019ordre en s\u00e9lectionnant le nom d\u2019un \u00e9l\u00e9ment dans la liste et en utilisant les fl\u00e8ches haut et bas pour modifier l\u2019ordre, ou vous pouvez cliquer sur le nom d\u2019un \u00e9l\u00e9ment dans la liste et le faire glisser vers une position diff\u00e9rente dans la liste.<\/li>\n<p><!-- [et_pb_line_break_holder] -->      <\/p>\n<li><a class=\"ec-external-link\" href=\"https:\/\/support.microsoft.com\/fr-fr\/office\/vid%C3%A9o-cr%C3%A9er-des-diapositives-avec-un-ordre-de-lecture-accessible-794fc5da-f686-464d-8c29-1c6ab8515465\">Comment cr\u00e9er des diapositives avec un ordre de lecture accessible<\/a><\/li>\n<p><!-- [et_pb_line_break_holder] -->    <\/ul>\n<p><!-- [et_pb_line_break_holder] -->    <\/p>\n<h3>Choisissez les couleurs et le contraste avec soin<\/h3>\n<p><!-- [et_pb_line_break_holder] -->    <pee>V\u00e9rifiez le contraste des couleurs et utilisez des arri\u00e8re-plans simples. L\u2019augmentation du contraste des couleurs facilite la visualisation pour les personnes malvoyantes.<\/pee><!-- [et_pb_line_break_holder] -->    <\/p>\n<ul><!-- [et_pb_line_break_holder] -->      <\/p>\n<li>Les directives pour l\u2019accessibilit\u00e9 du contenu Web (WCAG) 2.0 recommandent un rapport minimum de 4,5\u00a0:\u00a01 pour les textes volumineux et de 7\u00a0:\u00a01 pour les autres textes et images. Par exemple, \u00e9vitez le texte gris clair sur fond blanc ou le texte sur un fond photographique multicolore.<\/li>\n<p><!-- [et_pb_line_break_holder] -->      <\/p>\n<li>Voir <a href=\"\/fr\/accessibilite\/bonnes-pratiques\/couleurs\/\">Bonnes pratiques\u00a0: Choisissez les couleurs et le contraste avec soin<\/a> pour plus de details.<\/li>\n<p><!-- [et_pb_line_break_holder] -->      <\/p>\n<li>Pour v\u00e9rifier le contraste, utilisez l\u2019outil suivant\u00a0: <a class=\"ec-external-link\" href=\"http:\/\/webaim.org\/resources\/contrastchecker\/\"><span lang=\"en\">WebAIM contrast checker<\/span><span class=\"visually-hidden\"> (Offert en anglais seulement)<\/span><\/a> Un site Web qui vous permet de saisir des valeurs pour obtenir une note de r\u00e9ussite\/\u00e9chec bas\u00e9e sur la conformit\u00e9 WCAG. <span aria-hidden=\"true\">(Offert en anglais seulement)<\/span>.<\/li>\n<p><!-- [et_pb_line_break_holder] -->    <\/ul>\n<p><!-- [et_pb_line_break_holder] -->    <\/p>\n<h3>Utilisez des tableaux simples pour les donn\u00e9es, pas pour la mise en page<\/h3>\n<p><!-- [et_pb_line_break_holder] -->    <pee>Un tableau doit \u00eatre lu dans un ordre logique afin de pouvoir \u00eatre lu \u00e0 haute voix par les technologies d\u2019assistance. La cl\u00e9 pour rendre un tableau accessible est de cr\u00e9er des titres descriptifs concis et d\u2019ajouter un texte de remplacement qui r\u00e9sume le tableau.<\/pee><!-- [et_pb_line_break_holder] -->    <\/p>\n<ul><!-- [et_pb_line_break_holder] -->      <\/p>\n<li>\u00c9viter les cellules vides et les cellules fusionn\u00e9es ou divis\u00e9es. Ces approches rendront tr\u00e8s difficile, voire impossible, aux lecteurs d\u2019\u00e9cran de lire \u00e0 haute voix les informations contenues dans le tableau d\u2019une mani\u00e8re logique.<\/li>\n<p><!-- [et_pb_line_break_holder] -->      <\/p>\n<li>La premi\u00e8re ligne du tableau doit \u00eatre d\u00e9sign\u00e9e comme ligne d\u2019en-t\u00eate.<\/li>\n<p><!-- [et_pb_line_break_holder] -->      <\/p>\n<li>Dans les produits <span lang=\"en\">Microsoft<\/span>, vous pouvez \u00e9galement ajouter du texte de remplacement qui aidera les utilisateurs \u00e0 comprendre la structure. Pour acc\u00e9der au texte de remplacement, s\u00e9lectionnez le tableau, faites un clic droit et choisissez <strong>Modifier le texte de remplacement<\/strong>.<\/li>\n<p><!-- [et_pb_line_break_holder] -->      <\/p>\n<li><a class=\"ec-external-link\" href=\"https:\/\/support.microsoft.com\/fr-fr\/office\/powerpoint-utiliser-des-en-t%C3%AAtes-de-tableau-40352392-45c6-4c31-b80b-22e2245b15fd\"><span lang=\"en\">PowerPoint<\/span>\u00a0: Utiliser des en-t\u00eates de tableau<\/a><\/li>\n<p><!-- [et_pb_line_break_holder] -->    <\/ul>\n<p><!-- [et_pb_line_break_holder] -->    <\/p>\n<h3>Ajoutez un texte de remplacement pour les images<\/h3>\n<p><!-- [et_pb_line_break_holder] -->    <pee>Le texte de remplacement vous permet d\u2019ajouter des descriptions \u00e9crite aux images ou autres \u00e9l\u00e9ments visuels afin que les personnes utilisant des technologies d\u2019assistance telles que les lecteurs d\u2019\u00e9cran puissent entendre une description audio de ce qui est repr\u00e9sent\u00e9.<\/pee><!-- [et_pb_line_break_holder] -->    <\/p>\n<ul><!-- [et_pb_line_break_holder] -->      <\/p>\n<li>Apr\u00e8s avoir ins\u00e9r\u00e9 une image, s\u00e9lectionnez l\u2019image et cliquez avec le bouton droit pour choisir <strong>Afficher le texte de remplacement<\/strong>. Dans la bo\u00eete de dialogue qui appara\u00eet, ajoutez ou modifiez une description.<\/li>\n<p><!-- [et_pb_line_break_holder] -->      <\/p>\n<li>Si une image est d\u00e9corative et n\u2019est pas importante pour la compr\u00e9hension du contenu, cochez la case \u00e0 c\u00f4t\u00e9 de \u00ab\u00a0Marquer comme d\u00e9coratif\u00a0\u00bb dans les options Afficher le texte de remplacement.<\/li>\n<p><!-- [et_pb_line_break_holder] -->      <\/p>\n<li>Voir <a href=\"\/fr\/accessibilite\/bonnes-pratiques\/texte-de-remplacement\/\">Bonnes pratiques\u00a0: D\u00e9crire des images \u00e0 l\u2019aide de texte<\/a> pour plus de details.<\/li>\n<p><!-- [et_pb_line_break_holder] -->      <\/p>\n<li><a class=\"ec-external-link\" href=\"https:\/\/support.microsoft.com\/fr-fr\/office\/tout-ce-que-vous-devez-savoir-pour-%C3%A9crire-un-texte-de-remplacement-efficace-df98f884-ca3d-456c-807b-1a1fa82f5dc2\">Comment \u00e9crire un texte de remplacement efficace<\/a><\/li>\n<p><!-- [et_pb_line_break_holder] -->    <\/ul>\n<p><!-- [et_pb_line_break_holder] -->    <\/p>\n<h3>R\u00e9diger des descriptions pour les liens<\/h3>\n<p><!-- [et_pb_line_break_holder] -->    <pee>Les hyperliens vers des sites Web ou des ressources en ligne doivent inclure une description compl\u00e8te de la destination.<\/pee><!-- [et_pb_line_break_holder] -->    <\/p>\n<ul><!-- [et_pb_line_break_holder] -->      <\/p>\n<li>L\u2019utilisation de l\u2019adresse URL compl\u00e8te comme texte de l\u2019hyperlien (par exemple <a class=\"ec-external-link\" href=\"https:\/\/www.google.ca\">https:\/\/www.google.ca<\/a>) peut pr\u00eater \u00e0 confusion lorsqu\u2019elle est lue par un lecteur d\u2019\u00e9cran, surtout si elle est longue.<\/li>\n<p><!-- [et_pb_line_break_holder] -->      <\/p>\n<li>Une erreur courante consiste \u00e0 utiliser des expressions telles que \u00ab\u00a0Cliquez ici\u00a0\u00bb comme textes d\u2019affichage pour les hyperliens, qui n\u2019incluent pas de description de la destination du lien ou de sa fonction.<\/li>\n<p><!-- [et_pb_line_break_holder] -->      <\/p>\n<li>Si le titre sur la page de destination de l\u2019hyperlien donne un r\u00e9sum\u00e9 pr\u00e9cis du contenu de la page, utilisez-le pour le texte de l\u2019hyperlien.<\/li>\n<p><!-- [et_pb_line_break_holder] -->      <\/p>\n<li><a class=\"ec-external-link\" href=\"https:\/\/support.microsoft.com\/fr-fr\/office\/ajouter-un-lien-hypertexte-dans-une-diapositive-239c6c94-d52f-480c-99ae-8b0acf7df6d9\">Comment Ajouter un hyperlien dans une diapositive<\/a><\/li>\n<p><!-- [et_pb_line_break_holder] -->    <\/ul>\n<p><!-- [et_pb_line_break_holder] -->    <\/p>\n<h3>Utilisez des \u00e9tiquettes de texte pour les graphiques et les diagrammes<\/h3>\n<p><!-- [et_pb_line_break_holder] -->    <pee>Assurez-vous que le style de graphique que vous choisissez comprend des \u00e9tiquettes de texte descriptives, ne d\u00e9pend pas uniquement de la couleur \u00e0 comprendre et que le contraste des couleurs est appropri\u00e9.<\/pee><!-- [et_pb_line_break_holder] -->    <\/p>\n<ul><!-- [et_pb_line_break_holder] -->      <\/p>\n<li>S\u00e9lectionnez l\u2019image du graphique, cliquez avec le bouton droit et choisissez <strong>Modifier le texte de remplacement<\/strong> pour ajouter ou modifier une description textuelle qui aidera les utilisateurs de lecteurs d\u2019\u00e9cran \u00e0 comprendre le contenu du graphique.<\/li>\n<p><!-- [et_pb_line_break_holder] -->      <\/p>\n<li>Selon la complexit\u00e9 de votre graphique, il peut \u00eatre avantageux de le construire dans <span lang=\"en\">Excel<\/span> \u00e0 l\u2019aide du tutoriel suivant puis de l\u2019importer dans <span lang=\"en\">PowerPoint<\/span>.<\/li>\n<p><!-- [et_pb_line_break_holder] -->      <\/p>\n<li><a class=\"ec-external-link\" href=\"https:\/\/support.microsoft.com\/fr-fr\/office\/vid%C3%A9o-cr%C3%A9er-des-graphiques-plus-accessibles-dans-excel-19e81ce7-88af-4a3f-a4ef-a26c344527b3\">Comment cr\u00e9er des graphiques plus accessibles dans <span lang=\"en\">Excel<\/span><\/a><\/li>\n<p><!-- [et_pb_line_break_holder] -->    <\/ul>\n<p><!-- [et_pb_line_break_holder] -->    <\/p>\n<h3>V\u00e9rifier la taille et l\u2019alignement du texte<\/h3>\n<p><!-- [et_pb_line_break_holder] -->    <pee>Pour am\u00e9liorer la lisibilit\u00e9 de votre document, tenez compte du type de police, de sa taille, de son espacement et de son alignement. Les polices trop petites ou trop d\u00e9coratives risquent de ne pas \u00eatre lisibles par certains utilisateurs.<\/pee><!-- [et_pb_line_break_holder] -->    <\/p>\n<ul><!-- [et_pb_line_break_holder] -->      <\/p>\n<li>Dans la mesure du possible, alignez le texte \u00e0 gauche. Le texte justifi\u00e9 est plus difficile \u00e0 lire en raison de l\u2019espace suppl\u00e9mentaire entre les mots.<\/li>\n<p><!-- [et_pb_line_break_holder] -->      <\/p>\n<li>Utiliser des polices sans empattement avec un espacement suffisant entre les lettres (par exemple Arial, Verdana, Helvetica, Century Gothic).<\/li>\n<p><!-- [et_pb_line_break_holder] -->      <\/p>\n<li>Utilisez des polices de 24 points pour le corps du texte.<\/li>\n<p><!-- [et_pb_line_break_holder] -->      <\/p>\n<li>\u00c9vitez ou limitez l\u2019utilisation des majuscules pour les mots entiers et les titres. Les lecteurs dyslexiques peuvent trouver les lettres minuscules plus faciles \u00e0 lire, et l\u2019utilisation excessive des lettres majuscules peut provoquer une surcharge et donner l\u2019impression que le texte est trop long.<\/li>\n<p><!-- [et_pb_line_break_holder] -->      <\/p>\n<li>Utiliser le soulignement uniquement pour le texte d\u2019un hyperlien afin d\u2019aider les utilisateurs \u00e0 \u00eatre certains que le texte est un lien.<\/li>\n<p><!-- [et_pb_line_break_holder] -->      <\/p>\n<li>Augmenter l\u00e9g\u00e8rement l\u2019interligne permet d\u2019\u00e9viter d\u2019encombrer le texte, ce qui permet aux personnes dyslexiques de suivre plus facilement les lignes.<\/li>\n<p><!-- [et_pb_line_break_holder] -->      <\/p>\n<li><a class=\"ec-external-link\" href=\"https:\/\/support.microsoft.com\/fr-fr\/office\/rendre-vos-documents-word-accessibles-aux-personnes-atteintes-d-un-handicap-d9bf3683-87ac-47ea-b91a-78dcacb3c66d#bkmk_fontformatandcolor_win\">Utiliser le format et la couleur de police accessibles dans <span lang=\"en\">PowerPoint<\/span><\/a><\/li>\n<p><!-- [et_pb_line_break_holder] -->    <\/ul>\n<p><!-- [et_pb_line_break_holder] -->    <\/p>\n<h3>Ajouter des sous-titres \u00e0 l\u2019audio et \u00e0 la vid\u00e9o<\/h3>\n<p><!-- [et_pb_line_break_holder] -->    <pee>Rendez votre pr\u00e9sentation plus inclusive pour les personnes sourdes ou malentendantes en ajoutant des l\u00e9gendes et des sous-titres dans les vid\u00e9os et l\u2019audio.<\/pee><!-- [et_pb_line_break_holder] -->    <\/p>\n<ul><!-- [et_pb_line_break_holder] -->      <\/p>\n<li><a class=\"ec-external-link\" href=\"https:\/\/support.microsoft.com\/fr-fr\/office\/ajouter-des-sous-titres-ou-des-sous-titres-%C3%A0-un-m%C3%A9dia-dans-powerpoint-df091537-fb22-4507-898f-2358ddc0df18\">Ajouter des sous-titres ou des sous-titres \u00e0 un m\u00e9dia dans <span lang=\"en\">PowerPoint<\/span><\/a><\/li>\n<p><!-- [et_pb_line_break_holder] -->    <\/ul>\n<p><!-- [et_pb_line_break_holder] -->    <\/p>\n<h3>Activer les sous-titres lors d\u2019une pr\u00e9sentation<\/h3>\n<p><!-- [et_pb_line_break_holder] -->    <pee>Lors d\u2019une pr\u00e9sentation, cochez la case <strong>Ins\u00e9rer des sous-titres<\/strong> dans l\u2019onglet Accessibilit\u00e9. <span lang=\"en\">PowerPoint<\/span> utilisera le microphone pour vous \u00e9couter parler et utilisera un service bas\u00e9 sur l\u2019IA pour convertir le discours en l\u00e9gendes affich\u00e9es \u00e0 l\u2019\u00e9cran pendant votre pr\u00e9sentation.<\/pee><!-- [et_pb_line_break_holder] -->    <\/p>\n<ul><!-- [et_pb_line_break_holder] -->      <\/p>\n<li><a class=\"ec-external-link\" href=\"https:\/\/support.microsoft.com\/fr-fr\/office\/pr%C3%A9sentez-avec-des-l%C3%A9gendes-ou-des-sous-titres-automatiques-et-en-temps-r%C3%A9eldans-powerpoint-68d20e49-aec3-456a-939d-34a79e8ddd5f\">Pr\u00e9sentez avec des l\u00e9gendes ou des sous-titres automatiques et en temps r\u00e9el dans <span lang=\"en\">PowerPoint<\/span><\/a><\/li>\n<p><!-- [et_pb_line_break_holder] -->    <\/ul>\n<p><!-- [et_pb_line_break_holder] -->  <\/div>\n<p><!-- [et_pb_line_break_holder] --><\/div>\n<p>[\/et_pb_fullwidth_code][\/et_pb_section]<\/p>\n","protected":false},"excerpt":{"rendered":"","protected":false},"author":1058,"featured_media":0,"parent":2771,"menu_order":0,"comment_status":"closed","ping_status":"closed","template":"","meta":{"_et_pb_use_builder":"on","_et_pb_old_content":"","_et_gb_content_width":"","footnotes":""},"class_list":["post-2827","page","type-page","status-publish","hentry"],"_links":{"self":[{"href":"https:\/\/accessibility.ecampusontario.ca\/fr\/wp-json\/wp\/v2\/pages\/2827","targetHints":{"allow":["GET"]}}],"collection":[{"href":"https:\/\/accessibility.ecampusontario.ca\/fr\/wp-json\/wp\/v2\/pages"}],"about":[{"href":"https:\/\/accessibility.ecampusontario.ca\/fr\/wp-json\/wp\/v2\/types\/page"}],"author":[{"embeddable":true,"href":"https:\/\/accessibility.ecampusontario.ca\/fr\/wp-json\/wp\/v2\/users\/1058"}],"replies":[{"embeddable":true,"href":"https:\/\/accessibility.ecampusontario.ca\/fr\/wp-json\/wp\/v2\/comments?post=2827"}],"version-history":[{"count":17,"href":"https:\/\/accessibility.ecampusontario.ca\/fr\/wp-json\/wp\/v2\/pages\/2827\/revisions"}],"predecessor-version":[{"id":3339,"href":"https:\/\/accessibility.ecampusontario.ca\/fr\/wp-json\/wp\/v2\/pages\/2827\/revisions\/3339"}],"up":[{"embeddable":true,"href":"https:\/\/accessibility.ecampusontario.ca\/fr\/wp-json\/wp\/v2\/pages\/2771"}],"wp:attachment":[{"href":"https:\/\/accessibility.ecampusontario.ca\/fr\/wp-json\/wp\/v2\/media?parent=2827"}],"curies":[{"name":"wp","href":"https:\/\/api.w.org\/{rel}","templated":true}]}}