{"id":2824,"date":"2024-03-07T10:57:42","date_gmt":"2024-03-07T15:57:42","guid":{"rendered":"https:\/\/accessibility.ecampusontario.ca\/accessibilite\/modeles-et-directives\/microsoft-excel\/"},"modified":"2024-03-21T13:06:46","modified_gmt":"2024-03-21T17:06:46","slug":"microsoft-excel","status":"publish","type":"page","link":"https:\/\/accessibility.ecampusontario.ca\/fr\/accessibilite\/modeles-et-directives\/microsoft-excel\/","title":{"rendered":"Microsoft Excel"},"content":{"rendered":"<p>[et_pb_section fb_built=\u00a0\u00bb1&Prime; fullwidth=\u00a0\u00bbon\u00a0\u00bb module_class=\u00a0\u00bbec-content\u00a0\u00bb _builder_version=\u00a0\u00bb4.23.4&Prime; _module_preset=\u00a0\u00bbdefault\u00a0\u00bb background_color=\u00a0\u00bbRGBA(255,255,255,0)\u00a0\u00bb global_colors_info=\u00a0\u00bb{}\u00a0\u00bb][et_pb_fullwidth_code _builder_version=\u00a0\u00bb4.23.4&Prime; _module_preset=\u00a0\u00bbdefault\u00a0\u00bb hover_enabled=\u00a0\u00bb0&Prime; global_colors_info=\u00a0\u00bb{}\u00a0\u00bb sticky_enabled=\u00a0\u00bb0&Prime;]<\/p>\n<div class=\"ec-banner-main\"><!-- [et_pb_line_break_holder] -->  <\/p>\n<div class=\"ec-banner-content\"><!-- [et_pb_line_break_holder] -->    <\/p>\n<h1 lang=\"en\">Microsoft Excel<\/h1>\n<p><!-- [et_pb_line_break_holder] -->    <pee>Exemple de mod\u00e8les et lignes directrices pour la cr\u00e9ation de documents accessibles<\/pee><!-- [et_pb_line_break_holder] -->  <\/div>\n<p><!-- [et_pb_line_break_holder] -->  <\/p>\n<div class=\"ec-banner-img\"><!-- [et_pb_line_break_holder] -->    <img decoding=\"async\" alt=\"\" src=\"\/wp-content\/uploads\/2024\/02\/templates-guidelines-excel.jpg\"><!-- [et_pb_line_break_holder] -->  <\/div>\n<p><!-- [et_pb_line_break_holder] --><\/div>\n<p><!-- [et_pb_line_break_holder] --><\/p>\n<div class=\"ec-breadcrumbs\"><\/div>\n<p><!-- [et_pb_line_break_holder] --><\/p>\n<div class=\"ec-heading-row\"><!-- [et_pb_line_break_holder] -->  <\/p>\n<h2>Mod\u00e8le <span lang=\"en\">Microsoft Excel<\/span><\/h2>\n<p><!-- [et_pb_line_break_holder] --><\/div>\n<p><!-- [et_pb_line_break_holder] --><\/p>\n<div class=\"ec-row ec-tangerine-lt\"><!-- [et_pb_line_break_holder] -->  <\/p>\n<div class=\"ec-col ec-col-2w\"><!-- [et_pb_line_break_holder] -->    <pee class=\"text-center\"><!-- [et_pb_line_break_holder] -->      <img decoding=\"async\" alt=\"\" src=\"\/wp-content\/uploads\/2024\/02\/excel-document-wht.png\"><!-- [et_pb_line_break_holder] -->    <\/pee><!-- [et_pb_line_break_holder] -->  <\/div>\n<p><!-- [et_pb_line_break_holder] -->  <\/p>\n<div class=\"ec-col ec-col-2w\"><!-- [et_pb_line_break_holder] -->    <pee>Comme les types de documents cr\u00e9\u00e9s dans <span lang=\"en\">Excel<\/span> peuvent \u00eatre tr\u00e8s vari\u00e9s, nous vous recommandons de rechercher \u00ab&nbsp;Mod\u00e8les Accessibles&nbsp;\u00bb dans le r\u00e9pertoire de mod\u00e8les de <span lang=\"en\">Microsoft<\/span> et de parcourir les r\u00e9sultats pour trouver quelque chose qui corresponde \u00e0 vos besoins. Apr\u00e8s avoir choisi un mod\u00e8le, passez en revue les lignes directrices de cette page pour vous assurer que votre classeur contient toutes les caract\u00e9ristiques qui garantiront que votre document r\u00e9pond aux exigences de la LAPHO. Lorsque vous modifiez le mod\u00e8le et\/ou ajoutez votre contenu, veillez \u00e9galement \u00e0 suivre les lignes directrices ci-dessous afin que le contenu que vous ajoutez \u00e0 votre cahier de travail soit accessible.<\/pee><!-- [et_pb_line_break_holder] -->    <a class=\"ec-external-link\" href=\"https:\/\/create.microsoft.com\/fr-fr\/search?query=Accessible%20templates&#038;filters=excel\">D\u00e9couvrir les mod\u00e8les <span lang=\"en\">Excel<\/span> gratuits et accessibles de <span lang=\"en\">Microsoft<\/span><\/a><!-- [et_pb_line_break_holder] -->  <\/div>\n<p><!-- [et_pb_line_break_holder] --><\/div>\n<p><!-- [et_pb_line_break_holder] --><\/p>\n<div class=\"ec-heading-row\"><!-- [et_pb_line_break_holder] -->  <\/p>\n<h2>Lignes directrices pour <span lang=\"en\">Microsoft Excel<\/span><\/h2>\n<p><!-- [et_pb_line_break_holder] --><\/div>\n<p><!-- [et_pb_line_break_holder] --><\/p>\n<div class=\"ec-row\"><!-- [et_pb_line_break_holder] -->  <\/p>\n<div class=\"ec-col ec-col-1w\"><!-- [et_pb_line_break_holder] -->    <pee>Utiliser les conseils suivants pour cr\u00e9er un document accessible aux lecteurs atteints de divers handicaps.<\/pee><!-- [et_pb_line_break_holder] -->    <\/p>\n<h3>Utilisez le v\u00e9rificateur d\u2019accessibilit\u00e9 int\u00e9gr\u00e9<\/h3>\n<p><!-- [et_pb_line_break_holder] -->    <pee>Avant de commencer, vous devez activer le v\u00e9rificateur d\u2019accessibilit\u00e9 int\u00e9gr\u00e9 \u00e0 <span lang=\"en\">Microsoft Excel<\/span>. Cela signalera tous les probl\u00e8mes qui surviennent pendant votre travail afin que vous puissiez les r\u00e9soudre imm\u00e9diatement sans commettre la m\u00eame erreur plus d\u2019une fois.<\/pee><!-- [et_pb_line_break_holder] -->    <\/p>\n<ul><!-- [et_pb_line_break_holder] -->      <\/p>\n<li>Pour lancer manuellement le v\u00e9rificateur d\u2019accessibilit\u00e9, s\u00e9lectionnez <strong>R\u00e9vision > V\u00e9rifier l\u2019accessibilit\u00e9<\/strong>. Le volet Accessibilit\u00e9 s\u2019ouvre et vous pouvez d\u00e9sormais examiner et r\u00e9soudre les probl\u00e8mes d\u2019accessibilit\u00e9.<\/li>\n<p><!-- [et_pb_line_break_holder] -->      <\/p>\n<li>Au bas du volet Accessibilit\u00e9, vous trouverez un lien vers le contenu d\u2019aide sur la mani\u00e8re de rendre les documents accessibles. Examinez les informations et utilisez-les comme guide pour vous assurer que le contenu que vous ajoutez \u00e0 ce mod\u00e8le respecte les bonnes pratiques en mati\u00e8re d\u2019accessibilit\u00e9.<\/li>\n<p><!-- [et_pb_line_break_holder] -->      <\/p>\n<li><a class=\"ec-external-link\" href=\"https:\/\/support.microsoft.com\/fr-fr\/office\/am%C3%A9liorer-l-accessibilit%C3%A9-%C3%A0-l-aide-du-v%C3%A9rificateur-d-accessibilit%C3%A9-a16f6de0-2f39-4a2b-8bd8-5ad801426c7f\">Am\u00e9liorer l\u2019accessibilit\u00e9 \u00e0 l\u2019aide du V\u00e9rificateur d\u2019accessibilit\u00e9<\/a><\/li>\n<p><!-- [et_pb_line_break_holder] -->    <\/ul>\n<p> <!-- [et_pb_line_break_holder] -->    <\/p>\n<h3>Utiliser un mod\u00e8le accessible<\/h3>\n<p><!-- [et_pb_line_break_holder] -->    <pee>Explorez les mod\u00e8les <span lang=\"en\">Excel<\/span> accessibles fournis par <span lang=\"en\">Microsoft<\/span> sur le web ou dans <span lang=\"en\">Excel<\/span>.<\/pee><!-- [et_pb_line_break_holder] -->    <\/p>\n<ul><!-- [et_pb_line_break_holder] -->      <\/p>\n<li>Pour d\u00e9couvrir les mod\u00e8les dans votre navigateur web, s\u00e9lectionnez le lien suivant&nbsp;: <a class=\"ec-external-link\" href=\"https:\/\/create.microsoft.com\/fr-fr\/search?query=mod%C3%A8les%20accessible&#038;filters=excel\">Consulter les mod\u00e8les <span lang=\"en\">Microsoft Excel<\/span> accessibles gratuitement sur le web<\/a><\/li>\n<p><!-- [et_pb_line_break_holder] -->      <\/p>\n<li>Pour consulter des mod\u00e8les dans <span lang=\"en\">Excel<\/span>, s\u00e9lectionnez <strong>Fichier > Nouveau<\/strong>. Dans le champ Rechercher des mod\u00e8les en ligne, tapez \u00ab&nbsp;<strong>mod\u00e8les accessibles<\/strong>&nbsp;\u00bb. S\u00e9lectionnez l\u2019un des mod\u00e8les accessibles pour ouvrir un nouveau classeur bas\u00e9 sur le mod\u00e8le.<\/li>\n<p><!-- [et_pb_line_break_holder] -->      <\/p>\n<li>Lorsque vous travaillez sur le mod\u00e8le, veillez \u00e0 respecter les approches d\u00e9crites sur cette page pour vous assurer que l\u2019accessibilit\u00e9 est conserv\u00e9e lorsque vous ajoutez du contenu et que le niveau d\u2019accessibilit\u00e9 est conforme aux exigences de la LAPHO.<\/li>\n<p><!-- [et_pb_line_break_holder] -->      <\/p>\n<li><a class=\"ec-external-link\" href=\"https:\/\/support.microsoft.com\/fr-fr\/office\/vid%C3%A9o-partir-d-un-mod%C3%A8le-excel-accessible-918db751-1585-41c5-9ddf-5d7a0915afaf?ns=EXCEL&#038;version=90\">Comment commencer avec un mod\u00e8le accessible dans <span lang=\"en\">Excel<\/span><\/a><\/li>\n<p><!-- [et_pb_line_break_holder] -->    <\/ul>\n<p> <!-- [et_pb_line_break_holder] -->    <\/p>\n<h3>Cr\u00e9ez des tableaux simples avec des en-t\u00eates utiles<\/h3>\n<p><!-- [et_pb_line_break_holder] -->    <pee>Les lecteurs d\u2019\u00e9cran utilisent les informations d\u2019en-t\u00eate pour identifier les lignes et les colonnes. Les lecteurs d\u2019\u00e9cran lisent le tableau de gauche \u00e0 droite et de haut en bas.<\/pee><!-- [et_pb_line_break_holder] -->    <\/p>\n<ul><!-- [et_pb_line_break_holder] -->      <\/p>\n<li>Des en-t\u00eates de tableau clairs fournissent un contexte et facilitent la navigation dans le contenu du tableau.<\/li>\n<p><!-- [et_pb_line_break_holder] -->      <\/p>\n<li>\u00c9vitez d\u2019utiliser des structures de tableau complexes et concevez plut\u00f4t des tableaux aussi simples que possible. Les tableaux comportant des tableaux int\u00e9gr\u00e9s, des cellules combin\u00e9es, des cellules divis\u00e9es et\/ou des lignes ou colonnes vides sont difficiles \u00e0 parcourir pour les lecteurs d\u2019\u00e9cran.<\/li>\n<p><!-- [et_pb_line_break_holder] -->      <\/p>\n<li>Si vous ne pouvez pas \u00e9viter une cellule, une colonne ou une ligne vide, saisissez un texte expliquant qu\u2019elle est vide. Par exemple, tapez N\/A ou Intentionnellement vide.<\/li>\n<p><!-- [et_pb_line_break_holder] -->      <\/p>\n<li><a class=\"ec-external-link\" href=\"https:\/\/support.microsoft.com\/fr-fr\/office\/cr%C3%A9er-un-tableau-dans-excel-bf0ce08b-d012-42ec-8ecf-a2259c9faf3f?ns=EXCEL&#038;version=90\">Comment cr\u00e9er et formater des tableaux dans <span lang=\"en\">Excel<\/span><\/a><\/li>\n<p><!-- [et_pb_line_break_holder] -->    <\/ul>\n<p> <!-- [et_pb_line_break_holder] -->    <\/p>\n<h3>Donner un nom descriptif aux tableaux<\/h3>\n<p><!-- [et_pb_line_break_holder] -->    <pee>Par d\u00e9faut, <span lang=\"en\">Excel<\/span> nomme les tableaux que vous cr\u00e9ez \u00ab&nbsp;Tableau1&nbsp;\u00bb, \u00ab&nbsp;Tableau2&nbsp;\u00bb, \u00ab&nbsp;Tableau3&nbsp;\u00bb, etc. Au lieu de cela, donnez \u00e0 chaque tableau un nom descriptif.<\/pee><!-- [et_pb_line_break_holder] -->    <\/p>\n<ul><!-- [et_pb_line_break_holder] -->      <\/p>\n<li>Acc\u00e9dez \u00e0 <strong>Outils de tableau > Conception > Propri\u00e9t\u00e9s > Nom de la table<\/strong>.<\/li>\n<p><!-- [et_pb_line_break_holder] -->      <\/p>\n<li><a class=\"ec-external-link\" href=\"https:\/\/support.microsoft.com\/fr-fr\/office\/renommer-un-tableau-excel-fbf49a4f-82a3-43eb-8ba2-44d21233b114?ns=EXCEL&#038;version=90\">Comment renommer un tableau <span lang=\"en\">Excel<\/span><\/a><\/li>\n<p><!-- [et_pb_line_break_holder] -->    <\/ul>\n<p> <!-- [et_pb_line_break_holder] -->    <\/p>\n<h3>Choisissez les couleurs et le contraste avec soin<\/h3>\n<p><!-- [et_pb_line_break_holder] -->    <pee>V\u00e9rifiez le contraste des couleurs et utilisez des arri\u00e8re-plans simples. L\u2019augmentation du contraste des couleurs facilite la visualisation pour les personnes malvoyantes.<\/pee><!-- [et_pb_line_break_holder] -->    <\/p>\n<ul><!-- [et_pb_line_break_holder] -->      <\/p>\n<li>V\u00e9rifiez le contraste des couleurs et utilisez des arri\u00e8re-plans simples. L\u2019augmentation du contraste des couleurs facilite la visualisation pour les personnes malvoyantes. Les directives pour l\u2019accessibilit\u00e9 du contenu Web (WCAG) 2.0 recommandent un rapport minimum de 4,5&nbsp;:&nbsp;1 pour les textes volumineux et de 7&nbsp;:&nbsp;1 pour les autres textes et images. Par exemple, \u00e9vitez le texte gris clair sur fond blanc ou le texte sur un fond photographique multicolore.<\/li>\n<p><!-- [et_pb_line_break_holder] -->      <\/p>\n<li>Voir <a href=\"\/fr\/accessibilite\/bonnes-pratiques\/couleurs\/\">Voir Bonnes pratiques&nbsp;: Choisissez les couleurs et le contraste avec soin<\/a> pour plus de d\u00e9tails.<\/li>\n<p><!-- [et_pb_line_break_holder] -->      <\/p>\n<li>Pour v\u00e9rifier le contraste, utilisez l\u2019outil suivant&nbsp;: <a class=\"ec-external-link\" href=\"http:\/\/webaim.org\/resources\/contrastchecker\/\"><span lang=\"en\">WebAIM contrast checker<\/span><span class=\"visually-hidden\"> (Offert en anglais seulement)<\/span><\/a> Un site Web qui vous permet de saisir des valeurs pour obtenir une note de r\u00e9ussite\/\u00e9chec bas\u00e9e sur la conformit\u00e9 WCAG. <span aria-hidden=\"true\">(Offert en anglais seulement)<\/span>.<\/li>\n<p><!-- [et_pb_line_break_holder] -->    <\/ul>\n<p> <!-- [et_pb_line_break_holder] -->    <\/p>\n<h3>Ajouter une synth\u00e8se de la feuille dans la cellule A1<\/h3>\n<p><!-- [et_pb_line_break_holder] -->    <pee>Si la feuille est longue ou complexe, ajoutez des instructions ou une synth\u00e8se de la feuille dans la cellule A1. Les personnes malvoyantes seront ainsi inform\u00e9es de ce qui est pr\u00e9sent\u00e9 dans votre feuille de calcul et de la mani\u00e8re de l\u2019utiliser. Ce texte d\u2019instruction peut \u00eatre assorti \u00e0 la couleur d\u2019arri\u00e8re-plan, ce qui le rend invisible pour les personnes voyantes, mais lui permet d\u2019\u00eatre lu par les lecteurs d\u2019\u00e9cran.<\/pee><!-- [et_pb_line_break_holder] -->    <\/p>\n<ul><!-- [et_pb_line_break_holder] -->      <\/p>\n<li><a class=\"ec-external-link\" href=\"https:\/\/support.microsoft.com\/fr-fr\/office\/modifier-le-contenu-des-cellules-9c8489f6-08c4-4932-a6bc-4de0a8cf86d6?ns=EXCEL&#038;version=90\">Comment modifier le contenu des cellules<\/a><\/li>\n<p><!-- [et_pb_line_break_holder] -->    <\/ul>\n<p> <!-- [et_pb_line_break_holder] -->    <\/p>\n<h3>Donnez \u00e0 tous les onglets des feuilles de travail des noms uniques et descriptifs<\/h3>\n<p><!-- [et_pb_line_break_holder] -->    <pee>Les lecteurs d\u2019\u00e9cran lisent les noms des feuilles de travail. Le nom donn\u00e9 \u00e0 chaque feuille de travail doit d\u00e9crire avec pr\u00e9cision le contenu de la feuille, et les feuilles vierges doivent \u00eatre supprim\u00e9es. Cela facilitera la navigation dans le classeur. Par d\u00e9faut, <span lang=\"en\">Excel<\/span> nomme les feuilles de calcul \u00ab&nbsp;Feuille 1&nbsp;\u00bb, \u00ab&nbsp;Feuille 2&nbsp;\u00bb, \u00ab&nbsp;Feuille 3&nbsp;\u00bb, etc.<\/pee><!-- [et_pb_line_break_holder] -->    <\/p>\n<ul><!-- [et_pb_line_break_holder] -->      <\/p>\n<li><a class=\"ec-external-link\" href=\"https:\/\/support.microsoft.com\/fr-fr\/office\/renommer-une-feuille-de-calcul-3f1f7148-ee83-404d-8ef0-9ff99fbad1f9\">Comment renommer une feuille de calcul<\/a><\/li>\n<p><!-- [et_pb_line_break_holder] -->    <\/ul>\n<p> <!-- [et_pb_line_break_holder] -->    <\/p>\n<h3>Donner un nom aux formules et aux plages<\/h3>\n<p><!-- [et_pb_line_break_holder] -->    <pee>Nommez les formules et les plages afin que les utilisateurs de lecteurs d\u2019\u00e9cran puissent rapidement identifier la fonction des cellules et des plages dans votre feuille de calcul. Les utilisateurs peuvent utiliser la commande Aller \u00e0 (<kbd>Ctrl<\/kbd>+<kbd>G<\/kbd>) pour ouvrir une bo\u00eete de dialogue qui r\u00e9pertorie tous les noms d\u00e9finis. En s\u00e9lectionnant un nom, l\u2019utilisateur peut rapidement acc\u00e9der \u00e0 l\u2019emplacement nomm\u00e9.<\/pee><!-- [et_pb_line_break_holder] -->    <\/p>\n<ul><!-- [et_pb_line_break_holder] -->      <\/p>\n<li><a class=\"ec-external-link\" href=\"https:\/\/support.microsoft.com\/fr-fr\/office\/d%C3%A9finir-et-utiliser-des-noms-dans-les-formules-4d0f13ac-53b7-422e-afd2-abd7ff379c64\">Comment d\u00e9finir et utiliser des noms dans les formules<\/a><\/li>\n<p><!-- [et_pb_line_break_holder] -->    <\/ul>\n<p> <!-- [et_pb_line_break_holder] -->    <\/p>\n<h3>Ajoutez un texte de remplacement pour les images<\/h3>\n<p><!-- [et_pb_line_break_holder] -->    <pee>Le texte de remplacement vous permet d\u2019ajouter des descriptions textuelles \u00e0 des images ou \u00e0 d\u2019autres \u00e9l\u00e9ments visuels afin que les personnes utilisant des technologies d\u2019assistance telles que les lecteurs d\u2019\u00e9cran puissent entendre une description audio de ce qui est repr\u00e9sent\u00e9. Les \u00e9l\u00e9ments visuels comprennent les images, les graphiques SmartArt, les formes, les groupes, les diagrammes, les diagrammes crois\u00e9s dynamiques, les objets int\u00e9gr\u00e9s, l\u2019encre et les vid\u00e9os.<\/pee><!-- [et_pb_line_break_holder] -->    <\/p>\n<ul><!-- [et_pb_line_break_holder] -->      <\/p>\n<li>Apr\u00e8s avoir ins\u00e9r\u00e9 un \u00e9l\u00e9ment visuel, cliquez avec le bouton droit sur l\u2019image, un graphique ou un autre objet, puis s\u00e9lectionnez <strong>Afficher le texte de remplacement<\/strong>.<\/li>\n<p><!-- [et_pb_line_break_holder] -->      <\/p>\n<li>Si l\u2019image n\u2019a pas besoin d\u2019un texte de remplacement, tel qu\u2019une bordure, s\u00e9lectionnez <strong>Marquer comme d\u00e9coratif<\/strong> dans les options <strong>Afficher le texte de remplacement<\/strong>.<\/li>\n<p><!-- [et_pb_line_break_holder] -->      <\/p>\n<li>Voir <a href=\"\/fr\/accessibilite\/bonnes-pratiques\/texte-de-remplacement\/\">Bonnes pratiques&nbsp;: D\u00e9crire des images \u00e0 l\u2019aide de texte<\/a> pour plus de d\u00e9tails.<\/li>\n<p><!-- [et_pb_line_break_holder] -->      <\/p>\n<li><a class=\"ec-external-link\" href=\"https:\/\/support.microsoft.com\/fr-fr\/office\/tout-ce-que-vous-devez-savoir-pour-%C3%A9crire-un-texte-de-remplacement-efficace-df98f884-ca3d-456c-807b-1a1fa82f5dc2\">Comment r\u00e9diger un texte de remplacement<\/a><\/li>\n<p><!-- [et_pb_line_break_holder] -->    <\/ul>\n<p> <!-- [et_pb_line_break_holder] -->    <\/p>\n<h3>R\u00e9diger des descriptions pour les liens<\/h3>\n<p><!-- [et_pb_line_break_holder] -->    <pee>Les hyperliens vers des sites Web ou des ressources en ligne doivent inclure une description compl\u00e8te de la destination.<\/pee><!-- [et_pb_line_break_holder] -->    <\/p>\n<ul><!-- [et_pb_line_break_holder] -->      <\/p>\n<li>L\u2019utilisation de l\u2019adresse URL compl\u00e8te comme texte de l\u2019hyperlien (par exemple <a class=\"ec-external-link\" href=\"https:\/\/www.google.ca\">https:\/\/www.google.ca<\/a>) peut pr\u00eater \u00e0 confusion lorsqu\u2019elle est lue par un lecteur d\u2019\u00e9cran, surtout si elle est longue.<\/li>\n<p><!-- [et_pb_line_break_holder] -->      <\/p>\n<li>Une erreur courante consiste \u00e0 utiliser des expressions telles que \u00ab&nbsp;Cliquez ici&nbsp;\u00bb comme textes d\u2019affichage pour les hyperliens, qui n\u2019incluent pas de description de la destination du lien ou de sa fonction.<\/li>\n<p><!-- [et_pb_line_break_holder] -->      <\/p>\n<li>Si le titre sur la page de destination de l\u2019hyperlien donne un r\u00e9sum\u00e9 pr\u00e9cis du contenu de la page, utilisez-le pour le texte de l\u2019hyperlien.<\/li>\n<p><!-- [et_pb_line_break_holder] -->      <\/p>\n<li><a class=\"ec-external-link\" href=\"https:\/\/support.microsoft.com\/fr-fr\/office\/utiliser-des-liens-dans-excel-7fc80d8d-68f9-482f-ab01-584c44d72b3e?ns=EXCEL&#038;version=90\">Comment utiliser des liens dans <span lang=\"en\">Excel<\/span><\/a><\/li>\n<p><!-- [et_pb_line_break_holder] -->    <\/ul>\n<p> <!-- [et_pb_line_break_holder] -->    <\/p>\n<h3>V\u00e9rifier la taille et l\u2019alignement du texte<\/h3>\n<p><!-- [et_pb_line_break_holder] -->    <pee>Pour am\u00e9liorer la lisibilit\u00e9 de votre document, tenez compte du type de police, de sa taille, de son espacement et de son alignement. Les polices trop petites ou trop d\u00e9coratives risquent de ne pas \u00eatre lisibles par certains utilisateurs.<\/pee><!-- [et_pb_line_break_holder] -->    <\/p>\n<ul><!-- [et_pb_line_break_holder] -->      <\/p>\n<li>Dans la mesure du possible, alignez le texte \u00e0 gauche. Le texte justifi\u00e9 est plus difficile \u00e0 lire en raison de l\u2019espace suppl\u00e9mentaire entre les mots.<\/li>\n<p><!-- [et_pb_line_break_holder] -->      <\/p>\n<li>Utiliser des polices sans empattement avec un espacement suffisant entre les lettres (par exemple Arial, Verdana, Helvetica, Century Gothic).<\/li>\n<p><!-- [et_pb_line_break_holder] -->      <\/p>\n<li>Utilisez des polices de 11 \u00e0 14 points pour le corps du texte.<\/li>\n<p><!-- [et_pb_line_break_holder] -->      <\/p>\n<li>\u00c9viter d\u2019utiliser l\u2019italique car cela peut rendre le texte plus difficile \u00e0 lire.<\/li>\n<p><!-- [et_pb_line_break_holder] -->      <\/p>\n<li>\u00c9vitez ou limitez l\u2019utilisation des majuscules pour les mots entiers et les titres. Les lecteurs dyslexiques peuvent trouver les lettres minuscules plus faciles \u00e0 lire, et l\u2019utilisation excessive des lettres majuscules peut provoquer une surcharge et donner l\u2019impression que le texte est trop long.<\/li>\n<p><!-- [et_pb_line_break_holder] -->      <\/p>\n<li>Utiliser le soulignement uniquement pour le texte d\u2019un hyperlien afin d\u2019aider les utilisateurs \u00e0 \u00eatre certains que le texte est un lien.<\/li>\n<p><!-- [et_pb_line_break_holder] -->      <\/p>\n<li>Augmenter l\u00e9g\u00e8rement l\u2019interligne permet d\u2019\u00e9viter d\u2019encombrer le texte, ce qui permet aux personnes dyslexiques de suivre plus facilement les lignes.<\/li>\n<p><!-- [et_pb_line_break_holder] -->      <\/p>\n<li><a class=\"ec-external-link\" href=\"https:\/\/support.microsoft.com\/fr-fr\/office\/mettre-en-forme-le-texte-dans-des-cellules-ca112674-a567-4d6f-b5f8-3100aa27f40e?ns=EXCEL&#038;version=90\">Comment mettre en forme le texte dans les cellules avec <span lang=\"en\">Excel<\/span><\/a><\/li>\n<p><!-- [et_pb_line_break_holder] -->    <\/ul>\n<p> <!-- [et_pb_line_break_holder] -->    <\/p>\n<h3>Utiliser des \u00e9tiquettes de texte pour les graphiques et les diagrammes<\/h3>\n<p><!-- [et_pb_line_break_holder] -->    <pee>Assurez-vous que le style de graphique que vous choisissez comprend des \u00e9tiquettes de texte, ne d\u00e9pend pas uniquement de la couleur \u00e0 comprendre et que le contraste des couleurs est appropri\u00e9.<\/pee><!-- [et_pb_line_break_holder] -->    <\/p>\n<ul><!-- [et_pb_line_break_holder] -->      <\/p>\n<li>S\u00e9lectionnez le graphique, cliquez avec le bouton droit et choisissez Afficher le texte de remplacement pour ajouter ou modifier une description textuelle qui aidera les utilisateurs de lecteurs d\u2019\u00e9cran \u00e0 comprendre le contenu du graphique.<\/li>\n<p><!-- [et_pb_line_break_holder] -->      <\/p>\n<li><a class=\"ec-external-link\" href=\"https:\/\/support.microsoft.com\/fr-fr\/office\/vid%C3%A9o-cr%C3%A9er-des-graphiques-plus-accessibles-dans-excel-19e81ce7-88af-4a3f-a4ef-a26c344527b3\">Comment Cr\u00e9er des graphiques plus accessibles dans <span lang=\"en\">Excel<\/span><\/a><\/li>\n<p><!-- [et_pb_line_break_holder] -->    <\/ul>\n<p><!-- [et_pb_line_break_holder] -->  <\/div>\n<p><!-- [et_pb_line_break_holder] --><\/div>\n<p>[\/et_pb_fullwidth_code][\/et_pb_section]<\/p>\n","protected":false},"excerpt":{"rendered":"","protected":false},"author":1058,"featured_media":0,"parent":2771,"menu_order":0,"comment_status":"closed","ping_status":"closed","template":"","meta":{"_et_pb_use_builder":"on","_et_pb_old_content":"","_et_gb_content_width":"","footnotes":""},"class_list":["post-2824","page","type-page","status-publish","hentry"],"_links":{"self":[{"href":"https:\/\/accessibility.ecampusontario.ca\/fr\/wp-json\/wp\/v2\/pages\/2824","targetHints":{"allow":["GET"]}}],"collection":[{"href":"https:\/\/accessibility.ecampusontario.ca\/fr\/wp-json\/wp\/v2\/pages"}],"about":[{"href":"https:\/\/accessibility.ecampusontario.ca\/fr\/wp-json\/wp\/v2\/types\/page"}],"author":[{"embeddable":true,"href":"https:\/\/accessibility.ecampusontario.ca\/fr\/wp-json\/wp\/v2\/users\/1058"}],"replies":[{"embeddable":true,"href":"https:\/\/accessibility.ecampusontario.ca\/fr\/wp-json\/wp\/v2\/comments?post=2824"}],"version-history":[{"count":9,"href":"https:\/\/accessibility.ecampusontario.ca\/fr\/wp-json\/wp\/v2\/pages\/2824\/revisions"}],"predecessor-version":[{"id":3316,"href":"https:\/\/accessibility.ecampusontario.ca\/fr\/wp-json\/wp\/v2\/pages\/2824\/revisions\/3316"}],"up":[{"embeddable":true,"href":"https:\/\/accessibility.ecampusontario.ca\/fr\/wp-json\/wp\/v2\/pages\/2771"}],"wp:attachment":[{"href":"https:\/\/accessibility.ecampusontario.ca\/fr\/wp-json\/wp\/v2\/media?parent=2824"}],"curies":[{"name":"wp","href":"https:\/\/api.w.org\/{rel}","templated":true}]}}