{"id":2808,"date":"2024-03-07T10:39:43","date_gmt":"2024-03-07T15:39:43","guid":{"rendered":"https:\/\/accessibility.ecampusontario.ca\/accessibilite\/bonnes-pratiques\/rendez-les-equations-mathematiques-accessibles\/"},"modified":"2024-03-21T10:53:41","modified_gmt":"2024-03-21T14:53:41","slug":"equations","status":"publish","type":"page","link":"https:\/\/accessibility.ecampusontario.ca\/fr\/accessibilite\/bonnes-pratiques\/equations\/","title":{"rendered":"Rendre les \u00e9quations math\u00e9matiques accessibles"},"content":{"rendered":"<p>[et_pb_section fb_built=\u00a0\u00bb1&Prime; fullwidth=\u00a0\u00bbon\u00a0\u00bb module_class=\u00a0\u00bbec-content\u00a0\u00bb _builder_version=\u00a0\u00bb4.23.4&Prime; _module_preset=\u00a0\u00bbdefault\u00a0\u00bb background_color=\u00a0\u00bbRGBA(255,255,255,0)\u00a0\u00bb global_colors_info=\u00a0\u00bb{}\u00a0\u00bb][et_pb_fullwidth_code _builder_version=\u00a0\u00bb4.23.4&Prime; _module_preset=\u00a0\u00bbdefault\u00a0\u00bb hover_enabled=\u00a0\u00bb0&Prime; global_colors_info=\u00a0\u00bb{}\u00a0\u00bb sticky_enabled=\u00a0\u00bb0&Prime;]<\/p>\n<div class=\"ec-banner-main\"><!-- [et_pb_line_break_holder] -->  <\/p>\n<div class=\"ec-banner-content\"><!-- [et_pb_line_break_holder] -->    <\/p>\n<h1>Rendre les \u00e9quations math\u00e9matiques accessibles<\/h1>\n<p><!-- [et_pb_line_break_holder] -->    <pee>Utilisez des outils qui rendent les \u00e9quations math\u00e9matiques et scientifiques accessibles.<\/pee><!-- [et_pb_line_break_holder] -->  <\/div>\n<p><!-- [et_pb_line_break_holder] -->  <\/p>\n<div class=\"ec-banner-img\"><!-- [et_pb_line_break_holder] -->    <img decoding=\"async\" alt=\"\" src=\"\/wp-content\/uploads\/2024\/02\/best-practices-math-equations.jpg\"><!-- [et_pb_line_break_holder] -->  <\/div>\n<p><!-- [et_pb_line_break_holder] --><\/div>\n<p><!-- [et_pb_line_break_holder] --><\/p>\n<div class=\"ec-breadcrumbs\"><\/div>\n<p><!-- [et_pb_line_break_holder] --><\/p>\n<div class=\"ec-heading-row\"><!-- [et_pb_line_break_holder] -->  <\/p>\n<h2>Introduction<\/h2>\n<p><!-- [et_pb_line_break_holder] --><\/div>\n<p><!-- [et_pb_line_break_holder] --><\/p>\n<div class=\"ec-row\"><!-- [et_pb_line_break_holder] -->  <\/p>\n<div class=\"ec-col ec-col-1w\"><!-- [et_pb_line_break_holder] -->    <pee>Les disciplines telles que la physique, l\u2019ing\u00e9nierie, la chimie, la g\u00e9ologie, la biologie, les sciences sociales et l\u2019\u00e9conomie utilisent toutes des symboles math\u00e9matiques pour transmettre des id\u00e9es complexes. Lorsqu\u2019il s\u2019agit d\u2019\u00e9quations math\u00e9matiques, l\u2019accessibilit\u00e9 rev\u00eat une signification unique, car ces \u00e9l\u00e9ments posent des d\u00e9fis sp\u00e9cifiques aux utilisateurs qui ont recours aux technologies d\u2019assistance.<\/pee><!-- [et_pb_line_break_holder] -->  <\/div>\n<p><!-- [et_pb_line_break_holder] --><\/div>\n<p><!-- [et_pb_line_break_holder] --><\/p>\n<div class=\"ec-heading-row\"><!-- [et_pb_line_break_holder] -->  <\/p>\n<h2>Outils<\/h2>\n<p><!-- [et_pb_line_break_holder] --><\/div>\n<p><!-- [et_pb_line_break_holder] --><\/p>\n<div class=\"ec-row\"><!-- [et_pb_line_break_holder] -->  <\/p>\n<div class=\"ec-col ec-col-1w\"><!-- [et_pb_line_break_holder] -->    <pee>Les expressions math\u00e9matiques, avec leurs symboles et structures complexes, peuvent \u00eatre particuli\u00e8rement difficiles pour les personnes utilisant des technologies d\u2019assistance telles que les lecteurs d\u2019\u00e9cran. Les lecteurs d\u2019\u00e9cran lisent une ligne \u00e0 la fois, ce qui rend difficile l\u2019acc\u00e8s aux informations pr\u00e9sent\u00e9es en deux dimensions, telles que les sous-expressions et les indices.<\/pee><!-- [et_pb_line_break_holder] -->    <pee>Pour surmonter ces difficult\u00e9s, le <span lang=\"en\">Mathematical Markup Language<\/span>, ou <a class=\"ec-external-link\" href=\"https:\/\/www.w3.org\/Math\/\"><span lang=\"en\">MathML<\/span><span class=\"visually-hidden\"> (Offert en anglais seulement)<\/span><\/a> <span aria-hidden=\"true\">(Offert en anglais seulement)<\/span>, a \u00e9t\u00e9 con\u00e7u pour donner une structure s\u00e9mantique aux \u00e9quations lorsqu\u2019elles sont pr\u00e9sent\u00e9es sur le Web et dans certains programmes de bureau, tels que <span lang=\"en\">MS Word<\/span>.<\/pee><!-- [et_pb_line_break_holder] -->    <pee><a class=\"ec-external-link\" href=\"https:\/\/www.mathjax.org\/\"><span lang=\"en\">MathJax<\/span><span class=\"visually-hidden\"> (Offert en anglais seulement)<\/span><\/a>&nbsp;: <span lang=\"en\">MathJax<\/span> est un moteur d\u2019affichage <span lang=\"en\">JavaScript<\/span> \u00ab&nbsp;source ouverte&nbsp;\u00bb pour les notations <span lang=\"en\"><span class=\"visually-hidden\">latex<\/span><span aria-hidden=\"true\">LaTeX<\/span><\/span>, <span lang=\"en\">MathML<\/span> et <span lang=\"en\">AsciiMath<\/span>, qui fonctionne dans tous les navigateurs modernes avec une prise en charge int\u00e9gr\u00e9e des technologies d\u2019assistance telles que les lecteurs d\u2019\u00e9cran. Il prend naturellement en charge les fonctionnalit\u00e9s d\u2019accessibilit\u00e9. <span aria-hidden=\"true\">(Offert en anglais seulement)<\/span>.<\/pee><!-- [et_pb_line_break_holder] -->    <pee><a class=\"ec-external-link\" href=\"https:\/\/latex-project.org\/\"><span lang=\"en\"><span class=\"visually-hidden\">latex<\/span><span aria-hidden=\"true\">LaTeX<\/span><\/span><span class=\"visually-hidden\"> (Offert en anglais seulement)<\/span><\/a>&nbsp;: <span lang=\"en\"><span class=\"visually-hidden\">latex<\/span><span aria-hidden=\"true\">LaTeX<\/span><\/span>, un logiciel gratuit, est un syst\u00e8me de pr\u00e9paration de documents pour une composition de haute qualit\u00e9 avec des fonctionnalit\u00e9s qui permettent \u00e0 l\u2019utilisateur d\u2019effectuer une composition avanc\u00e9e de math\u00e9matiques avec AMS-<span lang=\"en\"><span class=\"visually-hidden\">latex<\/span><span aria-hidden=\"true\">LaTeX<\/span><\/span> et une composition de formules math\u00e9matiques complexes. <span aria-hidden=\"true\">(Offert en anglais seulement)<\/span>.<\/pee><!-- [et_pb_line_break_holder] -->    <pee><a class=\"ec-external-link\" href=\"http:\/\/asciimath.org\/\"><span lang=\"en\">AsciiMath<\/span><span class=\"visually-hidden\"> (Offert en anglais seulement)<\/span><\/a>&nbsp;: <span lang=\"en\">AsciiMath<\/span> est un langage de balisage facile \u00e0 \u00e9crire pour les math\u00e9matiques. <span aria-hidden=\"true\">(Offert en anglais seulement)<\/span>.<\/pee><!-- [et_pb_line_break_holder] -->  <\/div>\n<p><!-- [et_pb_line_break_holder] --><\/div>\n<p><!-- [et_pb_line_break_holder] --><\/p>\n<div class=\"ec-heading-row\"><!-- [et_pb_line_break_holder] -->  <\/p>\n<h2>Utiliser <span lang=\"en\"><span class=\"visually-hidden\">latex<\/span><span aria-hidden=\"true\">LaTeX<\/span><\/span> et <span lang=\"en\">MathJax<\/span> ensemble<\/h2>\n<p><!-- [et_pb_line_break_holder] --><\/div>\n<p><!-- [et_pb_line_break_holder] --><\/p>\n<div class=\"ec-row\"><!-- [et_pb_line_break_holder] -->  <\/p>\n<div class=\"ec-col ec-col-1w\"><!-- [et_pb_line_break_holder] -->    <pee>L\u2019exemple suivant d\u00e9crit comment ces outils peuvent \u00eatre utilis\u00e9s ensemble.<\/pee><!-- [et_pb_line_break_holder] -->    <pee><strong>Objectif<\/strong>&nbsp;: Un professeur vise \u00e0 cr\u00e9er des notes de cours visuellement attrayantes et accessibles contenant des expressions math\u00e9matiques pour un cours en ligne.<\/pee><!-- [et_pb_line_break_holder] -->    <\/p>\n<ol><!-- [et_pb_line_break_holder] -->      <\/p>\n<li><!-- [et_pb_line_break_holder] -->        <strong>Int\u00e9grez <span lang=\"en\">MathJax<\/span> dans les diapositives de cours<\/strong>&nbsp;: le professeur inclut <span lang=\"en\">MathJax<\/span> dans la page HTML standard de ses diapositives de cours en ligne. Cela garantit que les expressions math\u00e9matiques \u00e9crites en <span lang=\"en\"><span class=\"visually-hidden\">latex<\/span><span aria-hidden=\"true\">LaTeX<\/span><\/span>, <span lang=\"en\">MathML<\/span> ou <span lang=\"en\">AsciiMath<\/span> peuvent \u00eatre rendues de mani\u00e8re transparente. Voir l\u2019exemple suivant qui montre le code qui serait ins\u00e9r\u00e9 dans l\u2019en-t\u00eate HTML&nbsp;:<!\u2013- [et_pb_br_holder] -\u2013><!-- [et_pb_line_break_holder] -->\n<pre aria-hidden=\"true\"><code>&lt;!-- Inclure la derni\u00e8re version de la librairie MathJax dans l'en-t\u00eate HTML --&gt;<!-- [et_pb_line_break_holder] -->&lt;script type=\"text\/javascript\" id=\"MathJax-script\" async src=\"https:\/\/cdnjs.cloudflare.com\/ajax\/libs\/mathjax\/3.0.0\/es5\/latest?tex-mml-chtml.js\"&gt;<!-- [et_pb_line_break_holder] -->&lt;\/script&gt;<\/code><\/pre>\n<p><!-- [et_pb_line_break_holder] -->        <span class=\"visually-hidden\"><!-- [et_pb_line_break_holder] -->          D\u00e9but du commentaire HTML: Inclure la derni\u00e8re version de la librairie MathJax dans l&rsquo;en-t\u00eate HTML. Fin du commentaire HTML.<!-- [et_pb_line_break_holder] -->          Balise de script. type, signe \u00e9gal, guillemet double, text, barre oblique, <span lang=\"en\">JavaScript<\/span>, guillemet double, ID, signe \u00e9gal, guillemet double, MathJax, trait d&rsquo;union, script, guillemet double, async, SRC, signe \u00e9gal, guillemet double, HTTPS, deux points, barre oblique, barre oblique, CDN JS point CloudFlare point com, barre oblique, ajax barre oblique, libs, barre oblique, mathjax, barre oblique, 3 point 0 point 0, barre oblique, ES 5, barre oblique, <span lang=\"en\">latest<\/span>, point d&rsquo;interrogation, tex, trait d&rsquo;union, MML, trait d&rsquo;union, CHTML, point, JS, guillemet double. Balise de fermeture de script.<!-- [et_pb_line_break_holder] -->        <\/span><!-- [et_pb_line_break_holder] -->      <\/li>\n<p><!-- [et_pb_line_break_holder] -->      <\/p>\n<li><!-- [et_pb_line_break_holder] -->        <strong>Utilisation de la notation <span class=\"visually-hidden\">latex<\/span><span aria-hidden=\"true\">LaTeX<\/span><\/strong>&nbsp;: le professeur \u00e9crit des expressions math\u00e9matiques en utilisant la notation <span class=\"visually-hidden\">latex<\/span><span aria-hidden=\"true\">LaTeX<\/span>, qui est un format largement utilis\u00e9 pour la composition math\u00e9matique. Cette expression est ensuite int\u00e9gr\u00e9e \u00e0 la diapositive du cours. Voir l\u2019exemple suivant de l\u2019expression math\u00e9matique dans le contenu&nbsp;:<!-- [et_pb_line_break_holder] -->        <!\u2013- [et_pb_br_holder] -\u2013><!-- [et_pb_line_break_holder] -->\n<pre aria-hidden=\"true\"><code>&lt;!-- Expressions math\u00e9matiques dans le contenu --&gt;<!-- [et_pb_line_break_holder] -->&lt;p&gt;Consid\u00e9rez l'\u00e9quation quadratique \\(ax^2 + bx + c = 0\\), o\u00f9 \\(a \\neq 0\\).&lt;\/p&gt;<\/code><\/pre>\n<p><!-- [et_pb_line_break_holder] -->        <span class=\"visually-hidden\"><!-- [et_pb_line_break_holder] -->          D\u00e9but du commentaire HTML: Expressions math\u00e9matiques dans le contenu. Fin du commentaire HTML.<!-- [et_pb_line_break_holder] -->          Balise de paragraphe. Consid\u00e9rez l&rsquo;\u00e9quation quadratique: barre oblique inverse, parenth\u00e8se ouverte, A X caret 2 plus B X plus C, signe \u00e9gal, 0, barre oblique inverse, fermer la parenth\u00e8se, comma, o\u00f9, barre oblique inverse, parenth\u00e8se ouverte, A, barre oblique inverse, NEQ zero, barre oblique inverse, fermer la parenth\u00e8se, p\u00e9riode. Balise de fermeture de paragraphe.<!-- [et_pb_line_break_holder] -->        <\/span><!-- [et_pb_line_break_holder] -->      <\/li>\n<p><!-- [et_pb_line_break_holder] -->      <\/p>\n<li><strong>Rendu en direct dans les diapositives de cours<\/strong>&nbsp;: <span lang=\"en\">MathJax<\/span> rend dynamiquement les expressions math\u00e9matiques pendant la pr\u00e9sentation, garantissant que les \u00e9tudiants voient clairement les \u00e9quations. Ce rendu dynamique permet une exp\u00e9rience d\u2019apprentissage plus interactive et engageante.<\/li>\n<p><!-- [et_pb_line_break_holder] -->    <\/ol>\n<p><!-- [et_pb_line_break_holder] -->  <\/div>\n<p><!-- [et_pb_line_break_holder] --><\/div>\n<p><!-- [et_pb_line_break_holder] --><\/p>\n<div class=\"ec-heading-row\"><!-- [et_pb_line_break_holder] -->  <\/p>\n<h2>Utilisation de <span lang=\"en\">Microsoft OneNote<\/span><\/h2>\n<p><!-- [et_pb_line_break_holder] --><\/div>\n<p><!-- [et_pb_line_break_holder] --><\/p>\n<div class=\"ec-row\"><!-- [et_pb_line_break_holder] -->  <\/p>\n<div class=\"ec-col ec-col-1w\"><!-- [et_pb_line_break_holder] -->    <pee>Utilisez la fonctionnalit\u00e9 <span lang=\"en\">Immersive Reader<\/span> dans les applications <span lang=\"en\">Microsoft<\/span> telles que <span lang=\"en\">OneNote<\/span> et <span lang=\"en\">Word<\/span> pour faire lire \u00e0 haute voix les expressions math\u00e9matiques.<\/pee><!-- [et_pb_line_break_holder] -->    <\/p>\n<ol><!-- [et_pb_line_break_holder] -->      <\/p>\n<li>Utilisez les outils de dessin de <span lang=\"en\">OneNote<\/span> pour \u00e9crire \u00e0 la main une expression math\u00e9matique.<\/li>\n<p><!-- [et_pb_line_break_holder] -->      <\/p>\n<li>S\u00e9lectionnez l\u2019expression \u00e9crite \u00e0 la main avec l\u2019outil de s\u00e9lection.<\/li>\n<p><!-- [et_pb_line_break_holder] -->      <\/p>\n<li>S\u00e9lectionnez le bouton Math pour acc\u00e9der aux options&nbsp;:<!-- [et_pb_line_break_holder] -->\n<ul><!-- [et_pb_line_break_holder] -->          <\/p>\n<li>convertir l\u2019\u00e9criture manuscrite en texte;<\/li>\n<p><!-- [et_pb_line_break_holder] -->          <\/p>\n<li>r\u00e9soudre l\u2019expression; et<\/li>\n<p><!-- [et_pb_line_break_holder] -->          <\/p>\n<li>voir les \u00e9tapes n\u00e9cessaires pour arriver \u00e0 une solution.<\/li>\n<p><!-- [et_pb_line_break_holder] -->        <\/ul>\n<p><!-- [et_pb_line_break_holder] -->      <\/li>\n<p><!-- [et_pb_line_break_holder] -->      <\/p>\n<li>La solution et les \u00e9tapes peuvent \u00eatre ins\u00e9r\u00e9es dans votre document.<\/li>\n<p><!-- [et_pb_line_break_holder] -->    <\/ol>\n<p><!-- [et_pb_line_break_holder] -->    <pee>Pour en savoir plus sur les supports math\u00e9matiques int\u00e9gr\u00e9s \u00e0 <span lang=\"en\">OneNote<\/span>, visitez la page de support <span lang=\"en\">Microsoft<\/span> suivante&nbsp;: <a class=\"ec-external-link\" href=\"https:\/\/support.microsoft.com\/fr-fr\/topic\/r%C3%A9soudre-les-%C3%A9quations-math%C3%A9matiques-%C3%A0-l-aide-de-l-assistant-%C3%A9quation-dans-onenote-1b37bb8d-ecd1-40d7-8d0f-5e6e46547441\">R\u00e9soudre des \u00e9quations math\u00e9matiques avec <span lang=\"en\">Math Assistant<\/span> dans <span lang=\"en\">OneNote<\/span><\/a>.<\/pee><!-- [et_pb_line_break_holder] -->  <\/div>\n<p><!-- [et_pb_line_break_holder] --><\/div>\n<p><!-- [et_pb_line_break_holder] --><\/p>\n<div class=\"ec-heading-row\"><!-- [et_pb_line_break_holder] -->  <\/p>\n<h2>Autres outils<\/h2>\n<p><!-- [et_pb_line_break_holder] --><\/div>\n<p><!-- [et_pb_line_break_holder] --><\/p>\n<div class=\"ec-row\"><!-- [et_pb_line_break_holder] -->  <\/p>\n<div class=\"ec-col ec-col-1w\"><!-- [et_pb_line_break_holder] -->    <\/p>\n<ul><!-- [et_pb_line_break_holder] -->      <\/p>\n<li><a class=\"ec-external-link\" href=\"https:\/\/www.texthelp.com\/products\/equatio\/\"><span lang=\"en\">Equatio<\/span><span class=\"visually-hidden\"> (Offert en anglais seulement)<\/span><\/a>&nbsp;: est un logiciel utilis\u00e9 pour cr\u00e9er des le\u00e7ons, des devoirs et des \u00e9valuations de math\u00e9matiques accessibles en moins de temps <span aria-hidden=\"true\">(Offert en anglais seulement)<\/span>.<\/li>\n<p><!-- [et_pb_line_break_holder] -->      <\/p>\n<li><a class=\"ec-external-link\" href=\"https:\/\/www.desmos.com\/\">Desmos<span class=\"visually-hidden\"> (Offert en anglais seulement)<\/span><\/a>&nbsp;: est un outil graphique accessible aux instructeurs et aux \u00e9tudiants handicap\u00e9s. Les enseignants et les \u00e9tudiants qui utilisent une technologie d\u2019assistance, telle qu\u2019un lecteur d\u2019\u00e9cran, peuvent cr\u00e9er, lire et \u00e9couter des graphiques. <span aria-hidden=\"true\">(Offert en anglais seulement)<\/span>.<\/li>\n<p><!-- [et_pb_line_break_holder] -->      <\/p>\n<li><a class=\"ec-external-link\" href=\"https:\/\/accessibility.pearson.com\/resources\/aee\/beta\/\"><span lang=\"en\">Accessible Equation Editor by Pearson<\/span><span class=\"visually-hidden\"> (Offert en anglais seulement)<\/span><\/a>&nbsp;: permet \u00e0 un utilisateur de cr\u00e9er des expressions math\u00e9matiques dans une page Web. Il prend en charge l\u2019entr\u00e9e et la sortie en braille pour un large \u00e9ventail de notations math\u00e9matiques. <span aria-hidden=\"true\">(Offert en anglais seulement)<\/span>.<\/li>\n<p><!-- [et_pb_line_break_holder] -->      <\/p>\n<li><a class=\"ec-external-link\" href=\"https:\/\/mathpix.com\/\"><span lang=\"en\">MathPix<\/span><span class=\"visually-hidden\"> (Offert en anglais seulement)<\/span><\/a>&nbsp;: permet \u00e0 un utilisateur de convertir rapidement et pr\u00e9cis\u00e9ment des PDF et des images en texte consultable, exportable et lisible par machine. <span aria-hidden=\"true\">(Offert en anglais seulement)<\/span>.<\/li>\n<p><!-- [et_pb_line_break_holder] -->    <\/ul>\n<p><!-- [et_pb_line_break_holder] -->  <\/div>\n<p><!-- [et_pb_line_break_holder] --><\/div>\n<p><!-- [et_pb_line_break_holder] --><\/p>\n<div class=\"ec-heading-row\"><!-- [et_pb_line_break_holder] -->  <\/p>\n<h2>Information additionelles<\/h2>\n<p><!-- [et_pb_line_break_holder] --><\/div>\n<p><!-- [et_pb_line_break_holder] --><\/p>\n<div class=\"ec-row\"><!-- [et_pb_line_break_holder] -->  <\/p>\n<div class=\"ec-col ec-col-1w\"><!-- [et_pb_line_break_holder] -->    <\/p>\n<ul><!-- [et_pb_line_break_holder] -->      <\/p>\n<li><a class=\"ec-external-link\" href=\"https:\/\/www.torontomu.ca\/accessibility\/guides-resources\/math-science\/#word\"><span lang=\"en\">Accessible equations in Microsoft Word, Toronto Metropolitan University<\/span><span class=\"visually-hidden\"> (Offert en anglais seulement)<\/span><\/a> <span aria-hidden=\"true\">(Offert en anglais seulement)<\/span>.<\/li>\n<p><!-- [et_pb_line_break_holder] -->      <\/p>\n<li><a class=\"ec-external-link\" href=\"https:\/\/www.torontomu.ca\/accessibility\/guides-resources\/math-science\/#!accordion-1596748612828-writing-equations-in-microsoft-word\"><span lang=\"en\">How to make math and science more accessible, Toronto Metropolitan University<\/span><span class=\"visually-hidden\"> (Offert en anglais seulement)<\/span><\/a> <span aria-hidden=\"true\">(Offert en anglais seulement)<\/span>.<\/li>\n<p><!-- [et_pb_line_break_holder] -->      <\/p>\n<li><a class=\"ec-external-link\" href=\"https:\/\/www.unimelb.edu.au\/accessibility\/tutorials\/accessible-equations\"><span lang=\"en\">Accessible Equations, The University of Melbourne<\/span><span class=\"visually-hidden\"> (Offert en anglais seulement)<\/span><\/a> <span aria-hidden=\"true\">(Offert en anglais seulement)<\/span>.<\/li>\n<p><!-- [et_pb_line_break_holder] -->      <\/p>\n<li><a class=\"ec-external-link\" href=\"https:\/\/kb.iu.edu\/d\/bgkz\"><span lang=\"en\">Create accessible math in Pressbooks and Canvas<\/span><span class=\"visually-hidden\"> (Offert en anglais seulement)<\/span><\/a> <span aria-hidden=\"true\">(Offert en anglais seulement)<\/span>.<\/li>\n<p><!-- [et_pb_line_break_holder] -->      <\/p>\n<li><a class=\"ec-external-link\" href=\"https:\/\/docs.mathjax.org\/en\/latest\/\"><span lang=\"en\">MathJax Documentation<\/span><span class=\"visually-hidden\"> (Offert en anglais seulement)<\/span><\/a> <span aria-hidden=\"true\">(Offert en anglais seulement)<\/span>.<\/li>\n<p><!-- [et_pb_line_break_holder] -->      <\/p>\n<li><a class=\"ec-external-link\" href=\"https:\/\/www.youtube.com\/watch?v=bCumVPGR4ts\"><span lang=\"en\">Latex Tutorial \u2013 Common Mathematical Notation<\/span><span class=\"visually-hidden\"> (Offert en anglais seulement)<\/span><\/a> <span aria-hidden=\"true\">(Offert en anglais seulement)<\/span>.<\/li>\n<p><!-- [et_pb_line_break_holder] -->      <\/p>\n<li><a class=\"ec-external-link\" href=\"https:\/\/www.washington.edu\/doit\/making-math-science-and-technology-instruction-accessible-students-disabilities\"><span lang=\"en\">Making Math, Science, and Technology Instruction Accessible to Students with Disabilities<\/span><span class=\"visually-hidden\"> (Offert en anglais seulement)<\/span><\/a> <span aria-hidden=\"true\">(Offert en anglais seulement)<\/span>.<\/li>\n<p><!-- [et_pb_line_break_holder] -->      <\/p>\n<li><a class=\"ec-external-link\" href=\"https:\/\/www.lwtech.edu\/campus-life\/disability-support\/faculty-staff\/docs\/lwtech-dss-teaching-chemistry.pdf\"><span lang=\"en\">Teaching Chemistry to Students with Disabilities<\/span><span class=\"visually-hidden\"> (Offert en anglais seulement)<\/span><\/a> <span aria-hidden=\"true\">(Offert en anglais seulement)<\/span>.<\/li>\n<p><!-- [et_pb_line_break_holder] -->      <\/p>\n<li><a class=\"ec-external-link\" href=\"https:\/\/accessibility.kennesaw.edu\/basic_accessibility_solutions\/creating_accessible_content\/stem_accessibility.php\"><span lang=\"en\">STEM Accessibility, Kennesaw State University<\/span><span class=\"visually-hidden\"> (Offert en anglais seulement)<\/span><\/a> <span aria-hidden=\"true\">(Offert en anglais seulement)<\/span>.<\/li>\n<p><!-- [et_pb_line_break_holder] -->    <\/ul>\n<p><!-- [et_pb_line_break_holder] -->  <\/div>\n<p><!-- [et_pb_line_break_holder] --><\/div>\n<p>[\/et_pb_fullwidth_code][\/et_pb_section]<\/p>\n","protected":false},"excerpt":{"rendered":"","protected":false},"author":1059,"featured_media":0,"parent":2768,"menu_order":0,"comment_status":"closed","ping_status":"closed","template":"","meta":{"_et_pb_use_builder":"on","_et_pb_old_content":"","_et_gb_content_width":"","footnotes":""},"class_list":["post-2808","page","type-page","status-publish","hentry"],"_links":{"self":[{"href":"https:\/\/accessibility.ecampusontario.ca\/fr\/wp-json\/wp\/v2\/pages\/2808","targetHints":{"allow":["GET"]}}],"collection":[{"href":"https:\/\/accessibility.ecampusontario.ca\/fr\/wp-json\/wp\/v2\/pages"}],"about":[{"href":"https:\/\/accessibility.ecampusontario.ca\/fr\/wp-json\/wp\/v2\/types\/page"}],"author":[{"embeddable":true,"href":"https:\/\/accessibility.ecampusontario.ca\/fr\/wp-json\/wp\/v2\/users\/1059"}],"replies":[{"embeddable":true,"href":"https:\/\/accessibility.ecampusontario.ca\/fr\/wp-json\/wp\/v2\/comments?post=2808"}],"version-history":[{"count":11,"href":"https:\/\/accessibility.ecampusontario.ca\/fr\/wp-json\/wp\/v2\/pages\/2808\/revisions"}],"predecessor-version":[{"id":3305,"href":"https:\/\/accessibility.ecampusontario.ca\/fr\/wp-json\/wp\/v2\/pages\/2808\/revisions\/3305"}],"up":[{"embeddable":true,"href":"https:\/\/accessibility.ecampusontario.ca\/fr\/wp-json\/wp\/v2\/pages\/2768"}],"wp:attachment":[{"href":"https:\/\/accessibility.ecampusontario.ca\/fr\/wp-json\/wp\/v2\/media?parent=2808"}],"curies":[{"name":"wp","href":"https:\/\/api.w.org\/{rel}","templated":true}]}}