{"id":2806,"date":"2024-03-07T10:39:09","date_gmt":"2024-03-07T15:39:09","guid":{"rendered":"https:\/\/accessibility.ecampusontario.ca\/accessibilite\/bonnes-pratiques\/rendre-les-formulaires-numeriques-accessibles\/"},"modified":"2024-03-21T10:50:37","modified_gmt":"2024-03-21T14:50:37","slug":"formulaires","status":"publish","type":"page","link":"https:\/\/accessibility.ecampusontario.ca\/fr\/accessibilite\/bonnes-pratiques\/formulaires\/","title":{"rendered":"Rendre les formulaires num\u00e9riques accessibles"},"content":{"rendered":"<p>[et_pb_section fb_built=\u00a0\u00bb1&Prime; fullwidth=\u00a0\u00bbon\u00a0\u00bb module_class=\u00a0\u00bbec-content\u00a0\u00bb _builder_version=\u00a0\u00bb4.23.4&Prime; _module_preset=\u00a0\u00bbdefault\u00a0\u00bb background_color=\u00a0\u00bbRGBA(255,255,255,0)\u00a0\u00bb global_colors_info=\u00a0\u00bb{}\u00a0\u00bb][et_pb_fullwidth_code _builder_version=\u00a0\u00bb4.23.4&Prime; _module_preset=\u00a0\u00bbdefault\u00a0\u00bb hover_enabled=\u00a0\u00bb0&Prime; global_colors_info=\u00a0\u00bb{}\u00a0\u00bb sticky_enabled=\u00a0\u00bb0&Prime;]<\/p>\n<div class=\"ec-banner-main\"><!-- [et_pb_line_break_holder] -->  <\/p>\n<div class=\"ec-banner-content\"><!-- [et_pb_line_break_holder] -->    <\/p>\n<h1>Rendre les formulaires num\u00e9riques accessibles<\/h1>\n<p><!-- [et_pb_line_break_holder] -->    <pee>Cr\u00e9ez des formulaires incluant des fonctionnalit\u00e9s telles que des champs \u00e9tiquet\u00e9s, une pr\u00e9sentation adaptable, des \u00e9l\u00e9ments group\u00e9s et des fonctionnalit\u00e9s de validation.<\/pee><!-- [et_pb_line_break_holder] -->  <\/div>\n<p><!-- [et_pb_line_break_holder] -->  <\/p>\n<div class=\"ec-banner-img\"><!-- [et_pb_line_break_holder] -->    <img decoding=\"async\" alt=\"\" src=\"\/wp-content\/uploads\/2024\/02\/best-practices-forms.jpg\"><!-- [et_pb_line_break_holder] -->  <\/div>\n<p><!-- [et_pb_line_break_holder] --><\/div>\n<p><!-- [et_pb_line_break_holder] --><\/p>\n<div class=\"ec-breadcrumbs\"><\/div>\n<p><!-- [et_pb_line_break_holder] --><\/p>\n<div class=\"ec-heading-row\"><!-- [et_pb_line_break_holder] -->  <\/p>\n<h2>Choisissez un format<\/h2>\n<p><!-- [et_pb_line_break_holder] --><\/div>\n<p><!-- [et_pb_line_break_holder] --><\/p>\n<div class=\"ec-row\"><!-- [et_pb_line_break_holder] -->  <\/p>\n<div class=\"ec-col ec-col-1w\"><!-- [et_pb_line_break_holder] -->    <\/p>\n<div class=\"ec-callout ec-callout-right\"><!-- [et_pb_line_break_holder] -->      <\/p>\n<h3>R\u00e9f\u00e9rence WCAG associ\u00e9e<\/h3>\n<p><!-- [et_pb_line_break_holder] -->      <pee><a class=\"ec-external-link\" href=\"https:\/\/www.w3.org\/Translations\/WCAG21-fr\/#input-assistance\">Directive WCAG 2.1 3.3 Aide \u00e0 la saisie<\/a><\/pee><!-- [et_pb_line_break_holder] -->    <\/div>\n<p><!-- [et_pb_line_break_holder] -->    <pee>La premi\u00e8re d\u00e9cision \u00e0 prendre lorsque vous avez besoin d\u2019un formulaire num\u00e9rique est de choisir le format. Consid\u00e9rez les \u00e9l\u00e9ments suivants&nbsp;:<\/pee><!-- [et_pb_line_break_holder] -->    <\/p>\n<ul><!-- [et_pb_line_break_holder] -->      <\/p>\n<li><span lang=\"en\">Hypertext Markup Language<\/span> (HTML), le langage standard pour la cr\u00e9ation de pages Web, est le format le meilleur et le plus flexible, m\u00eame compar\u00e9 \u00e0 <span lang=\"en\">Word<\/span> et PDF. Lorsqu\u2019ils sont correctement cod\u00e9s, les formulaires HTML offrent les meilleures fonctionnalit\u00e9s d\u2019accessibilit\u00e9.<\/li>\n<p><!-- [et_pb_line_break_holder] -->      <\/p>\n<li>L\u2019utilisation d\u2019\u00e9l\u00e9ments de formulaire int\u00e9gr\u00e9s tels que des cases \u00e0 cocher dans <span lang=\"en\">Microsoft Word<\/span> entra\u00eenera un formulaire inaccessible. En raison de probl\u00e8mes li\u00e9s \u00e0 ces fonctionnalit\u00e9s, <span lang=\"en\">Microsoft<\/span> a masqu\u00e9 ces fonctionnalit\u00e9s dans les versions r\u00e9centes de <span lang=\"en\">Word<\/span> sous \u00ab&nbsp;Outils h\u00e9rit\u00e9s&nbsp;\u00bb.<\/li>\n<p><!-- [et_pb_line_break_holder] -->      <\/p>\n<li>Il est difficile de rendre un formulaire PDF enti\u00e8rement accessible.<!-- [et_pb_line_break_holder] -->\n<ul><!-- [et_pb_line_break_holder] -->          <\/p>\n<li>La plupart des formulaires PDF ne s\u2019ajustent pas correctement \u00e0 une taille d\u2019\u00e9cran plus petite. Au lieu de cela, le formulaire devient tr\u00e8s petit, ce qui affecte consid\u00e9rablement la facilit\u00e9 d\u2019utilisation pour les utilisateurs malvoyants ou sur les appareils mobiles.<\/li>\n<p><!-- [et_pb_line_break_holder] -->          <\/p>\n<li>Les pr\u00e9f\u00e9rences des utilisateurs concernant les couleurs et les polices sont rarement refl\u00e9t\u00e9es.<\/li>\n<p><!-- [et_pb_line_break_holder] -->          <\/p>\n<li>Il est difficile d\u2019adapter un formulaire PDF \u00e0 d\u2019autres formats tels que les gros caract\u00e8res ou le braille.<\/li>\n<p><!-- [et_pb_line_break_holder] -->        <\/ul>\n<p><!-- [et_pb_line_break_holder] -->      <\/li>\n<p><!-- [et_pb_line_break_holder] -->    <\/ul>\n<p><!-- [et_pb_line_break_holder] -->  <\/div>\n<p><!-- [et_pb_line_break_holder] --><\/div>\n<p><!-- [et_pb_line_break_holder] --><\/p>\n<div class=\"ec-heading-row\"><!-- [et_pb_line_break_holder] -->  <\/p>\n<h2>Conseils pour cr\u00e9er un formulaire HTML accessible<\/h2>\n<p><!-- [et_pb_line_break_holder] --><\/div>\n<p><!-- [et_pb_line_break_holder] --><\/p>\n<div class=\"ec-row\"><!-- [et_pb_line_break_holder] -->  <\/p>\n<div class=\"ec-col ec-col-1w\"><!-- [et_pb_line_break_holder] -->    <\/p>\n<ul><!-- [et_pb_line_break_holder] -->      <\/p>\n<li>Utiliser des \u00e9l\u00e9ments HTML s\u00e9mantiques tels que <span lang=\"en\"><code><span aria-hidden=\"true\">&lt;<\/span>form<span aria-hidden=\"true\">&gt;<\/span><\/code><\/span>, <span lang=\"en\"><code><span aria-hidden=\"true\">&lt;<\/span>label<span aria-hidden=\"true\">&gt;<\/span><\/code><\/span>, <span lang=\"en\"><code><span aria-hidden=\"true\">&lt;<\/span>input<span aria-hidden=\"true\">&gt;<\/span><\/code><\/span>, <span lang=\"en\"><code><span aria-hidden=\"true\">&lt;<\/span>select<span aria-hidden=\"true\">&gt;<\/span><\/code><\/span>, et <span lang=\"en\"><code><span aria-hidden=\"true\">&lt;<\/span>textarea<span aria-hidden=\"true\">&gt;<\/span><\/code><\/span> pour transmettre la structure et l\u2019objectif du formulaire aux technologies d\u2019assistance.<\/li>\n<p><!-- [et_pb_line_break_holder] -->      <\/p>\n<li>Associer chaque entr\u00e9e de formulaire \u00e0 une \u00e9tiquette claire et concise \u00e0 l\u2019aide de l\u2019\u00e9l\u00e9ment <span lang=\"en\"><code><span aria-hidden=\"true\">&lt;<\/span>label<span aria-hidden=\"true\">&gt;<\/span><\/code><\/span> Cela aide les lecteurs d\u2019\u00e9cran et fournit un contexte \u00e0 tous les utilisateurs.<\/li>\n<p><!-- [et_pb_line_break_holder] -->      <\/p>\n<li>Utilisez les rep\u00e8res ARIA (<span lang=\"en\">Accessibility Rich Internet Applications<\/span>) pour d\u00e9signer le d\u00e9but et la fin du formulaire, aidant ainsi les utilisateurs \u00e0 comprendre la structure de la page et \u00e0 naviguer efficacement. Voir les <a href=\"\/wp-content\/uploads\/2024\/03\/Lignes-directrices-ARIA-20240318.pdf\">lignes directrices ARIA<\/a> pour plus d\u2019informations.<\/li>\n<p><!-- [et_pb_line_break_holder] -->      <\/p>\n<li>Assurez-vous que l\u2019ordre des onglets suit une structure logique, se d\u00e9pla\u00e7ant de gauche \u00e0 droite et de haut en bas. Ceci est tr\u00e8s important pour les utilisateurs de claviers et de lecteurs d\u2019\u00e9cran.<\/li>\n<p><!-- [et_pb_line_break_holder] -->      <\/p>\n<li>Regrouper les \u00e9l\u00e9ments de formulaire associ\u00e9s \u00e0 l\u2019aide des \u00e9l\u00e9ments <span lang=\"en\"><code><span aria-hidden=\"true\">&lt;<\/span>fieldset<span aria-hidden=\"true\">&gt;<\/span><\/code><\/span> et <span lang=\"en\"><code><span aria-hidden=\"true\">&lt;<\/span>legend<span aria-hidden=\"true\">&gt;<\/span><\/code><\/span>. Cela fournit une structure s\u00e9mantique et am\u00e9liore la compr\u00e9hension.<\/li>\n<p><!-- [et_pb_line_break_holder] -->      <\/p>\n<li>Inclure des instructions claires et concises au d\u00e9but du formulaire pour guider les utilisateurs sur la fa\u00e7on de le remplir avec succ\u00e8s.<\/li>\n<p><!-- [et_pb_line_break_holder] -->      <\/p>\n<li>Fournisser des messages d\u2019erreur descriptifs lorsqu\u2019un utilisateur commet une erreur. N\u2019utilisez pas de couleur seule (c\u2019est-\u00e0-dire du texte rouge) pour indiquer les champs contenant des erreurs.<\/li>\n<p><!-- [et_pb_line_break_holder] -->      <\/p>\n<li>Assurer que les liens et les boutons comportent un texte descriptif qui indique leur objectif ou leur destination. \u00c9vitez d\u2019utiliser des termes g\u00e9n\u00e9riques comme \u00ab&nbsp;cliquez ici&nbsp;\u00bb.<\/li>\n<p><!-- [et_pb_line_break_holder] -->      <\/p>\n<li>Assurer que tous les \u00e9l\u00e9ments du formulaire sont accessibles et soumis en utilisant uniquement le clavier, ce qui les rend accessibles aux utilisateurs qui n\u2019utilisent pas de souris.<\/li>\n<p><!-- [et_pb_line_break_holder] -->      <\/p>\n<li>Utiliser l\u2019attribut de <span lang=\"en\"><code>autocomplete<\/code><\/span> pour permettre aux navigateurs de sugg\u00e9rer et de renseigner des informations pour les utilisateurs.<\/li>\n<p><!-- [et_pb_line_break_holder] -->      <\/p>\n<li>Assurer que le formulaire est accessible et en format encore plus convivial sur appareils divers, y compris les t\u00e9l\u00e9phones mobiles et les tablettes.<\/li>\n<p><!-- [et_pb_line_break_holder] -->      <\/p>\n<li>Pour les formulaires n\u00e9cessitant des interactions complexes, assurez-vous qu\u2019il existe des m\u00e9thodes alternatives disponibles pour les utilisateurs susceptibles de rencontrer des difficult\u00e9s avec le processus par d\u00e9faut.<\/li>\n<p><!-- [et_pb_line_break_holder] -->      <\/p>\n<li>Le cas \u00e9ch\u00e9ant, envisagez de fournir une version imprimable du formulaire aux utilisateurs qui pourraient pr\u00e9f\u00e9rer une copie papier.<\/li>\n<p><!-- [et_pb_line_break_holder] -->    <\/ul>\n<p><!-- [et_pb_line_break_holder] -->  <\/div>\n<p><!-- [et_pb_line_break_holder] --><\/div>\n<p><!-- [et_pb_line_break_holder] --><\/p>\n<div class=\"ec-heading-row\"><!-- [et_pb_line_break_holder] -->  <\/p>\n<h2>Conseils pour cr\u00e9er un formulaire accessible dans <span lang=\"en\">Word<\/span><\/h2>\n<p><!-- [et_pb_line_break_holder] --><\/div>\n<p><!-- [et_pb_line_break_holder] --><\/p>\n<div class=\"ec-row\"><!-- [et_pb_line_break_holder] -->  <\/p>\n<div class=\"ec-col ec-col-1w\"><!-- [et_pb_line_break_holder] -->    <pee>Les documents <span lang=\"en\">Microsoft Word<\/span> sans champs de formulaire constituent la meilleure option apr\u00e8s HTML pour cr\u00e9er des formulaires accessibles. Un formulaire <span lang=\"en\">Word<\/span> peut \u00eatre adapt\u00e9 pour r\u00e9pondre aux besoins sp\u00e9cifiques de l\u2019utilisateur \u00ab&nbsp;par exemple, la taille de la police peut \u00eatre augment\u00e9e&nbsp;\u00bb et peut \u00eatre un bon choix dans de nombreuses situations malgr\u00e9 certaines limitations&nbsp;:<\/pee><!-- [et_pb_line_break_holder] -->    <\/p>\n<ul><!-- [et_pb_line_break_holder] -->      <\/p>\n<li>Le document doit \u00eatre structur\u00e9 dans un style de questions et r\u00e9ponses simple, \u00e0 une seule colonne, avec une ligne vide sous chaque question o\u00f9 l\u2019utilisateur peut saisir sa r\u00e9ponse.<\/li>\n<p><!-- [et_pb_line_break_holder] -->      <\/p>\n<li>Vous ne pourrez pas fournir d\u2019\u00e9l\u00e9ments de formulaire tels que des cases \u00e0 cocher ou une validation automatis\u00e9e pour garantir que les champs obligatoires ont \u00e9t\u00e9 remplis.<\/li>\n<p><!-- [et_pb_line_break_holder] -->      <\/p>\n<li>Ne prot\u00e9gez pas le contenu que vous ne souhaitez pas modifier, comme les questions du formulaire, car cela pourrait rendre difficile l\u2019acc\u00e8s au contenu pour les utilisateurs de technologies adaptatives.<\/li>\n<p><!-- [et_pb_line_break_holder] -->      <\/p>\n<li>Inclure des titres clairs et descriptifs pour votre formulaire et chaque section. Cela am\u00e9liore la navigation pour les utilisateurs disposant de technologies d\u2019assistance.<\/li>\n<p><!-- [et_pb_line_break_holder] -->      <\/p>\n<li>Appliquer des styles de titre int\u00e9gr\u00e9s (Titre 1, Titre 2, etc.) pour organiser la structure de votre formulaire. Cela aide les lecteurs d\u2019\u00e9cran \u00e0 comprendre la hi\u00e9rarchie des informations.<\/li>\n<p><!-- [et_pb_line_break_holder] -->      <\/p>\n<li>Ajouter des instructions claires au d\u00e9but du formulaire, expliquant comment naviguer et remplir le document. Cela aide tous les utilisateurs, y compris ceux handicap\u00e9s.<\/li>\n<p><!-- [et_pb_line_break_holder] -->      <\/p>\n<li>\u00c9viter d\u2019utiliser des tableaux pour le formatage. Pour positionner les informations sans utiliser de tableaux, utilisez des arr\u00eats de tabulation ou des colonnes.<\/li>\n<p><!-- [et_pb_line_break_holder] -->    <\/ul>\n<p><!-- [et_pb_line_break_holder] -->  <\/div>\n<p><!-- [et_pb_line_break_holder] --><\/div>\n<p><!-- [et_pb_line_break_holder] --><\/p>\n<div class=\"ec-heading-row\"><!-- [et_pb_line_break_holder] -->  <\/p>\n<h2>Conseils pour cr\u00e9er un formulaire accessible en PDF<\/h2>\n<p><!-- [et_pb_line_break_holder] --><\/div>\n<p><!-- [et_pb_line_break_holder] --><\/p>\n<div class=\"ec-row\"><!-- [et_pb_line_break_holder] -->  <\/p>\n<div class=\"ec-col ec-col-1w\"><!-- [et_pb_line_break_holder] -->    <\/p>\n<ul><!-- [et_pb_line_break_holder] -->      <\/p>\n<li>Vous pouvez utiliser <span lang=\"en\">Microsoft Word<\/span> comme point de d\u00e9part pour cr\u00e9er un formulaire PDF.<!-- [et_pb_line_break_holder] -->\n<ul><!-- [et_pb_line_break_holder] -->          <\/p>\n<li>Ne cr\u00e9ez pas les champs de formulaire dans <span lang=\"en\">Word<\/span>. Laissez des espaces vides pour les cr\u00e9er dans l\u2019\u00e9diteur PDF qui prend en charge la g\u00e9n\u00e9ration de contenu accessible tel qu\u2019<span lang=\"en\">Acrobat Pro DC<\/span> ou <span lang=\"en\">Foxit PDF Editor<\/span>.<\/li>\n<p><!-- [et_pb_line_break_holder] -->          <\/p>\n<li>Appliquer des titres et des styles appropri\u00e9s pour structurer le contenu. Les lecteurs d\u2019\u00e9cran utilisent cette structure pour aider aux utilisateurs \u00e0 naviguer dans le document.<\/li>\n<p><!-- [et_pb_line_break_holder] -->          <\/p>\n<li>Incluere des titres clairs et descriptifs pour votre formulaire et chaque section. Cela aide les utilisateurs \u00e0 comprendre le but de chaque partie du formulaire.<\/li>\n<p><!-- [et_pb_line_break_holder] -->          <\/p>\n<li>Une fois le point de d\u00e9part du formulaire cr\u00e9\u00e9 dans <span lang=\"en\">Word<\/span> et le plus accessible possible, exportez-le au format PDF. Lors de l\u2019exportation, s\u00e9lectionnez les options pour cr\u00e9er des signets \u00e0 partir des titres et pour cr\u00e9er des balises dans le PDF.<\/li>\n<p><!-- [et_pb_line_break_holder] -->        <\/ul>\n<p><!-- [et_pb_line_break_holder] -->      <\/li>\n<p><!-- [et_pb_line_break_holder] -->      <\/p>\n<li>Ouvrer le fichier PDF obtenu dans un \u00e9diteur PDF et cr\u00e9ez vos \u00e9l\u00e9ments de formulaire tels que des cases \u00e0 cocher, des champs de texte, etc.<\/li>\n<p><!-- [et_pb_line_break_holder] -->      <\/p>\n<li>Ajouter un texte descriptif (info-bulles) pour chaque champ du formulaire afin d\u2019expliquer les informations requises. Ceci est particuli\u00e8rement important pour les utilisateurs qui utilisent des lecteurs d\u2019\u00e9cran.<\/li>\n<p><!-- [et_pb_line_break_holder] -->      <\/p>\n<li>\u00c9tiqueter clairement chaque champ du formulaire \u00e0 l\u2019aide des fonctions d\u2019\u00e9tiquetage appropri\u00e9es de votre outil de cr\u00e9ation de PDF. \u00c9vitez de vous fier uniquement au texte d\u2019espace r\u00e9serv\u00e9 ou aux noms de champs.<\/li>\n<p><!-- [et_pb_line_break_holder] -->      <\/p>\n<li>Le cas \u00e9ch\u00e9ant, utilisez les cases \u00e0 cocher et les boutons radio pour les options. Ces \u00e9l\u00e9ments sont plus faciles \u00e0 parcourir et \u00e0 interpr\u00e9ter pour les utilisateurs handicap\u00e9s.<\/li>\n<p><!-- [et_pb_line_break_holder] -->      <\/p>\n<li>D\u00e9finir l\u2019ordre de tabulation pour suivre une structure logique, permettant aux utilisateurs de naviguer dans les champs du formulaire \u00e0 l\u2019aide du clavier.<\/li>\n<p><!-- [et_pb_line_break_holder] -->        <\/p>\n<ul><!-- [et_pb_line_break_holder] -->          <\/p>\n<li>Vous pouvez d\u00e9finir l\u2019ordre de tabulation sur \u00ab&nbsp;Utiliser la structure du document&nbsp;\u00bb, puis tester l\u2019ordre de tabulation d\u2019un formulaire \u00e0 l\u2019aide des commandes clavier suivantes&nbsp;:<!-- [et_pb_line_break_holder] -->\n<ul><!-- [et_pb_line_break_holder] -->              <\/p>\n<li><kbd>Tab<\/kbd> pour d\u00e9placer le focus vers le champ suivant.<\/li>\n<p><!-- [et_pb_line_break_holder] -->              <\/p>\n<li><kbd>Maj<\/kbd> + <kbd>Tab<\/kbd> pour d\u00e9placer le focus sur le champ pr\u00e9c\u00e9dent.<\/li>\n<p><!-- [et_pb_line_break_holder] -->              <\/p>\n<li><kbd>Barre d\u2019espace<\/kbd> pour s\u00e9lectionner les options.<\/li>\n<p><!-- [et_pb_line_break_holder] -->              <\/p>\n<li>Touches fl\u00e9ch\u00e9es pour s\u00e9lectionner des options ou des \u00e9l\u00e9ments de liste.<\/li>\n<p><!-- [et_pb_line_break_holder] -->            <\/ul>\n<p><!-- [et_pb_line_break_holder] -->          <\/li>\n<p><!-- [et_pb_line_break_holder] -->        <\/ul>\n<p><!-- [et_pb_line_break_holder] -->      <\/li>\n<p><!-- [et_pb_line_break_holder] -->      <\/p>\n<li>Activez la saisie semi-automatique pour les champs du formulaire afin d\u2019aider les utilisateurs \u00e0 remplir le formulaire plus efficacement, en particulier pour les informations r\u00e9p\u00e9t\u00e9es.<\/li>\n<p><!-- [et_pb_line_break_holder] -->      <\/p>\n<li>Maintenez un contraste de couleurs suffisant entre le texte et l\u2019arri\u00e8re-plan pour am\u00e9liorer la lisibilit\u00e9, en particulier pour les utilisateurs malvoyants.<\/li>\n<p><!-- [et_pb_line_break_holder] -->      <\/p>\n<li>Utilisez les contr\u00f4les de formulaire fournis par l\u2019outil de cr\u00e9ation de PDF plut\u00f4t que de cr\u00e9er des contr\u00f4les personnalis\u00e9s. Cela garantit la compatibilit\u00e9 avec les technologies d\u2019assistance.<\/li>\n<p><!-- [et_pb_line_break_holder] -->      <\/p>\n<li>Le cas \u00e9ch\u00e9ant, envisagez de fournir une version imprimable du formulaire aux utilisateurs qui pr\u00e9f\u00e8rent une copie papier.<\/li>\n<p><!-- [et_pb_line_break_holder] -->      <\/p>\n<li>Voir ceci&nbsp;: <a class=\"ec-external-link\" href=\"https:\/\/helpx.adobe.com\/ca_fr\/acrobat\/using\/create-verify-pdf-accessibility.html\">Cr\u00e9ation et v\u00e9rification de l\u2019accessibilit\u00e9 PDF (<span lang=\"en\">Acrobat Pro<\/span>)<\/a>.<\/li>\n<p><!-- [et_pb_line_break_holder] -->    <\/ul>\n<p><!-- [et_pb_line_break_holder] -->  <\/div>\n<p><!-- [et_pb_line_break_holder] --><\/div>\n<p>[\/et_pb_fullwidth_code][\/et_pb_section]<\/p>\n","protected":false},"excerpt":{"rendered":"","protected":false},"author":1059,"featured_media":0,"parent":2768,"menu_order":0,"comment_status":"closed","ping_status":"closed","template":"","meta":{"_et_pb_use_builder":"on","_et_pb_old_content":"","_et_gb_content_width":"","footnotes":""},"class_list":["post-2806","page","type-page","status-publish","hentry"],"_links":{"self":[{"href":"https:\/\/accessibility.ecampusontario.ca\/fr\/wp-json\/wp\/v2\/pages\/2806","targetHints":{"allow":["GET"]}}],"collection":[{"href":"https:\/\/accessibility.ecampusontario.ca\/fr\/wp-json\/wp\/v2\/pages"}],"about":[{"href":"https:\/\/accessibility.ecampusontario.ca\/fr\/wp-json\/wp\/v2\/types\/page"}],"author":[{"embeddable":true,"href":"https:\/\/accessibility.ecampusontario.ca\/fr\/wp-json\/wp\/v2\/users\/1059"}],"replies":[{"embeddable":true,"href":"https:\/\/accessibility.ecampusontario.ca\/fr\/wp-json\/wp\/v2\/comments?post=2806"}],"version-history":[{"count":8,"href":"https:\/\/accessibility.ecampusontario.ca\/fr\/wp-json\/wp\/v2\/pages\/2806\/revisions"}],"predecessor-version":[{"id":3304,"href":"https:\/\/accessibility.ecampusontario.ca\/fr\/wp-json\/wp\/v2\/pages\/2806\/revisions\/3304"}],"up":[{"embeddable":true,"href":"https:\/\/accessibility.ecampusontario.ca\/fr\/wp-json\/wp\/v2\/pages\/2768"}],"wp:attachment":[{"href":"https:\/\/accessibility.ecampusontario.ca\/fr\/wp-json\/wp\/v2\/media?parent=2806"}],"curies":[{"name":"wp","href":"https:\/\/api.w.org\/{rel}","templated":true}]}}