{"id":2771,"date":"2024-03-07T08:28:11","date_gmt":"2024-03-07T13:28:11","guid":{"rendered":"https:\/\/accessibility.ecampusontario.ca\/accessibilite-numerique\/modeles-et-directives\/"},"modified":"2024-03-21T11:05:07","modified_gmt":"2024-03-21T15:05:07","slug":"modeles-et-directives","status":"publish","type":"page","link":"https:\/\/accessibility.ecampusontario.ca\/fr\/accessibilite\/modeles-et-directives\/","title":{"rendered":"Mod\u00e8les et directives"},"content":{"rendered":"<p>[et_pb_section fb_built=\u00a0\u00bb1&Prime; fullwidth=\u00a0\u00bbon\u00a0\u00bb module_class=\u00a0\u00bbec-content\u00a0\u00bb _builder_version=\u00a0\u00bb4.23.4&Prime; _module_preset=\u00a0\u00bbdefault\u00a0\u00bb background_color=\u00a0\u00bbRGBA(255,255,255,0)\u00a0\u00bb global_colors_info=\u00a0\u00bb{}\u00a0\u00bb][et_pb_fullwidth_code _builder_version=\u00a0\u00bb4.23.4&Prime; _module_preset=\u00a0\u00bbdefault\u00a0\u00bb hover_enabled=\u00a0\u00bb0&Prime; global_colors_info=\u00a0\u00bb{}\u00a0\u00bb sticky_enabled=\u00a0\u00bb0&Prime;]<\/p>\n<div class=\"ec-banner-main\"><!-- [et_pb_line_break_holder] -->  <\/p>\n<div class=\"ec-banner-content\"><!-- [et_pb_line_break_holder] -->    <\/p>\n<h1>Mod\u00e8les et directives d&rsquo;accessibilit\u00e9<\/h1>\n<p><!-- [et_pb_line_break_holder] -->    <pee>Guides et mod\u00e8les \u00e9tape par \u00e9tape pour cr\u00e9er du contenu accessible dans diff\u00e9rents types de fichiers.<\/pee><!-- [et_pb_line_break_holder] -->  <\/div>\n<p><!-- [et_pb_line_break_holder] -->  <\/p>\n<div class=\"ec-banner-img\"><!-- [et_pb_line_break_holder] -->    <img decoding=\"async\" alt=\"\" src=\"\/wp-content\/uploads\/2024\/02\/templates-guidelines.jpg\"><!-- [et_pb_line_break_holder] -->  <\/div>\n<p><!-- [et_pb_line_break_holder] --><\/div>\n<p><!-- [et_pb_line_break_holder] --><\/p>\n<div class=\"ec-breadcrumbs\"><\/div>\n<p><!-- [et_pb_line_break_holder] --><\/p>\n<div class=\"ec-heading-row\"><!-- [et_pb_line_break_holder] -->  <\/p>\n<h2>Sujets<\/h2>\n<p><!-- [et_pb_line_break_holder] --><\/div>\n<p><!-- [et_pb_line_break_holder] --><\/p>\n<div class=\"ec-row\"><!-- [et_pb_line_break_holder] -->  <\/p>\n<div class=\"ec-col ec-col-1w\"><!-- [et_pb_line_break_holder] -->    <pee>Sur cette page, vous trouverez un d\u00e9p\u00f4t con\u00e7u pour permettre aux enseignants et aux cr\u00e9ateurs de contenu, de d\u00e9velopper des exp\u00e9riences num\u00e9riques accessibles. Ces guides \u00e9tape par \u00e9tape et ces mod\u00e8les de base pour les applications logicielles courantes, vous aideront \u00e0 int\u00e9grer de mani\u00e8re transparente, les meilleures pratiques en mati\u00e8re d&rsquo;accessibilit\u00e9 d\u00e8s le d\u00e9part.<\/pee><!-- [et_pb_line_break_holder] -->  <\/div>\n<p><!-- [et_pb_line_break_holder] --><\/div>\n<p><!-- [et_pb_line_break_holder] --><\/p>\n<nav id=\"subsections\" aria-label=\"Subsections\"><!-- [et_pb_line_break_holder] -->  <\/p>\n<ul class=\"ec-row ec-link-blocks\"><!-- [et_pb_line_break_holder] -->    <\/p>\n<li class=\"ec-col ec-col-3w\"><!-- [et_pb_line_break_holder] -->        <a class=\"ec-link-block\" href=\"\/fr\/accessibilite\/modeles-et-directives\/google-docs\/\"><!-- [et_pb_line_break_holder] -->\n<div class=\"ec-img\"><!-- [et_pb_line_break_holder] -->            <img decoding=\"async\" alt=\"\" src=\"\/wp-content\/uploads\/2024\/02\/docs-document-wht.png\" lang=\"en\"><!-- [et_pb_line_break_holder] -->          <\/div>\n<p><!-- [et_pb_line_break_holder] -->          <\/p>\n<div class=\"ec-label\" lang=\"en\">Google Docs<\/div>\n<p><!-- [et_pb_line_break_holder] -->        <\/a><!-- [et_pb_line_break_holder] -->    <\/li>\n<p><!-- [et_pb_line_break_holder] -->    <\/p>\n<li class=\"ec-col ec-col-3w\"><!-- [et_pb_line_break_holder] -->        <a class=\"ec-link-block\" href=\"\/fr\/accessibilite\/modeles-et-directives\/google-slides\/\" lang=\"en\"><!-- [et_pb_line_break_holder] -->\n<div class=\"ec-img\"><!-- [et_pb_line_break_holder] -->            <img decoding=\"async\" alt=\"\" src=\"\/wp-content\/uploads\/2024\/02\/slides-document-wht.png\"><!-- [et_pb_line_break_holder] -->          <\/div>\n<p><!-- [et_pb_line_break_holder] -->          <\/p>\n<div class=\"ec-label\" lang=\"en\">Google Slides<\/div>\n<p><!-- [et_pb_line_break_holder] -->        <\/a><!-- [et_pb_line_break_holder] -->    <\/li>\n<p><!-- [et_pb_line_break_holder] -->    <\/p>\n<li class=\"ec-col ec-col-3w\"><!-- [et_pb_line_break_holder] -->        <a class=\"ec-link-block\" href=\"\/fr\/accessibilite\/modeles-et-directives\/microsoft-word\/\" lang=\"en\"><!-- [et_pb_line_break_holder] -->\n<div class=\"ec-img\"><!-- [et_pb_line_break_holder] -->            <img decoding=\"async\" alt=\"\" src=\"\/wp-content\/uploads\/2024\/02\/word-document-wht.png\"><!-- [et_pb_line_break_holder] -->          <\/div>\n<p><!-- [et_pb_line_break_holder] -->          <\/p>\n<div class=\"ec-label\" lang=\"en\">Microsoft Word<\/div>\n<p><!-- [et_pb_line_break_holder] -->        <\/a><!-- [et_pb_line_break_holder] -->    <\/li>\n<p><!-- [et_pb_line_break_holder] -->    <\/p>\n<li class=\"ec-col ec-col-3w\"><!-- [et_pb_line_break_holder] -->        <a class=\"ec-link-block\" href=\"\/fr\/accessibilite\/modeles-et-directives\/microsoft-powerpoint\/\" lang=\"en\"><!-- [et_pb_line_break_holder] -->\n<div class=\"ec-img\"><!-- [et_pb_line_break_holder] -->            <img decoding=\"async\" alt=\"\" src=\"\/wp-content\/uploads\/2024\/02\/PPT-document-wht.png\"><!-- [et_pb_line_break_holder] -->          <\/div>\n<p><!-- [et_pb_line_break_holder] -->          <\/p>\n<div class=\"ec-label\" lang=\"en\">Microsoft PowerPoint<\/div>\n<p><!-- [et_pb_line_break_holder] -->        <\/a><!-- [et_pb_line_break_holder] -->    <\/li>\n<p><!-- [et_pb_line_break_holder] -->    <\/p>\n<li class=\"ec-col ec-col-3w\"><!-- [et_pb_line_break_holder] -->        <a class=\"ec-link-block\" href=\"\/fr\/accessibilite\/modeles-et-directives\/microsoft-excel\/\" lang=\"en\"><!-- [et_pb_line_break_holder] -->\n<div class=\"ec-img\"><!-- [et_pb_line_break_holder] -->            <img decoding=\"async\" alt=\"\" src=\"\/wp-content\/uploads\/2024\/02\/excel-document-wht.png\"><!-- [et_pb_line_break_holder] -->          <\/div>\n<p><!-- [et_pb_line_break_holder] -->          <\/p>\n<div class=\"ec-label\" lang=\"en\">Microsoft Excel<\/div>\n<p><!-- [et_pb_line_break_holder] -->        <\/a><!-- [et_pb_line_break_holder] -->    <\/li>\n<p><!-- [et_pb_line_break_holder] -->    <\/p>\n<li class=\"ec-col ec-col-3w\"><!-- [et_pb_line_break_holder] -->        <a class=\"ec-link-block\" href=\"\/fr\/accessibilite\/modeles-et-directives\/documents-pdf\/\"><!-- [et_pb_line_break_holder] -->\n<div class=\"ec-img\"><!-- [et_pb_line_break_holder] -->            <img decoding=\"async\" alt=\"\" src=\"\/wp-content\/uploads\/2024\/02\/PDF-document-wht.png\"><!-- [et_pb_line_break_holder] -->          <\/div>\n<p><!-- [et_pb_line_break_holder] -->          <\/p>\n<div class=\"ec-label\">Documents PDF<\/div>\n<p><!-- [et_pb_line_break_holder] -->        <\/a><!-- [et_pb_line_break_holder] -->    <\/li>\n<p><!-- [et_pb_line_break_holder] -->    <\/p>\n<li class=\"ec-col ec-col-3w\"><!-- [et_pb_line_break_holder] -->        <a class=\"ec-link-block\" href=\"\/fr\/accessibilite\/modeles-et-directives\/reunions-virtuelles\/\"><!-- [et_pb_line_break_holder] -->\n<div class=\"ec-img\"><!-- [et_pb_line_break_holder] -->            <img decoding=\"async\" alt=\"\" src=\"\/wp-content\/uploads\/2024\/02\/acc-virtual-meeting-wht-1.png\"><!-- [et_pb_line_break_holder] -->          <\/div>\n<p><!-- [et_pb_line_break_holder] -->          <\/p>\n<div class=\"ec-label\">R\u00e9unions virtuelles accessibles<\/div>\n<p><!-- [et_pb_line_break_holder] -->        <\/a><!-- [et_pb_line_break_holder] -->    <\/li>\n<p><!-- [et_pb_line_break_holder] -->  <\/ul>\n<p><!-- [et_pb_line_break_holder] --><\/nav>\n<p>[\/et_pb_fullwidth_code][\/et_pb_section]<\/p>\n","protected":false},"excerpt":{"rendered":"","protected":false},"author":1058,"featured_media":0,"parent":2726,"menu_order":0,"comment_status":"closed","ping_status":"closed","template":"","meta":{"_et_pb_use_builder":"on","_et_pb_old_content":"","_et_gb_content_width":"","footnotes":""},"class_list":["post-2771","page","type-page","status-publish","hentry"],"_links":{"self":[{"href":"https:\/\/accessibility.ecampusontario.ca\/fr\/wp-json\/wp\/v2\/pages\/2771","targetHints":{"allow":["GET"]}}],"collection":[{"href":"https:\/\/accessibility.ecampusontario.ca\/fr\/wp-json\/wp\/v2\/pages"}],"about":[{"href":"https:\/\/accessibility.ecampusontario.ca\/fr\/wp-json\/wp\/v2\/types\/page"}],"author":[{"embeddable":true,"href":"https:\/\/accessibility.ecampusontario.ca\/fr\/wp-json\/wp\/v2\/users\/1058"}],"replies":[{"embeddable":true,"href":"https:\/\/accessibility.ecampusontario.ca\/fr\/wp-json\/wp\/v2\/comments?post=2771"}],"version-history":[{"count":6,"href":"https:\/\/accessibility.ecampusontario.ca\/fr\/wp-json\/wp\/v2\/pages\/2771\/revisions"}],"predecessor-version":[{"id":3307,"href":"https:\/\/accessibility.ecampusontario.ca\/fr\/wp-json\/wp\/v2\/pages\/2771\/revisions\/3307"}],"up":[{"embeddable":true,"href":"https:\/\/accessibility.ecampusontario.ca\/fr\/wp-json\/wp\/v2\/pages\/2726"}],"wp:attachment":[{"href":"https:\/\/accessibility.ecampusontario.ca\/fr\/wp-json\/wp\/v2\/media?parent=2771"}],"curies":[{"name":"wp","href":"https:\/\/api.w.org\/{rel}","templated":true}]}}