{"id":2768,"date":"2024-03-07T08:27:39","date_gmt":"2024-03-07T13:27:39","guid":{"rendered":"https:\/\/accessibility.ecampusontario.ca\/accessibilite-numerique\/bonnes-pratiques\/"},"modified":"2024-03-21T11:24:35","modified_gmt":"2024-03-21T15:24:35","slug":"bonnes-pratiques","status":"publish","type":"page","link":"https:\/\/accessibility.ecampusontario.ca\/fr\/accessibilite\/bonnes-pratiques\/","title":{"rendered":"Bonnes pratiques"},"content":{"rendered":"<p>[et_pb_section fb_built=\u00a0\u00bb1&Prime; fullwidth=\u00a0\u00bbon\u00a0\u00bb module_class=\u00a0\u00bbec-content\u00a0\u00bb _builder_version=\u00a0\u00bb4.23.4&Prime; _module_preset=\u00a0\u00bbdefault\u00a0\u00bb background_color=\u00a0\u00bbRGBA(255,255,255,0)\u00a0\u00bb global_colors_info=\u00a0\u00bb{}\u00a0\u00bb][et_pb_fullwidth_code _builder_version=\u00a0\u00bb4.23.4&Prime; _module_preset=\u00a0\u00bbdefault\u00a0\u00bb hover_enabled=\u00a0\u00bb0&Prime; global_colors_info=\u00a0\u00bb{}\u00a0\u00bb sticky_enabled=\u00a0\u00bb0&Prime;]<\/p>\n<div class=\"ec-banner-main\"><!-- [et_pb_line_break_holder] -->  <\/p>\n<div class=\"ec-banner-content\"><!-- [et_pb_line_break_holder] -->    <\/p>\n<h1>Bonnes pratiques en mati\u00e8re d&rsquo;accessibilit\u00e9 num\u00e9rique<\/h1>\n<p><!-- [et_pb_line_break_holder] -->    <pee>Bonnes pratiques en mati\u00e8re d&rsquo;accessibilit\u00e9 num\u00e9rique lors de l&rsquo;utilisation de textes, d&rsquo;images et d&rsquo;autres m\u00e9dias.<\/pee><!-- [et_pb_line_break_holder] -->  <\/div>\n<p><!-- [et_pb_line_break_holder] -->  <\/p>\n<div class=\"ec-banner-img\"><!-- [et_pb_line_break_holder] -->    <img decoding=\"async\" alt=\"\" src=\"\/wp-content\/uploads\/2024\/02\/best-practices.jpg\"><!-- [et_pb_line_break_holder] -->  <\/div>\n<p><!-- [et_pb_line_break_holder] --><\/div>\n<p><!-- [et_pb_line_break_holder] --><\/p>\n<div class=\"ec-breadcrumbs\"><\/div>\n<p><!-- [et_pb_line_break_holder] --><\/p>\n<div class=\"ec-heading-row\"><!-- [et_pb_line_break_holder] -->  <\/p>\n<h2>Introduction<\/h2>\n<p><!-- [et_pb_line_break_holder] --><\/div>\n<p><!-- [et_pb_line_break_holder] --><\/p>\n<div class=\"ec-row\"><!-- [et_pb_line_break_holder] -->  <\/p>\n<div class=\"ec-col ec-col-1w\"><!-- [et_pb_line_break_holder] -->    <pee>Les pratiques d&rsquo;accessibilit\u00e9 pr\u00e9sentent une variabilit\u00e9 en fonction du contexte et sont en constante \u00e9volution. Reconnaissant l\u2019absence de solution universelle, nous reconnaissons que l\u2019accessibilit\u00e9 est un chemin nuanc\u00e9 et perp\u00e9tuel. Notre engagement s&rsquo;aligne sur les principes \u00e9tablis \u00e9nonc\u00e9s dans les lignes directrices pour l&rsquo;accessibilit\u00e9 du contenu Web (WCAG), qui constituent le fondement de notre mise en \u0153uvre de la <em>Loi sur l&rsquo;accessibilit\u00e9 pour les personnes handicap\u00e9es de l&rsquo;Ontario<\/em> (LAPHO) dans les environnements num\u00e9riques. Il est essentiel d&rsquo;appr\u00e9cier la diversit\u00e9 des exp\u00e9riences des personnes handicap\u00e9es, influenc\u00e9es par de nombreux facteurs. Par cons\u00e9quent, notre approche de l\u2019accessibilit\u00e9 doit \u00eatre contextuelle, continue, r\u00e9fl\u00e9chie et doit constamment prioriser les exp\u00e9riences des utilisateurs. La mise en \u0153uvre des meilleures pratiques d\u2019accessibilit\u00e9 d\u00e8s le d\u00e9but et tout au long du d\u00e9veloppement lors de la cr\u00e9ation de contenu num\u00e9rique est essentielle. En prenant en compte les consid\u00e9rations d&rsquo;accessibilit\u00e9 dans les \u00e9tapes initiales de conception et de d\u00e9veloppement, nous cr\u00e9ons une base accessible qui r\u00e9pond aux divers besoins de tous les utilisateurs, quelles que soient leurs capacit\u00e9s. Les pratiques d\u00e9crites dans les sujets suivants vous aideront \u00e0 atteindre ces objectifs dans le contenu num\u00e9rique que vous cr\u00e9ez.<\/pee><!-- [et_pb_line_break_holder] -->  <\/div>\n<p><!-- [et_pb_line_break_holder] --><\/div>\n<p><!-- [et_pb_line_break_holder] --><\/p>\n<section class=\"alternating-read-more-blocks\"><!-- [et_pb_line_break_holder] -->  <\/p>\n<div class=\"ec-heading-row\"><!-- [et_pb_line_break_holder] -->    <\/p>\n<h2>Sujets<\/h2>\n<p><!-- [et_pb_line_break_holder] -->  <\/div>\n<p><!-- [et_pb_line_break_holder] -->  <\/p>\n<div class=\"ec-row\"><!-- [et_pb_line_break_holder] -->    <\/p>\n<div class=\"ec-col-2w-float-left ec-hide-sm\"><!-- [et_pb_line_break_holder] -->      <img decoding=\"async\" alt=\"\" src=\"\/wp-content\/uploads\/2024\/02\/best-practices-1.jpg\"><!-- [et_pb_line_break_holder] -->    <\/div>\n<p><!-- [et_pb_line_break_holder] -->    <\/p>\n<div class=\"ec-col ec-col-2w\"><!-- [et_pb_line_break_holder] -->      <\/p>\n<h3>D\u00e9crire les images \u00e0 l&rsquo;aide du texte<\/h3>\n<p><!-- [et_pb_line_break_holder] -->      <pee>R\u00e9digez des descriptions textuelles alternatives pour les images de votre contenu num\u00e9rique.<\/pee><!-- [et_pb_line_break_holder] -->      <pee><a class=\"ec-more-link\" href=\"\/fr\/accessibilite\/bonnes-pratiques\/texte-de-remplacement\/\">En savoir plus<span class=\"visuallyhidden\"> \u00e0 propos des description d\u2019images \u00e0 l&rsquo;aide de texte<\/span><\/a><\/pee><!-- [et_pb_line_break_holder] -->    <\/div>\n<p><!-- [et_pb_line_break_holder] -->    <\/p>\n<div class=\"ec-col ec-col-2w\"><!-- [et_pb_line_break_holder] -->      <\/p>\n<h3>Choisissez les couleurs et le contraste avec soin<\/h3>\n<p><!-- [et_pb_line_break_holder] -->      <pee>S\u00e9lectionnez des couleurs qui offrent suffisamment de contraste et n\u2019utilisez pas uniquement la couleur pour transmettre des informations.<\/pee><!-- [et_pb_line_break_holder] -->      <pee><a class=\"ec-more-link\" href=\"\/fr\/accessibilite\/bonnes-pratiques\/couleurs\/\">En savoir plus<span class=\"visuallyhidden\"> \u00e0 propos de choisir les couleurs et le contraste avec soin<\/span><\/a><\/pee><!-- [et_pb_line_break_holder] -->    <\/div>\n<p><!-- [et_pb_line_break_holder] -->    <\/p>\n<div class=\"ec-col ec-col-2w\"><!-- [et_pb_line_break_holder] -->      <\/p>\n<h3>Structure avec titres et listes<\/h3>\n<p><!-- [et_pb_line_break_holder] -->      <pee>Utilisez diff\u00e9rents styles de titres et de listes pour vous aider \u00e0 organiser les informations en sections significatives et en une structure logique.<\/pee><!-- [et_pb_line_break_holder] -->      <pee><a class=\"ec-more-link\" href=\"\/fr\/accessibilite\/bonnes-pratiques\/titres-et-listes\/\">En savoir plus<span class=\"visuallyhidden\"> \u00e0 propos des structure avec titres et listes<\/span><\/a><\/pee><!-- [et_pb_line_break_holder] -->    <\/div>\n<p><!-- [et_pb_line_break_holder] -->    <\/p>\n<div class=\"ec-col ec-col-2w\"><!-- [et_pb_line_break_holder] -->      <\/p>\n<h3>Proposer des alternatives accessibles pour l&rsquo;audio\/video<\/h3>\n<p><!-- [et_pb_line_break_holder] -->      <pee>Utilisez des sous-titres pour fournir une version textuelle chronom\u00e9tr\u00e9e de la bande sonore.<\/pee><!-- [et_pb_line_break_holder] -->      <pee><a class=\"ec-more-link\" href=\"\/fr\/accessibilite\/bonnes-pratiques\/audio-video\/\">En savoir plus<span class=\"visuallyhidden\"> \u00e0 propos des alternatives accessibles pour l&rsquo;audio et le vid\u00e9o<\/span><\/a><\/pee><!-- [et_pb_line_break_holder] -->    <\/div>\n<p><!-- [et_pb_line_break_holder] -->    <\/p>\n<div class=\"ec-col-2w-float-right ec-hide-sm\"><!-- [et_pb_line_break_holder] -->      <img decoding=\"async\" alt=\"\" src=\"\/wp-content\/uploads\/2024\/02\/best-practices-2.jpg\"><!-- [et_pb_line_break_holder] -->    <\/div>\n<p><!-- [et_pb_line_break_holder] -->    <\/p>\n<div class=\"ec-col ec-col-2w\"><!-- [et_pb_line_break_holder] -->      <\/p>\n<h3>R\u00e9diger des descriptions pour les liens<\/h3>\n<p><!-- [et_pb_line_break_holder] -->      <pee>Utilisez un texte descriptif pour les hyperliens qui communique l&rsquo;objectif ou la fonction de l&rsquo;hyperlien dans le cadre du nom du lien.<\/pee><!-- [et_pb_line_break_holder] -->      <pee><a class=\"ec-more-link\" href=\"\/fr\/accessibilite\/bonnes-pratiques\/descriptions-pour-les-liens\/\">En savoir plus<span class=\"visuallyhidden\"> \u00e0 propos de la r\u00e9daction d&rsquo;un texte descriptif pour les liens<\/span><\/a><\/pee><!-- [et_pb_line_break_holder] -->    <\/div>\n<p><!-- [et_pb_line_break_holder] -->    <\/p>\n<div class=\"ec-col ec-col-2w\"><!-- [et_pb_line_break_holder] -->      <\/p>\n<h3>Rendre les formulaires num\u00e9riques accessibles<\/h3>\n<p><!-- [et_pb_line_break_holder] -->      <pee>Cr\u00e9ez des formulaires qui incluent des fonctionnalit\u00e9s telles que des champs \u00e9tiquet\u00e9s, une pr\u00e9sentation adaptable, des \u00e9l\u00e9ments group\u00e9s et des fonctionnalit\u00e9s de validation.<\/pee><!-- [et_pb_line_break_holder] -->      <pee><a class=\"ec-more-link\" href=\"\/fr\/accessibilite\/bonnes-pratiques\/formulaires\/\">En savoir plus<span class=\"visuallyhidden\"> \u00e0 propos de la n\u00e9cessit\u00e9 de rendre les formulaires num\u00e9riques accessibles<\/span><\/a><\/pee><!-- [et_pb_line_break_holder] -->    <\/div>\n<p><!-- [et_pb_line_break_holder] -->    <\/p>\n<div class=\"ec-col ec-col-2w\"><!-- [et_pb_line_break_holder] -->      <\/p>\n<h3>Rendre les \u00e9quations math\u00e9matiques accessibles<\/h3>\n<p><!-- [et_pb_line_break_holder] -->      <pee>Utilisez des outils qui rendent les \u00e9quations math\u00e9matiques et scientifiques accessibles.<\/pee><!-- [et_pb_line_break_holder] -->      <pee><a class=\"ec-more-link\" href=\"\/fr\/accessibilite\/bonnes-pratiques\/equations\/\">En savoir plus<span class=\"visuallyhidden\"> \u00e0 propos de rendre les \u00e9quations math\u00e9matiques plus accessibles<\/span><\/a><\/pee><!-- [et_pb_line_break_holder] -->    <\/div>\n<p><!-- [et_pb_line_break_holder] -->    <\/p>\n<div class=\"ec-col ec-col-2w\"><!-- [et_pb_line_break_holder] -->      <\/p>\n<h3>Rendre le contenu accessible au clavier<\/h3>\n<p><!-- [et_pb_line_break_holder] -->      <pee>Assurez-vous que tout le contenu peut \u00eatre accessible avec le clavier seul.<\/pee><!-- [et_pb_line_break_holder] -->      <pee><a class=\"ec-more-link\" href=\"\/fr\/accessibilite\/bonnes-pratiques\/clavier\/\">En savoir plus<span class=\"visuallyhidden\"> \u00e0 propos de rendre le contenu accessible pour les utilisateurs de clavier<\/span><\/a><\/pee><!-- [et_pb_line_break_holder] -->    <\/div>\n<p><!-- [et_pb_line_break_holder] -->    <\/p>\n<div class=\"ec-col ec-col-2w\"><!-- [et_pb_line_break_holder] -->      <\/p>\n<h3>Ressources pour les meilleures pratiques en mati\u00e8re d\u2019accessibilit\u00e9<\/h3>\n<p><!-- [et_pb_line_break_holder] -->      <pee>Liens, listes de contr\u00f4le et sources d\u2019informations additionnelles.<\/pee><!-- [et_pb_line_break_holder] -->      <pee><a class=\"ec-more-link\" href=\"\/fr\/accessibilite\/bonnes-pratiques\/ressources\/\">En savoir plus<span class=\"visuallyhidden\"> \u00e0 propos de ressources pour les meilleures pratiques en mati\u00e8re d&rsquo;accessibilit\u00e9<\/span><\/a><\/pee><!-- [et_pb_line_break_holder] -->    <\/div>\n<p><!-- [et_pb_line_break_holder] -->  <\/div>\n<p><!-- [et_pb_line_break_holder] --><\/section>\n<p>[\/et_pb_fullwidth_code][\/et_pb_section]<\/p>\n","protected":false},"excerpt":{"rendered":"","protected":false},"author":1058,"featured_media":0,"parent":2726,"menu_order":0,"comment_status":"closed","ping_status":"closed","template":"","meta":{"_et_pb_use_builder":"on","_et_pb_old_content":"","_et_gb_content_width":"","footnotes":""},"class_list":["post-2768","page","type-page","status-publish","hentry"],"_links":{"self":[{"href":"https:\/\/accessibility.ecampusontario.ca\/fr\/wp-json\/wp\/v2\/pages\/2768","targetHints":{"allow":["GET"]}}],"collection":[{"href":"https:\/\/accessibility.ecampusontario.ca\/fr\/wp-json\/wp\/v2\/pages"}],"about":[{"href":"https:\/\/accessibility.ecampusontario.ca\/fr\/wp-json\/wp\/v2\/types\/page"}],"author":[{"embeddable":true,"href":"https:\/\/accessibility.ecampusontario.ca\/fr\/wp-json\/wp\/v2\/users\/1058"}],"replies":[{"embeddable":true,"href":"https:\/\/accessibility.ecampusontario.ca\/fr\/wp-json\/wp\/v2\/comments?post=2768"}],"version-history":[{"count":8,"href":"https:\/\/accessibility.ecampusontario.ca\/fr\/wp-json\/wp\/v2\/pages\/2768\/revisions"}],"predecessor-version":[{"id":3312,"href":"https:\/\/accessibility.ecampusontario.ca\/fr\/wp-json\/wp\/v2\/pages\/2768\/revisions\/3312"}],"up":[{"embeddable":true,"href":"https:\/\/accessibility.ecampusontario.ca\/fr\/wp-json\/wp\/v2\/pages\/2726"}],"wp:attachment":[{"href":"https:\/\/accessibility.ecampusontario.ca\/fr\/wp-json\/wp\/v2\/media?parent=2768"}],"curies":[{"name":"wp","href":"https:\/\/api.w.org\/{rel}","templated":true}]}}