{"id":2754,"date":"2024-03-06T19:40:34","date_gmt":"2024-03-07T00:40:34","guid":{"rendered":"https:\/\/accessibility.ecampusontario.ca\/accessibilite-numerique\/accessibilite-de-base\/"},"modified":"2025-05-26T16:15:52","modified_gmt":"2025-05-26T20:15:52","slug":"bases","status":"publish","type":"page","link":"https:\/\/accessibility.ecampusontario.ca\/fr\/accessibilite\/bases\/","title":{"rendered":"Bases de l\u2019accessibilit\u00e9"},"content":{"rendered":"<p>[et_pb_section fb_built=\u00a0\u00bb1&Prime; fullwidth=\u00a0\u00bbon\u00a0\u00bb module_class=\u00a0\u00bbec-content\u00a0\u00bb _builder_version=\u00a0\u00bb4.23.4&Prime; _module_preset=\u00a0\u00bbdefault\u00a0\u00bb background_color=\u00a0\u00bbRGBA(255,255,255,0)\u00a0\u00bb global_colors_info=\u00a0\u00bb{}\u00a0\u00bb][et_pb_fullwidth_code _builder_version=\u00a0\u00bb4.23.4&Prime; _module_preset=\u00a0\u00bbdefault\u00a0\u00bb hover_enabled=\u00a0\u00bb0&Prime; global_colors_info=\u00a0\u00bb{}\u00a0\u00bb sticky_enabled=\u00a0\u00bb0&Prime;]<\/p>\n<div class=\"ec-banner-main\"><!-- [et_pb_line_break_holder] -->  <\/p>\n<div class=\"ec-banner-content\"><!-- [et_pb_line_break_holder] -->    <\/p>\n<h1><!-- [et_pb_line_break_holder] -->      Bases de l&rsquo;accessibilit\u00e9<!-- [et_pb_line_break_holder] -->    <\/h1>\n<p><!-- [et_pb_line_break_holder] -->    <pee>Exigences et normes l\u00e9gales, exp\u00e9riences utilisateur, achats, conception universelle pour l&rsquo;apprentissage et tests d&rsquo;accessibilit\u00e9.<\/pee><!-- [et_pb_line_break_holder] -->  <\/div>\n<p><!-- [et_pb_line_break_holder] -->  <\/p>\n<div class=\"ec-banner-img\"><!-- [et_pb_line_break_holder] -->    <img decoding=\"async\" alt=\"\" src=\"\/wp-content\/uploads\/2024\/02\/acc-basics.jpg\"><!-- [et_pb_line_break_holder] -->  <\/div>\n<p><!-- [et_pb_line_break_holder] --><\/div>\n<p><!-- [et_pb_line_break_holder] --><\/p>\n<div class=\"ec-breadcrumbs\"><\/div>\n<p><!-- [et_pb_line_break_holder] --><\/p>\n<div class=\"ec-heading-row\"><!-- [et_pb_line_break_holder] -->  <\/p>\n<h2>Introduction<\/h2>\n<p><!-- [et_pb_line_break_holder] --><\/div>\n<p><!-- [et_pb_line_break_holder] --><\/p>\n<div class=\"ec-row\"><!-- [et_pb_line_break_holder] -->  <\/p>\n<div class=\"ec-col ec-col-1w\"><!-- [et_pb_line_break_holder] -->    <pee>Tel que d\u00e9fini dans \u00ab\u00a0<a class=\"ec-external-link\" href=\"https:\/\/www.ontario.ca\/fr\/page\/elaboration-de-propositions-de-normes-pour-leducation-postsecondaire-rapport-de-recommandations-final-2022#section-13\">les recommandations propos\u00e9es pour l&rsquo;\u00e9ducation postsecondaire<\/a>\u00a0\u00bb, l&rsquo;accessibilit\u00e9 fait r\u00e9f\u00e9rence au degr\u00e9 de facilit\u00e9 avec laquelle quelque chose (par exemple, un appareil, un service, un environnement physique et des informations) peut \u00eatre accessible, utilis\u00e9 et appr\u00e9ci\u00e9 par les personnes en situation d\u2019handicap. Le terme implique une planification consciente, une conception et\/ou des efforts pour s&rsquo;assurer que quelque chose est sans barri\u00e8re pour les personnes en situation d\u2019handicap. L&rsquo;accessibilit\u00e9 profite \u00e9galement \u00e0 la population g\u00e9n\u00e9rale, en rendant les choses plus utilisables et pratiques pour tout le monde, y compris les personnes \u00e2g\u00e9es et les familles avec de jeunes enfants (Commission des droits de la personne de l&rsquo;Ontario). En adoptant l&rsquo;accessibilit\u00e9, non seulement on favorise l&rsquo;inclusivit\u00e9, mais on am\u00e9liore \u00e9galement l&rsquo;exp\u00e9rience utilisateur globale pour un public diversifi\u00e9.<\/pee><!-- [et_pb_line_break_holder] -->  <\/div>\n<p><!-- [et_pb_line_break_holder] --><\/div>\n<p><!-- [et_pb_line_break_holder] --><\/p>\n<section class=\"alternating-read-more-blocks\"><!-- [et_pb_line_break_holder] -->  <\/p>\n<div class=\"ec-heading-row\"><!-- [et_pb_line_break_holder] -->    <\/p>\n<h2><!-- [et_pb_line_break_holder] -->      Sujets<!-- [et_pb_line_break_holder] -->    <\/h2>\n<p><!-- [et_pb_line_break_holder] -->  <\/div>\n<p><!-- [et_pb_line_break_holder] -->  <\/p>\n<div class=\"ec-row\"><!-- [et_pb_line_break_holder] -->    <\/p>\n<div class=\"ec-col-2w-float-left ec-hide-sm\"><!-- [et_pb_line_break_holder] -->      <img decoding=\"async\" alt=\"\" src=\"\/wp-content\/uploads\/2024\/02\/acc-basics-1.jpg\"><!-- [et_pb_line_break_holder] -->    <\/div>\n<p><!-- [et_pb_line_break_holder] -->    <\/p>\n<div class=\"ec-col ec-col-2w\"><!-- [et_pb_line_break_holder] -->      <\/p>\n<h3>Introduction au handicap<\/h3>\n<p><!-- [et_pb_line_break_holder] -->      <pee>D\u00e9couvrez les types d\u2019handicaps et la mani\u00e8re dont les personnes handicap\u00e9es per\u00e7oivent le contenu num\u00e9rique.<\/pee><!-- [et_pb_line_break_holder] -->      <pee><a class=\"ec-more-link\" href=\"https:\/\/accessibility.ecampusontario.ca\/fr\/accessibilite\/bases\/introduction-au-handicap\/\">En savoir plus<span class=\"visuallyhidden\"> \u00e0 propos du handicap<\/span><\/a><\/pee><!-- [et_pb_line_break_holder] -->    <\/div>\n<p><!-- [et_pb_line_break_holder] -->    <\/p>\n<div class=\"ec-col ec-col-2w\"><!-- [et_pb_line_break_holder] -->      <\/p>\n<h3>Exigences l\u00e9gales<\/h3>\n<p><!-- [et_pb_line_break_holder] -->      <pee>Apprenez-en davantage sur les exigences l\u00e9gales relatives \u00e0 l&rsquo;accessibilit\u00e9 du contenu num\u00e9rique en vertu de la <em>Loi sur l&rsquo;accessibilit\u00e9 pour les personnes handicap\u00e9es de l&rsquo;Ontario<\/em> et du Code des droits de la personne de l&rsquo;Ontario.<\/pee><!-- [et_pb_line_break_holder] -->      <pee><a class=\"ec-more-link\" href=\"https:\/\/accessibility.ecampusontario.ca\/fr\/accessibilite\/bases\/exigences-legales\/\">En savoir plus<span class=\"visuallyhidden\"> \u00e0 propos des exigences l\u00e9gales<\/span><\/a><\/pee><!-- [et_pb_line_break_holder] -->    <\/div>\n<p><!-- [et_pb_line_break_holder] -->      <\/p>\n<div class=\"ec-col ec-col-2w\"><!-- [et_pb_line_break_holder] -->      <\/p>\n<h3>R\u00e9pertoire des exp\u00e9riences v\u00e9cues<\/h3>\n<p><!-- [et_pb_line_break_holder] -->      <pee>Ce recueil rassemble des t\u00e9moignages d\u2019\u00e9tudiant\u00b7e\u00b7s, d\u2019enseignant\u00b7e\u00b7s et de membres du personnel, qui explorent leur parcours dans les diff\u00e9rents \u00e9tablissements d\u2019enseignement.<\/pee><!-- [et_pb_line_break_holder] -->      <pee><a class=\"ec-more-link\" href=\"https:\/\/accessibility.ecampusontario.ca\/fr\/lived-experience-repository\/\">En savoir plus<span class=\"visuallyhidden\"> \u00e0 propos des exp\u00e9riences utilisateur<\/span><\/a><\/pee><!-- [et_pb_line_break_holder] -->    <\/div>\n<p><!-- [et_pb_line_break_holder] -->    <\/p>\n<div class=\"ec-col ec-col-2w\"><!-- [et_pb_line_break_holder] -->      <\/p>\n<h3>Exp\u00e9riences utilisateur<\/h3>\n<p><!-- [et_pb_line_break_holder] -->      <pee>Obtenez un aper\u00e7u des obstacles et des pr\u00e9f\u00e9rences courants des utilisateurs qui d\u00e9couvrent le contenu num\u00e9rique de diverses mani\u00e8res.<\/pee><!-- [et_pb_line_break_holder] -->      <pee><a class=\"ec-more-link\" href=\"https:\/\/accessibility.ecampusontario.ca\/fr\/accessibilite\/bases\/experiences-utilisateur\/\">En savoir plus<span class=\"visuallyhidden\"> \u00e0 propos des exp\u00e9riences utilisateur<\/span><\/a><\/pee><!-- [et_pb_line_break_holder] -->    <\/div>\n<p><!-- [et_pb_line_break_holder] -->    <\/p>\n<div class=\"ec-col-2w-float-right ec-hide-sm\"><!-- [et_pb_line_break_holder] -->      <img decoding=\"async\" alt=\"\" src=\"\/wp-content\/uploads\/2024\/02\/acc-basics-2.jpg\"><!-- [et_pb_line_break_holder] -->    <\/div>\n<p><!-- [et_pb_line_break_holder] -->    <\/p>\n<div class=\"ec-col ec-col-2w\"><!-- [et_pb_line_break_holder] -->      <\/p>\n<h3>Acquisition de contenu accessible<\/h3>\n<p><!-- [et_pb_line_break_holder] -->      <pee>Lignes directrices et listes de contr\u00f4le pour l&rsquo;acquisition de contenus num\u00e9riques accessibles et de services de d\u00e9veloppement.<\/pee><!-- [et_pb_line_break_holder] -->      <pee><a class=\"ec-more-link\" href=\"https:\/\/accessibility.ecampusontario.ca\/fr\/accessibilite\/bases\/acquisition-de-contenu-accessible\/\">En savoir plus<span class=\"visuallyhidden\"> \u00e0 propos de l\u2019acquisition de contenu accessible<\/span><\/a><\/pee><!-- [et_pb_line_break_holder] -->    <\/div>\n<p><!-- [et_pb_line_break_holder] -->    <\/p>\n<div class=\"ec-col ec-col-2w\"><!-- [et_pb_line_break_holder] -->      <\/p>\n<h3>Conception universelle pour l&rsquo;apprentissage (CUA)<\/h3>\n<p><!-- [et_pb_line_break_holder] -->      <pee>Lignes directrices et ressources pour aider les instructeurs \/ enseignants \u00e0 int\u00e9grer les principes de la CUA dans leurs environnements d&rsquo;apprentissage.<\/pee><!-- [et_pb_line_break_holder] -->      <pee><a class=\"ec-more-link\" href=\"https:\/\/accessibility.ecampusontario.ca\/fr\/accessibilite\/bases\/cua\/\">En savoir plus<span class=\"visuallyhidden\"> \u00e0 propos du langage de conception universel pour l&rsquo;apprentissage<\/span><\/a><\/pee><!-- [et_pb_line_break_holder] -->    <\/div>\n<p><!-- [et_pb_line_break_holder] -->    <\/p>\n<div class=\"ec-col ec-col-2w\"><!-- [et_pb_line_break_holder] -->      <\/p>\n<h3>Testing<\/h3>\n<p><!-- [et_pb_line_break_holder] -->      <pee>Directives et listes de contr\u00f4le pour tester le contenu afin de garantir l\u2019accessibilit\u00e9.<\/pee><!-- [et_pb_line_break_holder] -->      <pee><a class=\"ec-more-link\" href=\"https:\/\/accessibility.ecampusontario.ca\/fr\/accessibilite\/bases\/testing\/\">En savoir plus<span class=\"visuallyhidden\"> \u00e0 propos des tests d&rsquo;accessibilit\u00e9<\/span><\/a><\/pee><!-- [et_pb_line_break_holder] -->    <\/div>\n<p><!-- [et_pb_line_break_holder] -->   <\/div>\n<p><!-- [et_pb_line_break_holder] --><\/section>\n<p>[\/et_pb_fullwidth_code][\/et_pb_section]<\/p>\n","protected":false},"excerpt":{"rendered":"","protected":false},"author":1058,"featured_media":0,"parent":2726,"menu_order":0,"comment_status":"closed","ping_status":"closed","template":"","meta":{"_et_pb_use_builder":"on","_et_pb_old_content":"","_et_gb_content_width":"","footnotes":""},"class_list":["post-2754","page","type-page","status-publish","hentry"],"_links":{"self":[{"href":"https:\/\/accessibility.ecampusontario.ca\/fr\/wp-json\/wp\/v2\/pages\/2754","targetHints":{"allow":["GET"]}}],"collection":[{"href":"https:\/\/accessibility.ecampusontario.ca\/fr\/wp-json\/wp\/v2\/pages"}],"about":[{"href":"https:\/\/accessibility.ecampusontario.ca\/fr\/wp-json\/wp\/v2\/types\/page"}],"author":[{"embeddable":true,"href":"https:\/\/accessibility.ecampusontario.ca\/fr\/wp-json\/wp\/v2\/users\/1058"}],"replies":[{"embeddable":true,"href":"https:\/\/accessibility.ecampusontario.ca\/fr\/wp-json\/wp\/v2\/comments?post=2754"}],"version-history":[{"count":22,"href":"https:\/\/accessibility.ecampusontario.ca\/fr\/wp-json\/wp\/v2\/pages\/2754\/revisions"}],"predecessor-version":[{"id":3624,"href":"https:\/\/accessibility.ecampusontario.ca\/fr\/wp-json\/wp\/v2\/pages\/2754\/revisions\/3624"}],"up":[{"embeddable":true,"href":"https:\/\/accessibility.ecampusontario.ca\/fr\/wp-json\/wp\/v2\/pages\/2726"}],"wp:attachment":[{"href":"https:\/\/accessibility.ecampusontario.ca\/fr\/wp-json\/wp\/v2\/media?parent=2754"}],"curies":[{"name":"wp","href":"https:\/\/api.w.org\/{rel}","templated":true}]}}