{"id":2726,"date":"2024-03-06T18:54:01","date_gmt":"2024-03-06T23:54:01","guid":{"rendered":"https:\/\/accessibility.ecampusontario.ca\/accessibilite-numerique\/"},"modified":"2025-04-01T10:06:26","modified_gmt":"2025-04-01T14:06:26","slug":"accessibilite","status":"publish","type":"page","link":"https:\/\/accessibility.ecampusontario.ca\/fr\/","title":{"rendered":"Accessibilit\u00e9 num\u00e9rique"},"content":{"rendered":"<p>[et_pb_section fb_built=\u00a0\u00bb1&Prime; fullwidth=\u00a0\u00bbon\u00a0\u00bb module_class=\u00a0\u00bbec-content\u00a0\u00bb _builder_version=\u00a0\u00bb4.23.4&Prime; _module_preset=\u00a0\u00bbdefault\u00a0\u00bb background_color=\u00a0\u00bbRGBA(255,255,255,0)\u00a0\u00bb global_colors_info=\u00a0\u00bb{}\u00a0\u00bb][et_pb_fullwidth_code _builder_version=\u00a0\u00bb4.23.4&Prime; _module_preset=\u00a0\u00bbdefault\u00a0\u00bb hover_enabled=\u00a0\u00bb0&Prime; global_colors_info=\u00a0\u00bb{}\u00a0\u00bb sticky_enabled=\u00a0\u00bb0&Prime;]<\/p>\n<div class=\"ec-banner-main\"><!-- [et_pb_line_break_holder] -->  <\/p>\n<div class=\"ec-banner-content\"><!-- [et_pb_line_break_holder] -->    <\/p>\n<h1><!-- [et_pb_line_break_holder] -->      Accessibilit\u00e9 num\u00e9rique <!-- [et_pb_line_break_holder] -->    <\/h1>\n<p><!-- [et_pb_line_break_holder] -->    <pee style=\"font-weight:bold;\"><!-- [et_pb_line_break_holder] -->      Orientation et direction pour l&rsquo;adoption, le d\u00e9veloppement et l&rsquo;acquisition de contenu num\u00e9rique et de technologie accessible.<!-- [et_pb_line_break_holder] -->    <\/pee><!-- [et_pb_line_break_holder] --><!-- [et_pb_line_break_holder] -->  <\/div>\n<p><!-- [et_pb_line_break_holder] -->  <\/p>\n<div class=\"ec-banner-img\"><!-- [et_pb_line_break_holder] -->    <img decoding=\"async\" alt=\"\" src=\"\/wp-content\/uploads\/2024\/02\/landing-page-banner.jpg\"><!-- [et_pb_line_break_holder] -->  <\/div>\n<p><!-- [et_pb_line_break_holder] --><\/div>\n<p><!-- [et_pb_line_break_holder] --><\/p>\n<div class=\"ec-breadcrumbs\"><\/div>\n<p><!-- [et_pb_line_break_holder] --><\/p>\n<div class=\"ec-heading-row\"><!-- [et_pb_line_break_holder] -->  <\/p>\n<h2><!-- [et_pb_line_break_holder] -->    Introduction \u00e0 l&rsquo;accessibilit\u00e9 num\u00e9rique<!-- [et_pb_line_break_holder] -->  <\/h2>\n<p><!-- [et_pb_line_break_holder] --><\/div>\n<p><!-- [et_pb_line_break_holder] --><\/p>\n<div class=\"ec-row\"><!-- [et_pb_line_break_holder] -->  <\/p>\n<div class=\"ec-col ec-col-1w\"><!-- [et_pb_line_break_holder] -->    <pee><!-- [et_pb_line_break_holder] -->      eCampusOntario se consacre \u00e0 donner aux \u00e9tablissements ontariens les moyens de cr\u00e9er un contenu num\u00e9rique accessible et inclusif pour tous les utilisateurs. L\u2019accessibilit\u00e9 est un principe fondamental pour garantir l\u2019inclusivit\u00e9 et l\u2019\u00e9galit\u00e9 des chances pour tous les individus, quelles que soient leurs capacit\u00e9s physiques ou cognitives. Adopter l\u2019accessibilit\u00e9 n\u2019est pas seulement une question de conformit\u00e9; il s&rsquo;agit de c\u00e9l\u00e9brer la diversit\u00e9 des exp\u00e9riences et de cr\u00e9er des environnements dans lesquels chacun peut contribuer de mani\u00e8re significative.<!-- [et_pb_line_break_holder] -->    <\/pee><!-- [et_pb_line_break_holder] -->    <pee><!-- [et_pb_line_break_holder] -->\t\t\tIl est essentiel de reconna\u00eetre qu&rsquo;un handicap n&rsquo;est pas une condition statique limit\u00e9e \u00e0 un groupe sp\u00e9cifique; cela fait plut\u00f4t partie de l\u2019exp\u00e9rience humaine qui peut affecter n\u2019importe qui, \u00e0 n\u2019importe quand au courant de la vie. Cela souligne l&rsquo;importance d&rsquo;incorporer des principes de conception inclusifs et de mettre en \u0153uvre des mesures d&rsquo;accessibilit\u00e9 en tant qu&rsquo;\u00e9l\u00e9ments essentiels dans la construction d&rsquo;une soci\u00e9t\u00e9 universellement accessible.<!-- [et_pb_line_break_holder] -->    <\/pee><!-- [et_pb_line_break_holder] -->    <pee><!-- [et_pb_line_break_holder] -->      Les \u00e9tablissements postsecondaires sont confront\u00e9s \u00e0 des d\u00e9fis uniques pour assurer l\u2019accessibilit\u00e9 \u00e0 tous les \u00e9tudiants, enseignants et membres du personnel. Ces d\u00e9fis vont des barri\u00e8res physiques aux probl\u00e8mes d\u2019accessibilit\u00e9 du contenu num\u00e9rique. La diversit\u00e9 des handicaps rencontr\u00e9s dans les \u00e9tablissements d&rsquo;enseignement postsecondaires n\u00e9cessite une approche multiforme, mettant l&rsquo;accent sur la responsabilit\u00e9 et la collaboration essentielles pour ex\u00e9cuter efficacement les exigences d&rsquo;accessibilit\u00e9. Chez eCampusOntario, nous souhaitons contribuer activement \u00e0 cette approche en vous fournissant un ensemble complet de ressources, facilitant une initiation en douceur dans le parcours de mise en \u0153uvre de l&rsquo;accessibilit\u00e9.<!-- [et_pb_line_break_holder] -->    <\/pee><!-- [et_pb_line_break_holder] -->    <pee><!-- [et_pb_line_break_holder] -->      <strong>Veuillez noter\u00a0:<\/strong> tout au long de ce site, nous avons utilis\u00e9 un langage qui privil\u00e9gie la personne. Cependant, nous tenons \u00e0 reconna\u00eetre que certaines personnes pr\u00e9f\u00e8rent un langage ax\u00e9 sur le handicap. Il est important de se rappeler qu\u2019il est pr\u00e9f\u00e9rable de se demander quelle approche est privil\u00e9gi\u00e9e lors de la communication avec les personnes au sujet du handicap.<!-- [et_pb_line_break_holder] -->    <\/pee><!-- [et_pb_line_break_holder] -->  <\/div>\n<p><!-- [et_pb_line_break_holder] --><\/div>\n<p><!-- [et_pb_line_break_holder] --><\/p>\n<nav id=\"subsections\" aria-label=\"Subsections\"><!-- [et_pb_line_break_holder] -->  <\/p>\n<ul class=\"ec-row ec-link-blocks\"><!-- [et_pb_line_break_holder] -->    <\/p>\n<li class=\"ec-col ec-col-4w\"><!-- [et_pb_line_break_holder] -->      <a class=\"ec-link-block\" href=\"https:\/\/accessibility.ecampusontario.ca\/fr\/accessibilite\/bases\/\"><!-- [et_pb_line_break_holder] -->\n<div class=\"ec-img\"><!-- [et_pb_line_break_holder] -->          <img decoding=\"async\" alt=\"\" src=\"\/wp-content\/uploads\/2024\/02\/icon-intro-accessibility-bg.png\"><!-- [et_pb_line_break_holder] -->        <\/div>\n<p><!-- [et_pb_line_break_holder] -->        <\/p>\n<div class=\"ec-label\"><!-- [et_pb_line_break_holder] -->          Bases de l&rsquo;accessibilit\u00e9<!-- [et_pb_line_break_holder] -->        <\/div>\n<p><!-- [et_pb_line_break_holder] -->      <\/a><!-- [et_pb_line_break_holder] -->    <\/li>\n<p><!-- [et_pb_line_break_holder] -->    <\/p>\n<li class=\"ec-col ec-col-4w\"><!-- [et_pb_line_break_holder] -->      <a class=\"ec-link-block\" href=\"https:\/\/accessibility.ecampusontario.ca\/fr\/accessibilite\/bonnes-pratiques\/\"><!-- [et_pb_line_break_holder] -->\n<div class=\"ec-img\"><!-- [et_pb_line_break_holder] -->          <img decoding=\"async\" alt=\"\" src=\"\/wp-content\/uploads\/2024\/02\/icon-acc-best-practices-bg.png\"><!-- [et_pb_line_break_holder] -->        <\/div>\n<p><!-- [et_pb_line_break_holder] -->        <\/p>\n<div class=\"ec-label\"><!-- [et_pb_line_break_holder] -->          Bonnes pratiques<!-- [et_pb_line_break_holder] -->        <\/div>\n<p><!-- [et_pb_line_break_holder] -->      <\/a><!-- [et_pb_line_break_holder] -->    <\/li>\n<p><!-- [et_pb_line_break_holder] -->    <\/p>\n<li class=\"ec-col ec-col-4w\"><!-- [et_pb_line_break_holder] -->      <a class=\"ec-link-block\" href=\"https:\/\/accessibility.ecampusontario.ca\/fr\/accessibilite\/modeles-et-directives\/\"><!-- [et_pb_line_break_holder] -->\n<div class=\"ec-img\"><!-- [et_pb_line_break_holder] -->          <img decoding=\"async\" alt=\"\" src=\"\/wp-content\/uploads\/2024\/02\/icon-acc-digital-docs-bg.png\"><!-- [et_pb_line_break_holder] -->        <\/div>\n<p><!-- [et_pb_line_break_holder] -->        <\/p>\n<div class=\"ec-label\"><!-- [et_pb_line_break_holder] -->          Mod\u00e8les et directives<!-- [et_pb_line_break_holder] -->        <\/div>\n<p><!-- [et_pb_line_break_holder] -->      <\/a><!-- [et_pb_line_break_holder] -->    <\/li>\n<p><!-- [et_pb_line_break_holder] -->    <\/p>\n<li class=\"ec-col ec-col-4w\"><!-- [et_pb_line_break_holder] -->      <a class=\"ec-link-block\" href=\"https:\/\/accessibility.ecampusontario.ca\/fr\/accessibilite\/ressources\/\"><!-- [et_pb_line_break_holder] -->\n<div class=\"ec-img\"><!-- [et_pb_line_break_holder] -->          <img decoding=\"async\" alt=\"\" src=\"\/wp-content\/uploads\/2024\/02\/icon-resources-bg.png\"><!-- [et_pb_line_break_holder] -->        <\/div>\n<p><!-- [et_pb_line_break_holder] -->        <\/p>\n<div class=\"ec-label\"><!-- [et_pb_line_break_holder] -->          Ressources<!-- [et_pb_line_break_holder] -->        <\/div>\n<p><!-- [et_pb_line_break_holder] -->      <\/a><!-- [et_pb_line_break_holder] -->    <\/li>\n<p><!-- [et_pb_line_break_holder] -->  <\/ul>\n<p><!-- [et_pb_line_break_holder] --><\/nav>\n<p><!-- [et_pb_line_break_holder] --><\/p>\n<div class=\"ec-row ec-tangerine-lt ec-row-img-right\"><!-- [et_pb_line_break_holder] -->  <\/p>\n<div class=\"ec-col ec-col-2w\"><!-- [et_pb_line_break_holder] -->    <\/p>\n<h2 class=\"eco-h2\"><!-- [et_pb_line_break_holder] -->      Bo\u00eete \u00e0 outils d\u2019accessibilit\u00e9<!-- [et_pb_line_break_holder] -->    <\/h2>\n<p><!-- [et_pb_line_break_holder] -->    <pee><!-- [et_pb_line_break_holder] -->      <strong>Bo\u00eete \u00e0 outils d\u2019accessibilit\u00e9<\/strong> de eCampusOntario d\u00e9crit les normes, les m\u00e9thodes et les pratiques pour d\u00e9velopper du contenu num\u00e9rique accessible. La ressource est structur\u00e9e en quatre parties : comprendre l&rsquo;accessibilit\u00e9 num\u00e9rique, les lois et les normes en pratique, l&rsquo;accessibilit\u00e9 dans le d\u00e9veloppement et l&rsquo;approvisionnement, et tester le contenu. La bo\u00eete \u00e0 outils propose \u00e9galement des ressources et des conseils pour naviguer dans la conformit\u00e9 \u00e0 la LAPHO.<!-- [et_pb_line_break_holder] -->    <\/pee><!-- [et_pb_line_break_holder] -->    <pee class=\"button-p\"><!-- [et_pb_line_break_holder] -->      <a class=\"et_pb_button\" href=\"https:\/\/ecampusontario.pressbooks.pub\/digitalaccessibilitytoolkit\/\">Bo\u00eete \u00e0 outils d\u2019accessibilit\u00e9<!\u2013- [et_pb_br_holder] -\u2013>(Offert en anglais seulement)<\/a><!-- [et_pb_line_break_holder] -->    <\/pee><!-- [et_pb_line_break_holder] -->  <\/div>\n<p><!-- [et_pb_line_break_holder] -->  <\/p>\n<div class=\"ec-col ec-col-2w ec-col-img\"><!-- [et_pb_line_break_holder] -->    <img decoding=\"async\" alt=\"\" src=\"\/wp-content\/uploads\/2024\/02\/landing-page-bottom-scaled.jpg\"><!-- [et_pb_line_break_holder] -->  <\/div>\n<p><!-- [et_pb_line_break_holder] --><\/div>\n<p>[\/et_pb_fullwidth_code][\/et_pb_section]<\/p>\n","protected":false},"excerpt":{"rendered":"","protected":false},"author":1058,"featured_media":0,"parent":0,"menu_order":0,"comment_status":"closed","ping_status":"closed","template":"","meta":{"_et_pb_use_builder":"on","_et_pb_old_content":"","_et_gb_content_width":"","footnotes":""},"class_list":["post-2726","page","type-page","status-publish","hentry"],"_links":{"self":[{"href":"https:\/\/accessibility.ecampusontario.ca\/fr\/wp-json\/wp\/v2\/pages\/2726","targetHints":{"allow":["GET"]}}],"collection":[{"href":"https:\/\/accessibility.ecampusontario.ca\/fr\/wp-json\/wp\/v2\/pages"}],"about":[{"href":"https:\/\/accessibility.ecampusontario.ca\/fr\/wp-json\/wp\/v2\/types\/page"}],"author":[{"embeddable":true,"href":"https:\/\/accessibility.ecampusontario.ca\/fr\/wp-json\/wp\/v2\/users\/1058"}],"replies":[{"embeddable":true,"href":"https:\/\/accessibility.ecampusontario.ca\/fr\/wp-json\/wp\/v2\/comments?post=2726"}],"version-history":[{"count":41,"href":"https:\/\/accessibility.ecampusontario.ca\/fr\/wp-json\/wp\/v2\/pages\/2726\/revisions"}],"predecessor-version":[{"id":3374,"href":"https:\/\/accessibility.ecampusontario.ca\/fr\/wp-json\/wp\/v2\/pages\/2726\/revisions\/3374"}],"wp:attachment":[{"href":"https:\/\/accessibility.ecampusontario.ca\/fr\/wp-json\/wp\/v2\/media?parent=2726"}],"curies":[{"name":"wp","href":"https:\/\/api.w.org\/{rel}","templated":true}]}}